{"id":371,"date":"2019-05-14T12:06:38","date_gmt":"2019-05-14T09:06:38","guid":{"rendered":"https:\/\/www.eino.eu\/?post_type=product&#038;p=371"},"modified":"2026-04-15T09:28:20","modified_gmt":"2026-04-15T06:28:20","slug":"eino-lukulasit-punainen-soft-niskaremmi","status":"publish","type":"product","link":"https:\/\/www.eino.eu\/sv\/produkt\/eino-lukulasit-punainen-soft-niskaremmi\/","title":{"rendered":"EINO-l\u00e4sglas\u00f6gon (r\u00f6d, mjuk nackrem)"},"content":{"rendered":"<p>Stilrena och l\u00e4ttanv\u00e4nda EINO\u00ae-l\u00e4sglas\u00f6gon med mjuk nackrem och magnetl\u00e5s!<\/p>\n<p>EINO\u00ae-glas\u00f6gonen \u00e4r tillverkade av material som t\u00e5l daglig anv\u00e4ndning och slitage, och levereras med en stilren skyddsp\u00e5se. Produkten \u00e4r CE-godk\u00e4nd.<\/p>","protected":false},"excerpt":{"rendered":"<p>Stilrena och l\u00e4ttanv\u00e4nda EINO\u00ae-l\u00e4sglas\u00f6gon med mjuk nackrem och magnetl\u00e5s!<\/p>\n<p>EINO\u00ae-glas\u00f6gonen \u00e4r tillverkade av material som t\u00e5l daglig anv\u00e4ndning och slitage, och levereras med en stilren skyddsp\u00e5se. Produkten \u00e4r CE-godk\u00e4nd.<\/p>\n<p><strong>Produktnamn<\/strong> ERSN1022 &#8211; 1028<br \/>\n<strong>Rammens f\u00e4rg:<\/strong> R\u00f6d<br \/>\n<strong>Fodralets f\u00e4rg<\/strong> R\u00f6d<br \/>\n<strong>Nackrem:<\/strong> R\u00f6d, mujk<br \/>\n<strong>Tillg\u00e4ngliga styrkor:<\/strong> 1 &#8211; 1,5 &#8211; 2 &#8211; 2,5 &#8211; 3 &#8211; 3,5 -4<\/p>","protected":false},"author":1,"featured_media":337,"comment_status":"open","ping_status":"closed","template":"","meta":{"_uag_custom_page_level_css":"","advgb_blocks_editor_width":"","advgb_blocks_columns_visual_guide":"","site-sidebar-layout":"default","site-content-layout":"","ast-site-content-layout":"default","site-content-style":"default","site-sidebar-style":"default","ast-global-header-display":"","ast-banner-title-visibility":"","ast-main-header-display":"","ast-hfb-above-header-display":"","ast-hfb-below-header-display":"","ast-hfb-mobile-header-display":"","site-post-title":"","ast-breadcrumbs-content":"","ast-featured-img":"","footer-sml-layout":"","ast-disable-related-posts":"","theme-transparent-header-meta":"default","adv-header-id-meta":"","stick-header-meta":"default","header-above-stick-meta":"","header-main-stick-meta":"","header-below-stick-meta":"","astra-migrate-meta-layouts":"set","ast-page-background-enabled":"default","ast-page-background-meta":{"desktop":{"background-color":"var(--ast-global-color-4)","background-image":"","background-repeat":"repeat","background-position":"center center","background-size":"auto","background-attachment":"scroll","background-type":"","background-media":"","overlay-type":"","overlay-color":"","overlay-opacity":"","overlay-gradient":""},"tablet":{"background-color":"","background-image":"","background-repeat":"repeat","background-position":"center center","background-size":"auto","background-attachment":"scroll","background-type":"","background-media":"","overlay-type":"","overlay-color":"","overlay-opacity":"","overlay-gradient":""},"mobile":{"background-color":"","background-image":"","background-repeat":"repeat","background-position":"center center","background-size":"auto","background-attachment":"scroll","background-type":"","background-media":"","overlay-type":"","overlay-color":"","overlay-opacity":"","overlay-gradient":""}},"ast-content-background-meta":{"desktop":{"background-color":"var(--ast-global-color-5)","background-image":"","background-repeat":"repeat","background-position":"center center","background-size":"auto","background-attachment":"scroll","background-type":"","background-media":"","overlay-type":"","overlay-color":"","overlay-opacity":"","overlay-gradient":""},"tablet":{"background-color":"var(--ast-global-color-5)","background-image":"","background-repeat":"repeat","background-position":"center center","background-size":"auto","background-attachment":"scroll","background-type":"","background-media":"","overlay-type":"","overlay-color":"","overlay-opacity":"","overlay-gradient":""},"mobile":{"background-color":"var(--ast-global-color-5)","background-image":"","background-repeat":"repeat","background-position":"center center","background-size":"auto","background-attachment":"scroll","background-type":"","background-media":"","overlay-type":"","overlay-color":"","overlay-opacity":"","overlay-gradient":""}}},"product_brand":[],"product_cat":[17],"product_tag":[],"class_list":{"0":"post-371","1":"product","2":"type-product","3":"status-publish","4":"has-post-thumbnail","6":"product_cat-lukulasit","7":"desktop-align-left","8":"tablet-align-left","9":"mobile-align-left","10":"ast-product-gallery-layout-horizontal-slider","11":"ast-product-single-variable","12":"ast-product-tabs-layout-horizontal","13":"ast-qv-on-image","15":"first","16":"instock","17":"taxable","18":"shipping-taxable","19":"purchasable","20":"product-type-variable"},"yoast_head":"<!-- This site is optimized with the Yoast SEO plugin v27.4 - https:\/\/yoast.com\/product\/yoast-seo-wordpress\/ -->\n<title>EINO-lukulasit (punainen, soft niskaremmi) - EINO-VERKKOKAUPPA<\/title>\n<meta name=\"description\" content=\"Tyylikk\u00e4\u00e4t ja helppok\u00e4ytt\u00f6iset EINO-lukulasit soft-niskaremmill\u00e4 ja magneettilukituksella! EINO\u00ae -laseissa on kulutusta hyvin kest\u00e4v\u00e4t materiaalit.\" \/>\n<meta name=\"robots\" content=\"index, follow, max-snippet:-1, max-image-preview:large, max-video-preview:-1\" \/>\n<link rel=\"canonical\" href=\"https:\/\/www.eino.eu\/sv\/produkt\/eino-lukulasit-punainen-soft-niskaremmi\/\" \/>\n<meta property=\"og:locale\" content=\"sv_SE\" \/>\n<meta property=\"og:type\" content=\"article\" \/>\n<meta property=\"og:title\" content=\"EINO-lukulasit (punainen, soft niskaremmi) - EINO-VERKKOKAUPPA\" \/>\n<meta property=\"og:description\" content=\"Tyylikk\u00e4\u00e4t ja helppok\u00e4ytt\u00f6iset EINO-lukulasit soft-niskaremmill\u00e4 ja magneettilukituksella! EINO\u00ae -laseissa on kulutusta hyvin kest\u00e4v\u00e4t materiaalit.\" \/>\n<meta property=\"og:url\" content=\"https:\/\/www.eino.eu\/sv\/produkt\/eino-lukulasit-punainen-soft-niskaremmi\/\" \/>\n<meta property=\"og:site_name\" content=\"EINO-VERKKOKAUPPA\" \/>\n<meta property=\"article:publisher\" content=\"https:\/\/www.facebook.com\/Eino.eu\" \/>\n<meta property=\"article:modified_time\" content=\"2026-04-15T06:28:20+00:00\" \/>\n<meta property=\"og:image\" content=\"https:\/\/www.eino.eu\/wp-content\/uploads\/2019\/05\/EINOLUKULASIT__EBSN_1022_1028_3.jpg\" \/>\n\t<meta property=\"og:image:width\" content=\"1000\" \/>\n\t<meta property=\"og:image:height\" content=\"1000\" \/>\n\t<meta property=\"og:image:type\" content=\"image\/jpeg\" \/>\n<meta name=\"twitter:card\" content=\"summary_large_image\" \/>\n<meta name=\"twitter:label1\" content=\"Ber\u00e4knad l\u00e4stid\" \/>\n\t<meta name=\"twitter:data1\" content=\"1 minut\" \/>\n<script type=\"application\/ld+json\" class=\"yoast-schema-graph\">{\"@context\":\"https:\\\/\\\/schema.org\",\"@graph\":[{\"@type\":\"WebPage\",\"@id\":\"https:\\\/\\\/www.eino.eu\\\/tuote\\\/eino-lukulasit-punainen-soft-niskaremmi\\\/\",\"url\":\"https:\\\/\\\/www.eino.eu\\\/tuote\\\/eino-lukulasit-punainen-soft-niskaremmi\\\/\",\"name\":\"EINO-lukulasit (punainen, soft niskaremmi) - EINO-VERKKOKAUPPA\",\"isPartOf\":{\"@id\":\"https:\\\/\\\/www.eino.eu\\\/#website\"},\"primaryImageOfPage\":{\"@id\":\"https:\\\/\\\/www.eino.eu\\\/tuote\\\/eino-lukulasit-punainen-soft-niskaremmi\\\/#primaryimage\"},\"image\":{\"@id\":\"https:\\\/\\\/www.eino.eu\\\/tuote\\\/eino-lukulasit-punainen-soft-niskaremmi\\\/#primaryimage\"},\"thumbnailUrl\":\"https:\\\/\\\/www.eino.eu\\\/wp-content\\\/uploads\\\/2019\\\/05\\\/EINOLUKULASIT__EBSN_1022_1028_3.jpg\",\"datePublished\":\"2019-05-14T09:06:38+00:00\",\"dateModified\":\"2026-04-15T06:28:20+00:00\",\"description\":\"Tyylikk\u00e4\u00e4t ja helppok\u00e4ytt\u00f6iset EINO-lukulasit soft-niskaremmill\u00e4 ja magneettilukituksella! EINO\u00ae -laseissa on kulutusta hyvin kest\u00e4v\u00e4t materiaalit.\",\"breadcrumb\":{\"@id\":\"https:\\\/\\\/www.eino.eu\\\/tuote\\\/eino-lukulasit-punainen-soft-niskaremmi\\\/#breadcrumb\"},\"inLanguage\":\"sv-SE\",\"potentialAction\":[{\"@type\":\"ReadAction\",\"target\":[\"https:\\\/\\\/www.eino.eu\\\/tuote\\\/eino-lukulasit-punainen-soft-niskaremmi\\\/\"]}]},{\"@type\":\"ImageObject\",\"inLanguage\":\"sv-SE\",\"@id\":\"https:\\\/\\\/www.eino.eu\\\/tuote\\\/eino-lukulasit-punainen-soft-niskaremmi\\\/#primaryimage\",\"url\":\"https:\\\/\\\/www.eino.eu\\\/wp-content\\\/uploads\\\/2019\\\/05\\\/EINOLUKULASIT__EBSN_1022_1028_3.jpg\",\"contentUrl\":\"https:\\\/\\\/www.eino.eu\\\/wp-content\\\/uploads\\\/2019\\\/05\\\/EINOLUKULASIT__EBSN_1022_1028_3.jpg\",\"width\":1000,\"height\":1000,\"caption\":\"EINO-lukulasit\"},{\"@type\":\"BreadcrumbList\",\"@id\":\"https:\\\/\\\/www.eino.eu\\\/tuote\\\/eino-lukulasit-punainen-soft-niskaremmi\\\/#breadcrumb\",\"itemListElement\":[{\"@type\":\"ListItem\",\"position\":1,\"name\":\"Etusivu\",\"item\":\"https:\\\/\\\/www.eino.eu\\\/\"},{\"@type\":\"ListItem\",\"position\":2,\"name\":\"Kauppa\",\"item\":\"https:\\\/\\\/www.eino.eu\\\/kauppa\\\/\"},{\"@type\":\"ListItem\",\"position\":3,\"name\":\"EINO-lukulasit (punainen, soft niskaremmi)\"}]},{\"@type\":\"WebSite\",\"@id\":\"https:\\\/\\\/www.eino.eu\\\/#website\",\"url\":\"https:\\\/\\\/www.eino.eu\\\/\",\"name\":\"EINO-VERKKOKAUPPA\",\"description\":\"Aina laadukkaita tuotteita kilpailukykyisin hinnoin.\",\"publisher\":{\"@id\":\"https:\\\/\\\/www.eino.eu\\\/#organization\"},\"potentialAction\":[{\"@type\":\"SearchAction\",\"target\":{\"@type\":\"EntryPoint\",\"urlTemplate\":\"https:\\\/\\\/www.eino.eu\\\/?s={search_term_string}\"},\"query-input\":{\"@type\":\"PropertyValueSpecification\",\"valueRequired\":true,\"valueName\":\"search_term_string\"}}],\"inLanguage\":\"sv-SE\"},{\"@type\":\"Organization\",\"@id\":\"https:\\\/\\\/www.eino.eu\\\/#organization\",\"name\":\"EINO-VERKKOKAUPPA\",\"url\":\"https:\\\/\\\/www.eino.eu\\\/\",\"logo\":{\"@type\":\"ImageObject\",\"inLanguage\":\"sv-SE\",\"@id\":\"https:\\\/\\\/www.eino.eu\\\/#\\\/schema\\\/logo\\\/image\\\/\",\"url\":\"https:\\\/\\\/www.eino.eu\\\/wp-content\\\/uploads\\\/2019\\\/02\\\/cropped-eino300-4.png\",\"contentUrl\":\"https:\\\/\\\/www.eino.eu\\\/wp-content\\\/uploads\\\/2019\\\/02\\\/cropped-eino300-4.png\",\"width\":300,\"height\":300,\"caption\":\"EINO-VERKKOKAUPPA\"},\"image\":{\"@id\":\"https:\\\/\\\/www.eino.eu\\\/#\\\/schema\\\/logo\\\/image\\\/\"},\"sameAs\":[\"https:\\\/\\\/www.facebook.com\\\/Eino.eu\",\"https:\\\/\\\/www.instagram.com\\\/original_eino\\\/\"]}]}<\/script>\n<!-- \/ Yoast SEO plugin. -->","yoast_head_json":{"title":"EINO-lukulasit (punainen, soft niskaremmi) - EINO-VERKKOKAUPPA","description":"Tyylikk\u00e4\u00e4t ja helppok\u00e4ytt\u00f6iset EINO-lukulasit soft-niskaremmill\u00e4 ja magneettilukituksella! EINO\u00ae -laseissa on kulutusta hyvin kest\u00e4v\u00e4t materiaalit.","robots":{"index":"index","follow":"follow","max-snippet":"max-snippet:-1","max-image-preview":"max-image-preview:large","max-video-preview":"max-video-preview:-1"},"canonical":"https:\/\/www.eino.eu\/sv\/produkt\/eino-lukulasit-punainen-soft-niskaremmi\/","og_locale":"sv_SE","og_type":"article","og_title":"EINO-lukulasit (punainen, soft niskaremmi) - EINO-VERKKOKAUPPA","og_description":"Tyylikk\u00e4\u00e4t ja helppok\u00e4ytt\u00f6iset EINO-lukulasit soft-niskaremmill\u00e4 ja magneettilukituksella! EINO\u00ae -laseissa on kulutusta hyvin kest\u00e4v\u00e4t materiaalit.","og_url":"https:\/\/www.eino.eu\/sv\/produkt\/eino-lukulasit-punainen-soft-niskaremmi\/","og_site_name":"EINO-VERKKOKAUPPA","article_publisher":"https:\/\/www.facebook.com\/Eino.eu","article_modified_time":"2026-04-15T06:28:20+00:00","og_image":[{"width":1000,"height":1000,"url":"https:\/\/www.eino.eu\/wp-content\/uploads\/2019\/05\/EINOLUKULASIT__EBSN_1022_1028_3.jpg","type":"image\/jpeg"}],"twitter_card":"summary_large_image","twitter_misc":{"Ber\u00e4knad l\u00e4stid":"1 minut"},"schema":{"@context":"https:\/\/schema.org","@graph":[{"@type":"WebPage","@id":"https:\/\/www.eino.eu\/tuote\/eino-lukulasit-punainen-soft-niskaremmi\/","url":"https:\/\/www.eino.eu\/tuote\/eino-lukulasit-punainen-soft-niskaremmi\/","name":"EINO-lukulasit (punainen, soft niskaremmi) - EINO-VERKKOKAUPPA","isPartOf":{"@id":"https:\/\/www.eino.eu\/#website"},"primaryImageOfPage":{"@id":"https:\/\/www.eino.eu\/tuote\/eino-lukulasit-punainen-soft-niskaremmi\/#primaryimage"},"image":{"@id":"https:\/\/www.eino.eu\/tuote\/eino-lukulasit-punainen-soft-niskaremmi\/#primaryimage"},"thumbnailUrl":"https:\/\/www.eino.eu\/wp-content\/uploads\/2019\/05\/EINOLUKULASIT__EBSN_1022_1028_3.jpg","datePublished":"2019-05-14T09:06:38+00:00","dateModified":"2026-04-15T06:28:20+00:00","description":"Tyylikk\u00e4\u00e4t ja helppok\u00e4ytt\u00f6iset EINO-lukulasit soft-niskaremmill\u00e4 ja magneettilukituksella! EINO\u00ae -laseissa on kulutusta hyvin kest\u00e4v\u00e4t materiaalit.","breadcrumb":{"@id":"https:\/\/www.eino.eu\/tuote\/eino-lukulasit-punainen-soft-niskaremmi\/#breadcrumb"},"inLanguage":"sv-SE","potentialAction":[{"@type":"ReadAction","target":["https:\/\/www.eino.eu\/tuote\/eino-lukulasit-punainen-soft-niskaremmi\/"]}]},{"@type":"ImageObject","inLanguage":"sv-SE","@id":"https:\/\/www.eino.eu\/tuote\/eino-lukulasit-punainen-soft-niskaremmi\/#primaryimage","url":"https:\/\/www.eino.eu\/wp-content\/uploads\/2019\/05\/EINOLUKULASIT__EBSN_1022_1028_3.jpg","contentUrl":"https:\/\/www.eino.eu\/wp-content\/uploads\/2019\/05\/EINOLUKULASIT__EBSN_1022_1028_3.jpg","width":1000,"height":1000,"caption":"EINO-lukulasit"},{"@type":"BreadcrumbList","@id":"https:\/\/www.eino.eu\/tuote\/eino-lukulasit-punainen-soft-niskaremmi\/#breadcrumb","itemListElement":[{"@type":"ListItem","position":1,"name":"Etusivu","item":"https:\/\/www.eino.eu\/"},{"@type":"ListItem","position":2,"name":"Kauppa","item":"https:\/\/www.eino.eu\/kauppa\/"},{"@type":"ListItem","position":3,"name":"EINO-lukulasit (punainen, soft niskaremmi)"}]},{"@type":"WebSite","@id":"https:\/\/www.eino.eu\/#website","url":"https:\/\/www.eino.eu\/","name":"EINO-VERKKOKAUPPA","description":"Aina laadukkaita tuotteita kilpailukykyisin hinnoin.","publisher":{"@id":"https:\/\/www.eino.eu\/#organization"},"potentialAction":[{"@type":"SearchAction","target":{"@type":"EntryPoint","urlTemplate":"https:\/\/www.eino.eu\/?s={search_term_string}"},"query-input":{"@type":"PropertyValueSpecification","valueRequired":true,"valueName":"search_term_string"}}],"inLanguage":"sv-SE"},{"@type":"Organization","@id":"https:\/\/www.eino.eu\/#organization","name":"EINO-VERKKOKAUPPA","url":"https:\/\/www.eino.eu\/","logo":{"@type":"ImageObject","inLanguage":"sv-SE","@id":"https:\/\/www.eino.eu\/#\/schema\/logo\/image\/","url":"https:\/\/www.eino.eu\/wp-content\/uploads\/2019\/02\/cropped-eino300-4.png","contentUrl":"https:\/\/www.eino.eu\/wp-content\/uploads\/2019\/02\/cropped-eino300-4.png","width":300,"height":300,"caption":"EINO-VERKKOKAUPPA"},"image":{"@id":"https:\/\/www.eino.eu\/#\/schema\/logo\/image\/"},"sameAs":["https:\/\/www.facebook.com\/Eino.eu","https:\/\/www.instagram.com\/original_eino\/"]}]}},"uagb_featured_image_src":{"full":["https:\/\/www.eino.eu\/wp-content\/uploads\/2019\/05\/EINOLUKULASIT__EBSN_1022_1028_3.jpg",1000,1000,false],"thumbnail":["https:\/\/www.eino.eu\/wp-content\/uploads\/2019\/05\/EINOLUKULASIT__EBSN_1022_1028_3-150x150.jpg",150,150,true],"medium":["https:\/\/www.eino.eu\/wp-content\/uploads\/2019\/05\/EINOLUKULASIT__EBSN_1022_1028_3-300x300.jpg",300,300,true],"medium_large":["https:\/\/www.eino.eu\/wp-content\/uploads\/2019\/05\/EINOLUKULASIT__EBSN_1022_1028_3-768x768.jpg",768,768,true],"large":["https:\/\/www.eino.eu\/wp-content\/uploads\/2019\/05\/EINOLUKULASIT__EBSN_1022_1028_3.jpg",1000,1000,false],"1536x1536":["https:\/\/www.eino.eu\/wp-content\/uploads\/2019\/05\/EINOLUKULASIT__EBSN_1022_1028_3.jpg",1000,1000,false],"2048x2048":["https:\/\/www.eino.eu\/wp-content\/uploads\/2019\/05\/EINOLUKULASIT__EBSN_1022_1028_3.jpg",1000,1000,false],"trp-custom-language-flag":["https:\/\/www.eino.eu\/wp-content\/uploads\/2019\/05\/EINOLUKULASIT__EBSN_1022_1028_3.jpg",12,12,false],"woocommerce_thumbnail":["https:\/\/www.eino.eu\/wp-content\/uploads\/2019\/05\/EINOLUKULASIT__EBSN_1022_1028_3-300x300.jpg",300,300,true],"woocommerce_single":["https:\/\/www.eino.eu\/wp-content\/uploads\/2019\/05\/EINOLUKULASIT__EBSN_1022_1028_3-600x600.jpg",600,600,true],"woocommerce_gallery_thumbnail":["https:\/\/www.eino.eu\/wp-content\/uploads\/2019\/05\/EINOLUKULASIT__EBSN_1022_1028_3-100x100.jpg",100,100,true]},"uagb_author_info":{"display_name":"mediaadmin","author_link":"https:\/\/www.eino.eu\/sv\/author\/mediaadmin\/"},"uagb_comment_info":0,"uagb_excerpt":"Tyylikk\u00e4\u00e4t ja helppok\u00e4ytt\u00f6iset EINO\u00ae -lukulasit soft-niskaremmill\u00e4 ja magneettilukituksella! EINO\u00ae -laseissa on p\u00e4ivitt\u00e4ist\u00e4 k\u00e4ytt\u00f6\u00e4 ja kulutusta hyvin kest\u00e4v\u00e4t materiaalit ja lasien mukana toimitetaan tyylik\u00e4s suojapussi. Tuote on CE-hyv\u00e4ksytty. Tuotenimi: ERSN1022 - 1028 Kehyksen v\u00e4ri: Punainen Kotelon v\u00e4ri: Punainen Niskaremmi: Punainen, soft Saatavilla olevat vahvuudet: 1 - 1,5 - 2 - 2,5 - 3 - 3,5 -4","featured_img":"https:\/\/www.eino.eu\/wp-content\/uploads\/2019\/05\/EINOLUKULASIT__EBSN_1022_1028_3.jpg","coauthors":[],"author_meta":{"author_link":"https:\/\/www.eino.eu\/sv\/author\/mediaadmin\/","display_name":"mediaadmin"},"relative_dates":{"created":"Publicerad 7 \u00e5r sedan","modified":"Uppdaterad 3 dagar sedan"},"absolute_dates":{"created":"Publicerat den 14.5.2019","modified":"Uppdaterad den 15.4.2026"},"absolute_dates_time":{"created":"Publicerat den 14.5.2019 12:06","modified":"Uppdaterad den 15.4.2026 09:28"},"featured_img_caption":"","tax_additional":{"product_brand":{"linked":[],"unlinked":[],"slug":"product_brand","name":"Varum\u00e4rken"},"product_type":{"linked":["<a href=\"https:\/\/www.eino.eu\/sv\/?taxonomy=product_type&#038;term=variable\" class=\"advgb-post-tax-term\">variable<\/a>"],"unlinked":["<span class=\"advgb-post-tax-term\">variable<\/span>"],"slug":"product_type","name":"Produkttyp"},"product_visibility":{"linked":[],"unlinked":[],"slug":"product_visibility","name":"Produktsynlighet"},"product_cat":{"linked":["<a href=\"https:\/\/www.eino.eu\/sv\/produkt-kategori\/original-eino-tuotteet\/lukulasit\/\" class=\"advgb-post-tax-term\">Lukulasit<\/a>"],"unlinked":["<span class=\"advgb-post-tax-term\">Lukulasit<\/span>"],"slug":"product_cat","name":"Produktkategorier"},"product_tag":{"linked":[],"unlinked":[],"slug":"product_tag","name":"Produktetiketter"},"product_shipping_class":{"linked":[],"unlinked":[],"slug":"product_shipping_class","name":"Fraktklasser f\u00f6r produkt"},"pos_product_visibility":{"linked":[],"unlinked":[],"slug":"pos_product_visibility","name":"POS-produktsynlighet"}},"series_order":"","jetpack_sharing_enabled":true,"_links":{"self":[{"href":"https:\/\/www.eino.eu\/sv\/wp-json\/wp\/v2\/product\/371","targetHints":{"allow":["GET"]}}],"collection":[{"href":"https:\/\/www.eino.eu\/sv\/wp-json\/wp\/v2\/product"}],"about":[{"href":"https:\/\/www.eino.eu\/sv\/wp-json\/wp\/v2\/types\/product"}],"replies":[{"embeddable":true,"href":"https:\/\/www.eino.eu\/sv\/wp-json\/wp\/v2\/comments?post=371"}],"wp:featuredmedia":[{"embeddable":true,"href":"https:\/\/www.eino.eu\/sv\/wp-json\/wp\/v2\/media\/337"}],"wp:attachment":[{"href":"https:\/\/www.eino.eu\/sv\/wp-json\/wp\/v2\/media?parent=371"}],"wp:term":[{"taxonomy":"product_brand","embeddable":true,"href":"https:\/\/www.eino.eu\/sv\/wp-json\/wp\/v2\/product_brand?post=371"},{"taxonomy":"product_cat","embeddable":true,"href":"https:\/\/www.eino.eu\/sv\/wp-json\/wp\/v2\/product_cat?post=371"},{"taxonomy":"product_tag","embeddable":true,"href":"https:\/\/www.eino.eu\/sv\/wp-json\/wp\/v2\/product_tag?post=371"}],"curies":[{"name":"wp","href":"https:\/\/api.w.org\/{rel}","templated":true}]}}