{"id":2435,"date":"2026-05-07T17:39:24","date_gmt":"2026-05-07T14:39:24","guid":{"rendered":"https:\/\/www.eino.eu\/?post_type=product&#038;p=2435"},"modified":"2026-05-07T18:52:30","modified_gmt":"2026-05-07T15:52:30","slug":"ptp-400","status":"publish","type":"product","link":"https:\/\/www.eino.eu\/sv\/produkt\/ptp-400\/","title":{"rendered":"PTP-400"},"content":{"rendered":"<p>PTP-400 betonipilarin korkeus on 400mm ja jalan mitat ovat 450mm X 450mm, pilarin paino on noin 55kg. Soveltuu kevyempien rakennusten tukipilariksi,\u00a0 saunoihin, terasseihin ja piharakennuksiin.<\/p>\n<p>Pilarin p\u00e4\u00e4ss\u00e4 sis\u00e4kierre johon sopii M20 pultti.<\/p>\n<p>Kaikki PTP-pilarimme on valmistettu 100% suomessa ja tehty kest\u00e4m\u00e4\u00e4n. Pilarimme soveltuvat muun muassa meilt\u00e4 l\u00f6ytyvien piharakennusten perustuksiin ( mm.PTP-200)<\/p>","protected":false},"excerpt":{"rendered":"<h2 data-section-id=\"1b5hb1z\" data-start=\"81\" data-end=\"134\">PROPILARI \u2013 kotimainen, CE-merkitty perustuspilari<\/h2>\n<p data-start=\"136\" data-end=\"253\">PROPILARI on kotimainen ja CE-merkitty kantava rakenneosa, joka tarjoaa nopean ja luotettavan ratkaisun perustuksiin.<\/p>\n<p data-start=\"255\" data-end=\"293\">Se soveltuu erinomaisesti esimerkiksi:<\/p>\n<ul data-start=\"294\" data-end=\"393\">\n<li data-section-id=\"eqnw6e\" data-start=\"294\" data-end=\"314\">piharakennuksiin<\/li>\n<li data-section-id=\"1pv6akp\" data-start=\"315\" data-end=\"332\">kes\u00e4m\u00f6kkeihin<\/li>\n<li data-section-id=\"1lc85aa\" data-start=\"333\" data-end=\"348\">varastoihin<\/li>\n<li data-section-id=\"psiegh\" data-start=\"349\" data-end=\"366\">autotalleihin<\/li>\n<li data-section-id=\"16te072\" data-start=\"367\" data-end=\"393\">terassien perustuksiin<\/li>\n<\/ul>\n<p data-start=\"395\" data-end=\"612\">Kaikki PROPILARI-tuotteet toimitetaan t\u00e4ysin asennusvalmiina. Pilarit on varustettu M20-kierteell\u00e4, johon voidaan helposti kiinnitt\u00e4\u00e4 erilaisia rakenteeseen sopivia ter\u00e4sosia, kuten pilarikenki\u00e4 ja muita kiinnikkeit\u00e4.<\/p>\n<p data-start=\"614\" data-end=\"699\">Asennus on nopeaa, helppoa ja kustannustehokasta \u2013 ilman monimutkaisia perustust\u00f6it\u00e4.<\/p>\n<p data-start=\"701\" data-end=\"919\">Ennen asennusta tulee varmistaa rakennuspaikan soveltuvuus, tehd\u00e4 tarvittavat routaeristykset, tarkistaa maapohjan kantavuus sek\u00e4 tehd\u00e4 tarvittavat pohjaty\u00f6t. T\u00e4m\u00e4n j\u00e4lkeen perustusten toteutus k\u00e4y sujuvasti PROPILARI-perustuspilareilla<\/p>\n<p data-start=\"701\" data-end=\"919\">Lavalla 20kpl<\/p>\n<p data-start=\"701\" data-end=\"919\">Betoni C30\/37 s\u00e4\u00e4nkest\u00e4v\u00e4<\/p>\n<p data-start=\"701\" data-end=\"919\">Suunnittelu k\u00e4ytt\u00f6ik\u00e4 50v<\/p>\n<p data-start=\"701\" data-end=\"919\">Rasitusluokka XF1, XC3<\/p>\n<p data-start=\"701\" data-end=\"919\">","protected":false},"author":5,"featured_media":2612,"comment_status":"open","ping_status":"closed","template":"","meta":{"_uag_custom_page_level_css":"","advgb_blocks_editor_width":"","advgb_blocks_columns_visual_guide":"","site-sidebar-layout":"default","site-content-layout":"","ast-site-content-layout":"default","site-content-style":"default","site-sidebar-style":"default","ast-global-header-display":"","ast-banner-title-visibility":"","ast-main-header-display":"","ast-hfb-above-header-display":"","ast-hfb-below-header-display":"","ast-hfb-mobile-header-display":"","site-post-title":"","ast-breadcrumbs-content":"","ast-featured-img":"","footer-sml-layout":"","ast-disable-related-posts":"","theme-transparent-header-meta":"default","adv-header-id-meta":"","stick-header-meta":"default","header-above-stick-meta":"","header-main-stick-meta":"","header-below-stick-meta":"","astra-migrate-meta-layouts":"set","ast-page-background-enabled":"default","ast-page-background-meta":{"desktop":{"background-color":"var(--ast-global-color-4)","background-image":"","background-repeat":"repeat","background-position":"center center","background-size":"auto","background-attachment":"scroll","background-type":"","background-media":"","overlay-type":"","overlay-color":"","overlay-opacity":"","overlay-gradient":""},"tablet":{"background-color":"","background-image":"","background-repeat":"repeat","background-position":"center center","background-size":"auto","background-attachment":"scroll","background-type":"","background-media":"","overlay-type":"","overlay-color":"","overlay-opacity":"","overlay-gradient":""},"mobile":{"background-color":"","background-image":"","background-repeat":"repeat","background-position":"center center","background-size":"auto","background-attachment":"scroll","background-type":"","background-media":"","overlay-type":"","overlay-color":"","overlay-opacity":"","overlay-gradient":""}},"ast-content-background-meta":{"desktop":{"background-color":"var(--ast-global-color-5)","background-image":"","background-repeat":"repeat","background-position":"center center","background-size":"auto","background-attachment":"scroll","background-type":"","background-media":"","overlay-type":"","overlay-color":"","overlay-opacity":"","overlay-gradient":""},"tablet":{"background-color":"var(--ast-global-color-5)","background-image":"","background-repeat":"repeat","background-position":"center center","background-size":"auto","background-attachment":"scroll","background-type":"","background-media":"","overlay-type":"","overlay-color":"","overlay-opacity":"","overlay-gradient":""},"mobile":{"background-color":"var(--ast-global-color-5)","background-image":"","background-repeat":"repeat","background-position":"center center","background-size":"auto","background-attachment":"scroll","background-type":"","background-media":"","overlay-type":"","overlay-color":"","overlay-opacity":"","overlay-gradient":""}}},"product_brand":[],"product_cat":[137],"product_tag":[],"class_list":{"0":"post-2435","1":"product","2":"type-product","3":"status-publish","4":"has-post-thumbnail","6":"product_cat-perustuspilarit","7":"desktop-align-left","8":"tablet-align-left","9":"mobile-align-left","10":"ast-product-gallery-layout-horizontal-slider","11":"ast-product-tabs-layout-horizontal","12":"ast-qv-on-image","14":"first","15":"instock","16":"taxable","17":"shipping-taxable","18":"purchasable","19":"product-type-simple"},"yoast_head":"<!-- This site is optimized with the Yoast SEO plugin v27.5 - https:\/\/yoast.com\/product\/yoast-seo-wordpress\/ -->\n<title>PTP-400 - EINO-VERKKOKAUPPA<\/title>\n<meta name=\"description\" content=\"PTP-400 pilari on t\u00e4ysin kotimainen ja kest\u00e4v\u00e4 tukipilari saunoihin, terasseihin ja piharakennuksiin. Pilarin korkeus 400mm ja jalan mitat 450mm X 450mm\" \/>\n<meta name=\"robots\" content=\"index, follow, max-snippet:-1, max-image-preview:large, max-video-preview:-1\" \/>\n<link rel=\"canonical\" href=\"https:\/\/www.eino.eu\/sv\/produkt\/ptp-400\/\" \/>\n<meta property=\"og:locale\" content=\"sv_SE\" \/>\n<meta property=\"og:type\" content=\"article\" \/>\n<meta property=\"og:title\" content=\"PTP-400 - EINO-VERKKOKAUPPA\" \/>\n<meta property=\"og:description\" content=\"PTP-400 pilari on t\u00e4ysin kotimainen ja kest\u00e4v\u00e4 tukipilari saunoihin, terasseihin ja piharakennuksiin. Pilarin korkeus 400mm ja jalan mitat 450mm X 450mm\" \/>\n<meta property=\"og:url\" content=\"https:\/\/www.eino.eu\/sv\/produkt\/ptp-400\/\" \/>\n<meta property=\"og:site_name\" content=\"EINO-VERKKOKAUPPA\" \/>\n<meta property=\"article:publisher\" content=\"https:\/\/www.facebook.com\/Eino.eu\" \/>\n<meta property=\"article:modified_time\" content=\"2026-05-07T15:52:30+00:00\" \/>\n<meta property=\"og:image\" content=\"https:\/\/www.eino.eu\/wp-content\/uploads\/2026\/04\/WhatsApp-Image-2026-04-07-at-19.49.27-3.jpeg\" \/>\n\t<meta property=\"og:image:width\" content=\"1284\" \/>\n\t<meta property=\"og:image:height\" content=\"1926\" \/>\n\t<meta property=\"og:image:type\" content=\"image\/jpeg\" \/>\n<meta name=\"twitter:card\" content=\"summary_large_image\" \/>\n<meta name=\"twitter:label1\" content=\"Ber\u00e4knad l\u00e4stid\" \/>\n\t<meta name=\"twitter:data1\" content=\"1 minut\" \/>\n<script type=\"application\/ld+json\" class=\"yoast-schema-graph\">{\"@context\":\"https:\\\/\\\/schema.org\",\"@graph\":[{\"@type\":\"WebPage\",\"@id\":\"https:\\\/\\\/www.eino.eu\\\/tuote\\\/ptp-400\\\/\",\"url\":\"https:\\\/\\\/www.eino.eu\\\/tuote\\\/ptp-400\\\/\",\"name\":\"PTP-400 - EINO-VERKKOKAUPPA\",\"isPartOf\":{\"@id\":\"https:\\\/\\\/www.eino.eu\\\/#website\"},\"primaryImageOfPage\":{\"@id\":\"https:\\\/\\\/www.eino.eu\\\/tuote\\\/ptp-400\\\/#primaryimage\"},\"image\":{\"@id\":\"https:\\\/\\\/www.eino.eu\\\/tuote\\\/ptp-400\\\/#primaryimage\"},\"thumbnailUrl\":\"https:\\\/\\\/www.eino.eu\\\/wp-content\\\/uploads\\\/2026\\\/04\\\/WhatsApp-Image-2026-04-07-at-19.49.27-3.jpeg\",\"datePublished\":\"2026-05-07T14:39:24+00:00\",\"dateModified\":\"2026-05-07T15:52:30+00:00\",\"description\":\"PTP-400 pilari on t\u00e4ysin kotimainen ja kest\u00e4v\u00e4 tukipilari saunoihin, terasseihin ja piharakennuksiin. Pilarin korkeus 400mm ja jalan mitat 450mm X 450mm\",\"breadcrumb\":{\"@id\":\"https:\\\/\\\/www.eino.eu\\\/tuote\\\/ptp-400\\\/#breadcrumb\"},\"inLanguage\":\"sv-SE\",\"potentialAction\":[{\"@type\":\"ReadAction\",\"target\":[\"https:\\\/\\\/www.eino.eu\\\/tuote\\\/ptp-400\\\/\"]}]},{\"@type\":\"ImageObject\",\"inLanguage\":\"sv-SE\",\"@id\":\"https:\\\/\\\/www.eino.eu\\\/tuote\\\/ptp-400\\\/#primaryimage\",\"url\":\"https:\\\/\\\/www.eino.eu\\\/wp-content\\\/uploads\\\/2026\\\/04\\\/WhatsApp-Image-2026-04-07-at-19.49.27-3.jpeg\",\"contentUrl\":\"https:\\\/\\\/www.eino.eu\\\/wp-content\\\/uploads\\\/2026\\\/04\\\/WhatsApp-Image-2026-04-07-at-19.49.27-3.jpeg\",\"width\":1284,\"height\":1926,\"caption\":\"PTP-300\"},{\"@type\":\"BreadcrumbList\",\"@id\":\"https:\\\/\\\/www.eino.eu\\\/tuote\\\/ptp-400\\\/#breadcrumb\",\"itemListElement\":[{\"@type\":\"ListItem\",\"position\":1,\"name\":\"Etusivu\",\"item\":\"https:\\\/\\\/www.eino.eu\\\/\"},{\"@type\":\"ListItem\",\"position\":2,\"name\":\"Kauppa\",\"item\":\"https:\\\/\\\/www.eino.eu\\\/kauppa\\\/\"},{\"@type\":\"ListItem\",\"position\":3,\"name\":\"PTP-400\"}]},{\"@type\":\"WebSite\",\"@id\":\"https:\\\/\\\/www.eino.eu\\\/#website\",\"url\":\"https:\\\/\\\/www.eino.eu\\\/\",\"name\":\"EINO-VERKKOKAUPPA\",\"description\":\"Aina laadukkaita tuotteita kilpailukykyisin hinnoin.\",\"publisher\":{\"@id\":\"https:\\\/\\\/www.eino.eu\\\/#organization\"},\"potentialAction\":[{\"@type\":\"SearchAction\",\"target\":{\"@type\":\"EntryPoint\",\"urlTemplate\":\"https:\\\/\\\/www.eino.eu\\\/?s={search_term_string}\"},\"query-input\":{\"@type\":\"PropertyValueSpecification\",\"valueRequired\":true,\"valueName\":\"search_term_string\"}}],\"inLanguage\":\"sv-SE\"},{\"@type\":\"Organization\",\"@id\":\"https:\\\/\\\/www.eino.eu\\\/#organization\",\"name\":\"EINO-VERKKOKAUPPA\",\"url\":\"https:\\\/\\\/www.eino.eu\\\/\",\"logo\":{\"@type\":\"ImageObject\",\"inLanguage\":\"sv-SE\",\"@id\":\"https:\\\/\\\/www.eino.eu\\\/#\\\/schema\\\/logo\\\/image\\\/\",\"url\":\"https:\\\/\\\/www.eino.eu\\\/wp-content\\\/uploads\\\/2019\\\/02\\\/cropped-eino300-4.png\",\"contentUrl\":\"https:\\\/\\\/www.eino.eu\\\/wp-content\\\/uploads\\\/2019\\\/02\\\/cropped-eino300-4.png\",\"width\":300,\"height\":300,\"caption\":\"EINO-VERKKOKAUPPA\"},\"image\":{\"@id\":\"https:\\\/\\\/www.eino.eu\\\/#\\\/schema\\\/logo\\\/image\\\/\"},\"sameAs\":[\"https:\\\/\\\/www.facebook.com\\\/Eino.eu\",\"https:\\\/\\\/www.instagram.com\\\/original_eino\\\/\"]}]}<\/script>\n<!-- \/ Yoast SEO plugin. -->","yoast_head_json":{"title":"PTP-400 - EINO-VERKKOKAUPPA","description":"PTP-400 pilari on t\u00e4ysin kotimainen ja kest\u00e4v\u00e4 tukipilari saunoihin, terasseihin ja piharakennuksiin. Pilarin korkeus 400mm ja jalan mitat 450mm X 450mm","robots":{"index":"index","follow":"follow","max-snippet":"max-snippet:-1","max-image-preview":"max-image-preview:large","max-video-preview":"max-video-preview:-1"},"canonical":"https:\/\/www.eino.eu\/sv\/produkt\/ptp-400\/","og_locale":"sv_SE","og_type":"article","og_title":"PTP-400 - EINO-VERKKOKAUPPA","og_description":"PTP-400 pilari on t\u00e4ysin kotimainen ja kest\u00e4v\u00e4 tukipilari saunoihin, terasseihin ja piharakennuksiin. Pilarin korkeus 400mm ja jalan mitat 450mm X 450mm","og_url":"https:\/\/www.eino.eu\/sv\/produkt\/ptp-400\/","og_site_name":"EINO-VERKKOKAUPPA","article_publisher":"https:\/\/www.facebook.com\/Eino.eu","article_modified_time":"2026-05-07T15:52:30+00:00","og_image":[{"width":1284,"height":1926,"url":"https:\/\/www.eino.eu\/wp-content\/uploads\/2026\/04\/WhatsApp-Image-2026-04-07-at-19.49.27-3.jpeg","type":"image\/jpeg"}],"twitter_card":"summary_large_image","twitter_misc":{"Ber\u00e4knad l\u00e4stid":"1 minut"},"schema":{"@context":"https:\/\/schema.org","@graph":[{"@type":"WebPage","@id":"https:\/\/www.eino.eu\/tuote\/ptp-400\/","url":"https:\/\/www.eino.eu\/tuote\/ptp-400\/","name":"PTP-400 - EINO-VERKKOKAUPPA","isPartOf":{"@id":"https:\/\/www.eino.eu\/#website"},"primaryImageOfPage":{"@id":"https:\/\/www.eino.eu\/tuote\/ptp-400\/#primaryimage"},"image":{"@id":"https:\/\/www.eino.eu\/tuote\/ptp-400\/#primaryimage"},"thumbnailUrl":"https:\/\/www.eino.eu\/wp-content\/uploads\/2026\/04\/WhatsApp-Image-2026-04-07-at-19.49.27-3.jpeg","datePublished":"2026-05-07T14:39:24+00:00","dateModified":"2026-05-07T15:52:30+00:00","description":"PTP-400 pilari on t\u00e4ysin kotimainen ja kest\u00e4v\u00e4 tukipilari saunoihin, terasseihin ja piharakennuksiin. Pilarin korkeus 400mm ja jalan mitat 450mm X 450mm","breadcrumb":{"@id":"https:\/\/www.eino.eu\/tuote\/ptp-400\/#breadcrumb"},"inLanguage":"sv-SE","potentialAction":[{"@type":"ReadAction","target":["https:\/\/www.eino.eu\/tuote\/ptp-400\/"]}]},{"@type":"ImageObject","inLanguage":"sv-SE","@id":"https:\/\/www.eino.eu\/tuote\/ptp-400\/#primaryimage","url":"https:\/\/www.eino.eu\/wp-content\/uploads\/2026\/04\/WhatsApp-Image-2026-04-07-at-19.49.27-3.jpeg","contentUrl":"https:\/\/www.eino.eu\/wp-content\/uploads\/2026\/04\/WhatsApp-Image-2026-04-07-at-19.49.27-3.jpeg","width":1284,"height":1926,"caption":"PTP-300"},{"@type":"BreadcrumbList","@id":"https:\/\/www.eino.eu\/tuote\/ptp-400\/#breadcrumb","itemListElement":[{"@type":"ListItem","position":1,"name":"Etusivu","item":"https:\/\/www.eino.eu\/"},{"@type":"ListItem","position":2,"name":"Kauppa","item":"https:\/\/www.eino.eu\/kauppa\/"},{"@type":"ListItem","position":3,"name":"PTP-400"}]},{"@type":"WebSite","@id":"https:\/\/www.eino.eu\/#website","url":"https:\/\/www.eino.eu\/","name":"EINO-VERKKOKAUPPA","description":"Aina laadukkaita tuotteita kilpailukykyisin hinnoin.","publisher":{"@id":"https:\/\/www.eino.eu\/#organization"},"potentialAction":[{"@type":"SearchAction","target":{"@type":"EntryPoint","urlTemplate":"https:\/\/www.eino.eu\/?s={search_term_string}"},"query-input":{"@type":"PropertyValueSpecification","valueRequired":true,"valueName":"search_term_string"}}],"inLanguage":"sv-SE"},{"@type":"Organization","@id":"https:\/\/www.eino.eu\/#organization","name":"EINO-VERKKOKAUPPA","url":"https:\/\/www.eino.eu\/","logo":{"@type":"ImageObject","inLanguage":"sv-SE","@id":"https:\/\/www.eino.eu\/#\/schema\/logo\/image\/","url":"https:\/\/www.eino.eu\/wp-content\/uploads\/2019\/02\/cropped-eino300-4.png","contentUrl":"https:\/\/www.eino.eu\/wp-content\/uploads\/2019\/02\/cropped-eino300-4.png","width":300,"height":300,"caption":"EINO-VERKKOKAUPPA"},"image":{"@id":"https:\/\/www.eino.eu\/#\/schema\/logo\/image\/"},"sameAs":["https:\/\/www.facebook.com\/Eino.eu","https:\/\/www.instagram.com\/original_eino\/"]}]}},"uagb_featured_image_src":{"full":["https:\/\/www.eino.eu\/wp-content\/uploads\/2026\/04\/WhatsApp-Image-2026-04-07-at-19.49.27-3.jpeg",1284,1926,false],"thumbnail":["https:\/\/www.eino.eu\/wp-content\/uploads\/2026\/04\/WhatsApp-Image-2026-04-07-at-19.49.27-3-150x150.jpeg",150,150,true],"medium":["https:\/\/www.eino.eu\/wp-content\/uploads\/2026\/04\/WhatsApp-Image-2026-04-07-at-19.49.27-3-200x300.jpeg",200,300,true],"medium_large":["https:\/\/www.eino.eu\/wp-content\/uploads\/2026\/04\/WhatsApp-Image-2026-04-07-at-19.49.27-3-768x1152.jpeg",768,1152,true],"large":["https:\/\/www.eino.eu\/wp-content\/uploads\/2026\/04\/WhatsApp-Image-2026-04-07-at-19.49.27-3-683x1024.jpeg",683,1024,true],"1536x1536":["https:\/\/www.eino.eu\/wp-content\/uploads\/2026\/04\/WhatsApp-Image-2026-04-07-at-19.49.27-3-1024x1536.jpeg",1024,1536,true],"2048x2048":["https:\/\/www.eino.eu\/wp-content\/uploads\/2026\/04\/WhatsApp-Image-2026-04-07-at-19.49.27-3.jpeg",1284,1926,false],"trp-custom-language-flag":["https:\/\/www.eino.eu\/wp-content\/uploads\/2026\/04\/WhatsApp-Image-2026-04-07-at-19.49.27-3-8x12.jpeg",8,12,true],"woocommerce_thumbnail":["https:\/\/www.eino.eu\/wp-content\/uploads\/2026\/04\/WhatsApp-Image-2026-04-07-at-19.49.27-3-300x300.jpeg",300,300,true],"woocommerce_single":["https:\/\/www.eino.eu\/wp-content\/uploads\/2026\/04\/WhatsApp-Image-2026-04-07-at-19.49.27-3-600x900.jpeg",600,900,true],"woocommerce_gallery_thumbnail":["https:\/\/www.eino.eu\/wp-content\/uploads\/2026\/04\/WhatsApp-Image-2026-04-07-at-19.49.27-3-100x100.jpeg",100,100,true]},"uagb_author_info":{"display_name":"Julius Kronqvist","author_link":"https:\/\/www.eino.eu\/sv\/author\/julius\/"},"uagb_comment_info":0,"uagb_excerpt":"PROPILARI \u2013 kotimainen, CE-merkitty perustuspilari PROPILARI on kotimainen ja CE-merkitty kantava rakenneosa, joka tarjoaa nopean ja luotettavan ratkaisun perustuksiin. Se soveltuu erinomaisesti esimerkiksi: piharakennuksiin kes\u00e4m\u00f6kkeihin varastoihin autotalleihin terassien perustuksiin Kaikki PROPILARI-tuotteet toimitetaan t\u00e4ysin asennusvalmiina. Pilarit on varustettu M20-kierteell\u00e4, johon voidaan helposti kiinnitt\u00e4\u00e4 erilaisia rakenteeseen sopivia ter\u00e4sosia, kuten pilarikenki\u00e4 ja muita kiinnikkeit\u00e4. Asennus on nopeaa, helppoa&hellip;","featured_img":"https:\/\/www.eino.eu\/wp-content\/uploads\/2026\/04\/WhatsApp-Image-2026-04-07-at-19.49.27-3.jpeg","coauthors":[],"author_meta":{"author_link":"https:\/\/www.eino.eu\/sv\/author\/julius\/","display_name":"Julius Kronqvist"},"relative_dates":{"created":"Publicerad 6 timmar sedan","modified":"Uppdaterad 4 timmar sedan"},"absolute_dates":{"created":"Publicerat den 7.5.2026","modified":"Uppdaterad den 7.5.2026"},"absolute_dates_time":{"created":"Publicerat den 7.5.2026 17:39","modified":"Uppdaterad den 7.5.2026 18:52"},"featured_img_caption":"","tax_additional":{"product_brand":{"linked":[],"unlinked":[],"slug":"product_brand","name":"Varum\u00e4rken"},"product_type":{"linked":["<a href=\"https:\/\/www.eino.eu\/sv\/?taxonomy=product_type&#038;term=simple\" class=\"advgb-post-tax-term\">simple<\/a>"],"unlinked":["<span class=\"advgb-post-tax-term\">simple<\/span>"],"slug":"product_type","name":"Produkttyp"},"product_visibility":{"linked":[],"unlinked":[],"slug":"product_visibility","name":"Produktsynlighet"},"product_cat":{"linked":["<a href=\"https:\/\/www.eino.eu\/sv\/produkt-kategori\/perustuspilarit\/\" class=\"advgb-post-tax-term\">ProPilari<\/a>"],"unlinked":["<span class=\"advgb-post-tax-term\">ProPilari<\/span>"],"slug":"product_cat","name":"Produktkategorier"},"product_tag":{"linked":[],"unlinked":[],"slug":"product_tag","name":"Produktetiketter"},"product_shipping_class":{"linked":[],"unlinked":[],"slug":"product_shipping_class","name":"Fraktklasser f\u00f6r produkt"},"pos_product_visibility":{"linked":[],"unlinked":[],"slug":"pos_product_visibility","name":"POS-produktsynlighet"}},"series_order":"","jetpack_sharing_enabled":true,"_links":{"self":[{"href":"https:\/\/www.eino.eu\/sv\/wp-json\/wp\/v2\/product\/2435","targetHints":{"allow":["GET"]}}],"collection":[{"href":"https:\/\/www.eino.eu\/sv\/wp-json\/wp\/v2\/product"}],"about":[{"href":"https:\/\/www.eino.eu\/sv\/wp-json\/wp\/v2\/types\/product"}],"replies":[{"embeddable":true,"href":"https:\/\/www.eino.eu\/sv\/wp-json\/wp\/v2\/comments?post=2435"}],"wp:featuredmedia":[{"embeddable":true,"href":"https:\/\/www.eino.eu\/sv\/wp-json\/wp\/v2\/media\/2612"}],"wp:attachment":[{"href":"https:\/\/www.eino.eu\/sv\/wp-json\/wp\/v2\/media?parent=2435"}],"wp:term":[{"taxonomy":"product_brand","embeddable":true,"href":"https:\/\/www.eino.eu\/sv\/wp-json\/wp\/v2\/product_brand?post=2435"},{"taxonomy":"product_cat","embeddable":true,"href":"https:\/\/www.eino.eu\/sv\/wp-json\/wp\/v2\/product_cat?post=2435"},{"taxonomy":"product_tag","embeddable":true,"href":"https:\/\/www.eino.eu\/sv\/wp-json\/wp\/v2\/product_tag?post=2435"}],"curies":[{"name":"wp","href":"https:\/\/api.w.org\/{rel}","templated":true}]}}