{"id":2431,"date":"2026-04-07T20:31:57","date_gmt":"2026-04-07T17:31:57","guid":{"rendered":"https:\/\/www.eino.eu\/?post_type=product&#038;p=2431"},"modified":"2026-04-07T20:34:34","modified_gmt":"2026-04-07T17:34:34","slug":"ptp-300","status":"publish","type":"product","link":"https:\/\/www.eino.eu\/sv\/produkt\/ptp-300\/","title":{"rendered":"PTP-300"},"content":{"rendered":"<p>PTP-300 pilarin korkeus on 300mm ja jalan mitat ovat 450mm X 450mm, pilarin paino on noin 49kg. Soveltuu kevyempien rakennusten tukipilariksi,\u00a0 muun muassa saunoihin, terasseihin ja piharakennuksiin. Kaikki PTP-pilarimme ollaan valmistettu 100% suomessa ja luotu kest\u00e4m\u00e4\u00e4n. Pilarimme soveltuvat muun muassa meilt\u00e4 l\u00f6ytyvien piharakennusten tueksi.<\/p>","protected":false},"excerpt":{"rendered":"<p>TVP-300 pilari, korkeus 300 mm, 49 kg. Kotimainen ja kest\u00e4v\u00e4 tukipilari saunoihin, terasseihin ja piharakennuksiin.<\/p>","protected":false},"author":3,"featured_media":2583,"comment_status":"open","ping_status":"closed","template":"","meta":{"_uag_custom_page_level_css":"","advgb_blocks_editor_width":"","advgb_blocks_columns_visual_guide":"","site-sidebar-layout":"default","site-content-layout":"","ast-site-content-layout":"default","site-content-style":"default","site-sidebar-style":"default","ast-global-header-display":"","ast-banner-title-visibility":"","ast-main-header-display":"","ast-hfb-above-header-display":"","ast-hfb-below-header-display":"","ast-hfb-mobile-header-display":"","site-post-title":"","ast-breadcrumbs-content":"","ast-featured-img":"","footer-sml-layout":"","ast-disable-related-posts":"","theme-transparent-header-meta":"default","adv-header-id-meta":"","stick-header-meta":"default","header-above-stick-meta":"","header-main-stick-meta":"","header-below-stick-meta":"","astra-migrate-meta-layouts":"set","ast-page-background-enabled":"default","ast-page-background-meta":{"desktop":{"background-color":"var(--ast-global-color-4)","background-image":"","background-repeat":"repeat","background-position":"center center","background-size":"auto","background-attachment":"scroll","background-type":"","background-media":"","overlay-type":"","overlay-color":"","overlay-opacity":"","overlay-gradient":""},"tablet":{"background-color":"","background-image":"","background-repeat":"repeat","background-position":"center center","background-size":"auto","background-attachment":"scroll","background-type":"","background-media":"","overlay-type":"","overlay-color":"","overlay-opacity":"","overlay-gradient":""},"mobile":{"background-color":"","background-image":"","background-repeat":"repeat","background-position":"center center","background-size":"auto","background-attachment":"scroll","background-type":"","background-media":"","overlay-type":"","overlay-color":"","overlay-opacity":"","overlay-gradient":""}},"ast-content-background-meta":{"desktop":{"background-color":"var(--ast-global-color-5)","background-image":"","background-repeat":"repeat","background-position":"center center","background-size":"auto","background-attachment":"scroll","background-type":"","background-media":"","overlay-type":"","overlay-color":"","overlay-opacity":"","overlay-gradient":""},"tablet":{"background-color":"var(--ast-global-color-5)","background-image":"","background-repeat":"repeat","background-position":"center center","background-size":"auto","background-attachment":"scroll","background-type":"","background-media":"","overlay-type":"","overlay-color":"","overlay-opacity":"","overlay-gradient":""},"mobile":{"background-color":"var(--ast-global-color-5)","background-image":"","background-repeat":"repeat","background-position":"center center","background-size":"auto","background-attachment":"scroll","background-type":"","background-media":"","overlay-type":"","overlay-color":"","overlay-opacity":"","overlay-gradient":""}}},"product_brand":[],"product_cat":[134],"product_tag":[],"class_list":{"0":"post-2431","1":"product","2":"type-product","3":"status-publish","4":"has-post-thumbnail","6":"product_cat-piharakennukset","7":"desktop-align-left","8":"tablet-align-left","9":"mobile-align-left","10":"ast-product-gallery-layout-horizontal-slider","11":"ast-product-gallery-with-no-image","12":"ast-product-tabs-layout-horizontal","13":"ast-qv-on-image","15":"first","16":"instock","17":"taxable","18":"shipping-taxable","19":"purchasable","20":"product-type-simple"},"yoast_head":"<!-- This site is optimized with the Yoast SEO plugin v27.4 - https:\/\/yoast.com\/product\/yoast-seo-wordpress\/ -->\n<title>PTP-300 - EINO-VERKKOKAUPPA<\/title>\n<meta name=\"description\" content=\"PTP-300 pilari on t\u00e4ysin kotimainen ja kest\u00e4v\u00e4 tukipilari saunoihin, terasseihin ja piharakennuksiin. Pilarin korkeus 300mm ja jalan mitat 450mm X 450mm\" \/>\n<meta name=\"robots\" content=\"index, follow, max-snippet:-1, max-image-preview:large, max-video-preview:-1\" \/>\n<link rel=\"canonical\" href=\"https:\/\/www.eino.eu\/sv\/produkt\/ptp-300\/\" \/>\n<meta property=\"og:locale\" content=\"sv_SE\" \/>\n<meta property=\"og:type\" content=\"article\" \/>\n<meta property=\"og:title\" content=\"PTP-300 - EINO-VERKKOKAUPPA\" \/>\n<meta property=\"og:description\" content=\"PTP-300 pilari on t\u00e4ysin kotimainen ja kest\u00e4v\u00e4 tukipilari saunoihin, terasseihin ja piharakennuksiin. Pilarin korkeus 300mm ja jalan mitat 450mm X 450mm\" \/>\n<meta property=\"og:url\" content=\"https:\/\/www.eino.eu\/sv\/produkt\/ptp-300\/\" \/>\n<meta property=\"og:site_name\" content=\"EINO-VERKKOKAUPPA\" \/>\n<meta property=\"article:publisher\" content=\"https:\/\/www.facebook.com\/Eino.eu\" \/>\n<meta property=\"article:modified_time\" content=\"2026-04-07T17:34:34+00:00\" \/>\n<meta property=\"og:image\" content=\"https:\/\/www.eino.eu\/wp-content\/uploads\/2026\/02\/WhatsApp-Image-2026-04-07-at-19.49.27.jpeg\" \/>\n\t<meta property=\"og:image:width\" content=\"1284\" \/>\n\t<meta property=\"og:image:height\" content=\"1926\" \/>\n\t<meta property=\"og:image:type\" content=\"image\/jpeg\" \/>\n<meta name=\"twitter:card\" content=\"summary_large_image\" \/>\n<meta name=\"twitter:label1\" content=\"Ber\u00e4knad l\u00e4stid\" \/>\n\t<meta name=\"twitter:data1\" content=\"1 minut\" \/>\n<script type=\"application\/ld+json\" class=\"yoast-schema-graph\">{\"@context\":\"https:\\\/\\\/schema.org\",\"@graph\":[{\"@type\":\"WebPage\",\"@id\":\"https:\\\/\\\/www.eino.eu\\\/tuote\\\/ptp-300\\\/\",\"url\":\"https:\\\/\\\/www.eino.eu\\\/tuote\\\/ptp-300\\\/\",\"name\":\"PTP-300 - EINO-VERKKOKAUPPA\",\"isPartOf\":{\"@id\":\"https:\\\/\\\/www.eino.eu\\\/#website\"},\"primaryImageOfPage\":{\"@id\":\"https:\\\/\\\/www.eino.eu\\\/tuote\\\/ptp-300\\\/#primaryimage\"},\"image\":{\"@id\":\"https:\\\/\\\/www.eino.eu\\\/tuote\\\/ptp-300\\\/#primaryimage\"},\"thumbnailUrl\":\"https:\\\/\\\/www.eino.eu\\\/wp-content\\\/uploads\\\/2026\\\/02\\\/WhatsApp-Image-2026-04-07-at-19.49.27-e1775583624395.jpeg\",\"datePublished\":\"2026-04-07T17:31:57+00:00\",\"dateModified\":\"2026-04-07T17:34:34+00:00\",\"description\":\"PTP-300 pilari on t\u00e4ysin kotimainen ja kest\u00e4v\u00e4 tukipilari saunoihin, terasseihin ja piharakennuksiin. Pilarin korkeus 300mm ja jalan mitat 450mm X 450mm\",\"breadcrumb\":{\"@id\":\"https:\\\/\\\/www.eino.eu\\\/tuote\\\/ptp-300\\\/#breadcrumb\"},\"inLanguage\":\"sv-SE\",\"potentialAction\":[{\"@type\":\"ReadAction\",\"target\":[\"https:\\\/\\\/www.eino.eu\\\/tuote\\\/ptp-300\\\/\"]}]},{\"@type\":\"ImageObject\",\"inLanguage\":\"sv-SE\",\"@id\":\"https:\\\/\\\/www.eino.eu\\\/tuote\\\/ptp-300\\\/#primaryimage\",\"url\":\"https:\\\/\\\/www.eino.eu\\\/wp-content\\\/uploads\\\/2026\\\/02\\\/WhatsApp-Image-2026-04-07-at-19.49.27-e1775583624395.jpeg\",\"contentUrl\":\"https:\\\/\\\/www.eino.eu\\\/wp-content\\\/uploads\\\/2026\\\/02\\\/WhatsApp-Image-2026-04-07-at-19.49.27-e1775583624395.jpeg\",\"width\":500,\"height\":397},{\"@type\":\"BreadcrumbList\",\"@id\":\"https:\\\/\\\/www.eino.eu\\\/tuote\\\/ptp-300\\\/#breadcrumb\",\"itemListElement\":[{\"@type\":\"ListItem\",\"position\":1,\"name\":\"Etusivu\",\"item\":\"https:\\\/\\\/www.eino.eu\\\/\"},{\"@type\":\"ListItem\",\"position\":2,\"name\":\"Kauppa\",\"item\":\"https:\\\/\\\/www.eino.eu\\\/kauppa\\\/\"},{\"@type\":\"ListItem\",\"position\":3,\"name\":\"PTP-300\"}]},{\"@type\":\"WebSite\",\"@id\":\"https:\\\/\\\/www.eino.eu\\\/#website\",\"url\":\"https:\\\/\\\/www.eino.eu\\\/\",\"name\":\"EINO-VERKKOKAUPPA\",\"description\":\"Aina laadukkaita tuotteita kilpailukykyisin hinnoin.\",\"publisher\":{\"@id\":\"https:\\\/\\\/www.eino.eu\\\/#organization\"},\"potentialAction\":[{\"@type\":\"SearchAction\",\"target\":{\"@type\":\"EntryPoint\",\"urlTemplate\":\"https:\\\/\\\/www.eino.eu\\\/?s={search_term_string}\"},\"query-input\":{\"@type\":\"PropertyValueSpecification\",\"valueRequired\":true,\"valueName\":\"search_term_string\"}}],\"inLanguage\":\"sv-SE\"},{\"@type\":\"Organization\",\"@id\":\"https:\\\/\\\/www.eino.eu\\\/#organization\",\"name\":\"EINO-VERKKOKAUPPA\",\"url\":\"https:\\\/\\\/www.eino.eu\\\/\",\"logo\":{\"@type\":\"ImageObject\",\"inLanguage\":\"sv-SE\",\"@id\":\"https:\\\/\\\/www.eino.eu\\\/#\\\/schema\\\/logo\\\/image\\\/\",\"url\":\"https:\\\/\\\/www.eino.eu\\\/wp-content\\\/uploads\\\/2019\\\/02\\\/cropped-eino300-4.png\",\"contentUrl\":\"https:\\\/\\\/www.eino.eu\\\/wp-content\\\/uploads\\\/2019\\\/02\\\/cropped-eino300-4.png\",\"width\":300,\"height\":300,\"caption\":\"EINO-VERKKOKAUPPA\"},\"image\":{\"@id\":\"https:\\\/\\\/www.eino.eu\\\/#\\\/schema\\\/logo\\\/image\\\/\"},\"sameAs\":[\"https:\\\/\\\/www.facebook.com\\\/Eino.eu\",\"https:\\\/\\\/www.instagram.com\\\/original_eino\\\/\"]}]}<\/script>\n<!-- \/ Yoast SEO plugin. -->","yoast_head_json":{"title":"PTP-300 - EINO-VERKKOKAUPPA","description":"PTP-300 pilari on t\u00e4ysin kotimainen ja kest\u00e4v\u00e4 tukipilari saunoihin, terasseihin ja piharakennuksiin. Pilarin korkeus 300mm ja jalan mitat 450mm X 450mm","robots":{"index":"index","follow":"follow","max-snippet":"max-snippet:-1","max-image-preview":"max-image-preview:large","max-video-preview":"max-video-preview:-1"},"canonical":"https:\/\/www.eino.eu\/sv\/produkt\/ptp-300\/","og_locale":"sv_SE","og_type":"article","og_title":"PTP-300 - EINO-VERKKOKAUPPA","og_description":"PTP-300 pilari on t\u00e4ysin kotimainen ja kest\u00e4v\u00e4 tukipilari saunoihin, terasseihin ja piharakennuksiin. Pilarin korkeus 300mm ja jalan mitat 450mm X 450mm","og_url":"https:\/\/www.eino.eu\/sv\/produkt\/ptp-300\/","og_site_name":"EINO-VERKKOKAUPPA","article_publisher":"https:\/\/www.facebook.com\/Eino.eu","article_modified_time":"2026-04-07T17:34:34+00:00","og_image":[{"width":1284,"height":1926,"url":"https:\/\/www.eino.eu\/wp-content\/uploads\/2026\/02\/WhatsApp-Image-2026-04-07-at-19.49.27.jpeg","type":"image\/jpeg"}],"twitter_card":"summary_large_image","twitter_misc":{"Ber\u00e4knad l\u00e4stid":"1 minut"},"schema":{"@context":"https:\/\/schema.org","@graph":[{"@type":"WebPage","@id":"https:\/\/www.eino.eu\/tuote\/ptp-300\/","url":"https:\/\/www.eino.eu\/tuote\/ptp-300\/","name":"PTP-300 - EINO-VERKKOKAUPPA","isPartOf":{"@id":"https:\/\/www.eino.eu\/#website"},"primaryImageOfPage":{"@id":"https:\/\/www.eino.eu\/tuote\/ptp-300\/#primaryimage"},"image":{"@id":"https:\/\/www.eino.eu\/tuote\/ptp-300\/#primaryimage"},"thumbnailUrl":"https:\/\/www.eino.eu\/wp-content\/uploads\/2026\/02\/WhatsApp-Image-2026-04-07-at-19.49.27-e1775583624395.jpeg","datePublished":"2026-04-07T17:31:57+00:00","dateModified":"2026-04-07T17:34:34+00:00","description":"PTP-300 pilari on t\u00e4ysin kotimainen ja kest\u00e4v\u00e4 tukipilari saunoihin, terasseihin ja piharakennuksiin. Pilarin korkeus 300mm ja jalan mitat 450mm X 450mm","breadcrumb":{"@id":"https:\/\/www.eino.eu\/tuote\/ptp-300\/#breadcrumb"},"inLanguage":"sv-SE","potentialAction":[{"@type":"ReadAction","target":["https:\/\/www.eino.eu\/tuote\/ptp-300\/"]}]},{"@type":"ImageObject","inLanguage":"sv-SE","@id":"https:\/\/www.eino.eu\/tuote\/ptp-300\/#primaryimage","url":"https:\/\/www.eino.eu\/wp-content\/uploads\/2026\/02\/WhatsApp-Image-2026-04-07-at-19.49.27-e1775583624395.jpeg","contentUrl":"https:\/\/www.eino.eu\/wp-content\/uploads\/2026\/02\/WhatsApp-Image-2026-04-07-at-19.49.27-e1775583624395.jpeg","width":500,"height":397},{"@type":"BreadcrumbList","@id":"https:\/\/www.eino.eu\/tuote\/ptp-300\/#breadcrumb","itemListElement":[{"@type":"ListItem","position":1,"name":"Etusivu","item":"https:\/\/www.eino.eu\/"},{"@type":"ListItem","position":2,"name":"Kauppa","item":"https:\/\/www.eino.eu\/kauppa\/"},{"@type":"ListItem","position":3,"name":"PTP-300"}]},{"@type":"WebSite","@id":"https:\/\/www.eino.eu\/#website","url":"https:\/\/www.eino.eu\/","name":"EINO-VERKKOKAUPPA","description":"Aina laadukkaita tuotteita kilpailukykyisin hinnoin.","publisher":{"@id":"https:\/\/www.eino.eu\/#organization"},"potentialAction":[{"@type":"SearchAction","target":{"@type":"EntryPoint","urlTemplate":"https:\/\/www.eino.eu\/?s={search_term_string}"},"query-input":{"@type":"PropertyValueSpecification","valueRequired":true,"valueName":"search_term_string"}}],"inLanguage":"sv-SE"},{"@type":"Organization","@id":"https:\/\/www.eino.eu\/#organization","name":"EINO-VERKKOKAUPPA","url":"https:\/\/www.eino.eu\/","logo":{"@type":"ImageObject","inLanguage":"sv-SE","@id":"https:\/\/www.eino.eu\/#\/schema\/logo\/image\/","url":"https:\/\/www.eino.eu\/wp-content\/uploads\/2019\/02\/cropped-eino300-4.png","contentUrl":"https:\/\/www.eino.eu\/wp-content\/uploads\/2019\/02\/cropped-eino300-4.png","width":300,"height":300,"caption":"EINO-VERKKOKAUPPA"},"image":{"@id":"https:\/\/www.eino.eu\/#\/schema\/logo\/image\/"},"sameAs":["https:\/\/www.facebook.com\/Eino.eu","https:\/\/www.instagram.com\/original_eino\/"]}]}},"uagb_featured_image_src":{"full":["https:\/\/www.eino.eu\/wp-content\/uploads\/2026\/02\/WhatsApp-Image-2026-04-07-at-19.49.27-e1775583624395.jpeg",500,397,false],"thumbnail":["https:\/\/www.eino.eu\/wp-content\/uploads\/2026\/02\/WhatsApp-Image-2026-04-07-at-19.49.27-e1775583393468-150x150.jpeg",150,150,true],"medium":["https:\/\/www.eino.eu\/wp-content\/uploads\/2026\/02\/WhatsApp-Image-2026-04-07-at-19.49.27-e1775583393468-300x238.jpeg",300,238,true],"medium_large":["https:\/\/www.eino.eu\/wp-content\/uploads\/2026\/02\/WhatsApp-Image-2026-04-07-at-19.49.27-e1775583393468-768x609.jpeg",768,609,true],"large":["https:\/\/www.eino.eu\/wp-content\/uploads\/2026\/02\/WhatsApp-Image-2026-04-07-at-19.49.27-e1775583393468-1024x812.jpeg",1024,812,true],"1536x1536":["https:\/\/www.eino.eu\/wp-content\/uploads\/2026\/02\/WhatsApp-Image-2026-04-07-at-19.49.27-1024x1536.jpeg",1024,1536,true],"2048x2048":["https:\/\/www.eino.eu\/wp-content\/uploads\/2026\/02\/WhatsApp-Image-2026-04-07-at-19.49.27-e1775583624395.jpeg",500,397,false],"trp-custom-language-flag":["https:\/\/www.eino.eu\/wp-content\/uploads\/2026\/02\/WhatsApp-Image-2026-04-07-at-19.49.27-e1775583393468-15x12.jpeg",15,12,true],"woocommerce_thumbnail":["https:\/\/www.eino.eu\/wp-content\/uploads\/2026\/02\/WhatsApp-Image-2026-04-07-at-19.49.27-e1775583393468-300x300.jpeg",300,300,true],"woocommerce_single":["https:\/\/www.eino.eu\/wp-content\/uploads\/2026\/02\/WhatsApp-Image-2026-04-07-at-19.49.27-e1775583393468-600x476.jpeg",600,476,true],"woocommerce_gallery_thumbnail":["https:\/\/www.eino.eu\/wp-content\/uploads\/2026\/02\/WhatsApp-Image-2026-04-07-at-19.49.27-e1775583393468-100x100.jpeg",100,100,true]},"uagb_author_info":{"display_name":"DotHouse Oy","author_link":"https:\/\/www.eino.eu\/sv\/author\/sakari\/"},"uagb_comment_info":0,"uagb_excerpt":"TVP-300 pilari, korkeus 300 mm, 49 kg. Kotimainen ja kest\u00e4v\u00e4 tukipilari saunoihin, terasseihin ja piharakennuksiin.","featured_img":"https:\/\/www.eino.eu\/wp-content\/uploads\/2026\/02\/WhatsApp-Image-2026-04-07-at-19.49.27-e1775583624395.jpeg","coauthors":[],"author_meta":{"author_link":"https:\/\/www.eino.eu\/sv\/author\/sakari\/","display_name":"DotHouse Oy"},"relative_dates":{"created":"Publicerad 3 veckor sedan","modified":"Uppdaterad 3 veckor sedan"},"absolute_dates":{"created":"Publicerat den 7.4.2026","modified":"Uppdaterad den 7.4.2026"},"absolute_dates_time":{"created":"Publicerat den 7.4.2026 20:31","modified":"Uppdaterad den 7.4.2026 20:34"},"featured_img_caption":"","tax_additional":{"product_brand":{"linked":[],"unlinked":[],"slug":"product_brand","name":"Varum\u00e4rken"},"product_type":{"linked":["<a href=\"https:\/\/www.eino.eu\/sv\/?taxonomy=product_type&#038;term=simple\" class=\"advgb-post-tax-term\">simple<\/a>"],"unlinked":["<span class=\"advgb-post-tax-term\">simple<\/span>"],"slug":"product_type","name":"Produkttyp"},"product_visibility":{"linked":["<a href=\"https:\/\/www.eino.eu\/sv\/?taxonomy=product_visibility&#038;term=exclude-from-catalog\" class=\"advgb-post-tax-term\">exclude-from-catalog<\/a>","<a href=\"https:\/\/www.eino.eu\/sv\/?taxonomy=product_visibility&#038;term=exclude-from-search\" class=\"advgb-post-tax-term\">exclude-from-search<\/a>"],"unlinked":["<span class=\"advgb-post-tax-term\">exclude-from-catalog<\/span>","<span class=\"advgb-post-tax-term\">exclude-from-search<\/span>"],"slug":"product_visibility","name":"Produktsynlighet"},"product_cat":{"linked":["<a href=\"https:\/\/www.eino.eu\/sv\/produkt-kategori\/piharakennukset\/\" class=\"advgb-post-tax-term\">EINO-piharakennukset<\/a>"],"unlinked":["<span class=\"advgb-post-tax-term\">EINO-piharakennukset<\/span>"],"slug":"product_cat","name":"Produktkategorier"},"product_tag":{"linked":[],"unlinked":[],"slug":"product_tag","name":"Produktetiketter"},"product_shipping_class":{"linked":[],"unlinked":[],"slug":"product_shipping_class","name":"Fraktklasser f\u00f6r produkt"},"pos_product_visibility":{"linked":[],"unlinked":[],"slug":"pos_product_visibility","name":"POS-produktsynlighet"}},"series_order":"","jetpack_sharing_enabled":true,"_links":{"self":[{"href":"https:\/\/www.eino.eu\/sv\/wp-json\/wp\/v2\/product\/2431","targetHints":{"allow":["GET"]}}],"collection":[{"href":"https:\/\/www.eino.eu\/sv\/wp-json\/wp\/v2\/product"}],"about":[{"href":"https:\/\/www.eino.eu\/sv\/wp-json\/wp\/v2\/types\/product"}],"replies":[{"embeddable":true,"href":"https:\/\/www.eino.eu\/sv\/wp-json\/wp\/v2\/comments?post=2431"}],"wp:featuredmedia":[{"embeddable":true,"href":"https:\/\/www.eino.eu\/sv\/wp-json\/wp\/v2\/media\/2583"}],"wp:attachment":[{"href":"https:\/\/www.eino.eu\/sv\/wp-json\/wp\/v2\/media?parent=2431"}],"wp:term":[{"taxonomy":"product_brand","embeddable":true,"href":"https:\/\/www.eino.eu\/sv\/wp-json\/wp\/v2\/product_brand?post=2431"},{"taxonomy":"product_cat","embeddable":true,"href":"https:\/\/www.eino.eu\/sv\/wp-json\/wp\/v2\/product_cat?post=2431"},{"taxonomy":"product_tag","embeddable":true,"href":"https:\/\/www.eino.eu\/sv\/wp-json\/wp\/v2\/product_tag?post=2431"}],"curies":[{"name":"wp","href":"https:\/\/api.w.org\/{rel}","templated":true}]}}