{"id":2150,"date":"2025-08-10T22:11:10","date_gmt":"2025-08-10T19:11:10","guid":{"rendered":"https:\/\/www.eino.eu\/?post_type=product&#038;p=2150"},"modified":"2025-09-10T15:48:09","modified_gmt":"2025-09-10T12:48:09","slug":"puuliiteri-3x3-pulpettikattoliiteri","status":"publish","type":"product","link":"https:\/\/www.eino.eu\/sv\/produkt\/puuliiteri-3x3-pulpettikattoliiteri\/","title":{"rendered":"Vedskjul 3\u00d73 med pulpettak"},"content":{"rendered":"<p>Ett h\u00f6gkvalitativt inhemskt vedskjul i timmer med pulpettak, som \u00e4r tidl\u00f6st och \u00e4ven fungerar som ett praktiskt g\u00e5rdsf\u00f6rr\u00e5d.<br \/>\nTimrets dimension \u00e4r 78 \u00d7 78 mm och m\u00e5tten \u00e4r 3 \u00d7 3 m.<\/p>\n<p>Leveranser h\u00f6sten 2025<\/p>\n<p>I standardleveransen ing\u00e5r vedskjulets timmer samt<strong> ett tr\u00e4delspaket.<\/strong><\/p>\n<p>Pl\u00e5ttak \/ takpapp v\u00e4ljs separat i menyn.<\/p>\n<p><span style=\"font-size: 16px;\">Du beh\u00f6ver endast skaffa grundblock samt skruvar\/spikar, om vilka vi skickar mer detaljerad information efter best\u00e4llningen.<\/span><\/p>\n<p><span style=\"font-size: 16px;\">V\u00e4lj \u00f6nskat takpaket i menyn ovan och vid behov eventuella till\u00e4ggspaket (t.ex. extra d\u00f6rr, helgolv osv.) samt frakt innan du l\u00e4gger produkten i varukorgen.<\/span><\/p>\n<p>&nbsp;<\/p>\n<ul>\n<li>Tillverkad i Finland<\/li>\n<li>Cirka 20 mm mellanrum mellan v\u00e4ggtimren<\/li>\n<li>Timmerm\u00e5tt: 3 \u00d7 3 m<\/li>\n<li>Volym cirka 15 m3<\/li>\n<li>Leveranskostnader med kranbil fr\u00e5n 290\u20ac<\/li>\n<li>Timret \u00e4r skyddsbehandlat och kan ytbehandlas i den nyans du \u00f6nskar.<\/li>\n<li>Monteringsanvisningar och bygglovsritningar ing\u00e5r i leveransen.<\/li>\n<li>Tr\u00e4delspaketet inneh\u00e5ller: golvbj\u00e4lkar, golvbr\u00e4dor, takbj\u00e4lkar, takfotsbr\u00e4dor, b\u00e4rl\u00e4kt, d\u00f6rrkarmar, d\u00f6rr, f\u00e4stskruvar f\u00f6r tr\u00e4virke samt g\u00e5ngj\u00e4rn och handtag.<\/li>\n<li>Pl\u00e5ttakspaket (svart) inneh\u00e5ller: takpl\u00e5tar, nockpl\u00e5tar, gavelpl\u00e5tar och takskruvar.<\/li>\n<li>Takpappspaket (svart) inneh\u00e5ller: underbr\u00e4dning, underlagspapp och ytpapp.<\/li>\n<li>Se video\u00a0<a href=\"https:\/\/www.youtube.com\/watch?v=CCYydo-ASx0\">Montering av vedskjul<\/a><\/li>\n<\/ul>\n<h6>Leverans av vedskjul<\/h6>\n<p>Avh\u00e4mtning direkt fr\u00e5n fabriken i Kinnula 0 \u20ac.<br \/>\nFraktzonernas priser (zonkarta i produktbilderna):<\/p>\n<ol>\n<li>290 \u20ac<\/li>\n<li>340 \u20ac<\/li>\n<li>370 \u20ac<\/li>\n<li>540 \u20ac<\/li>\n<li>Lappland, 640 \u20ac<\/li>\n<\/ol>","protected":false},"excerpt":{"rendered":"<p>Laadukas kotimainen hirrest\u00e4 valmistettu pulpettikattoliiteri, joka on ajaton ja my\u00f6s k\u00e4tev\u00e4 pihavarasto. Hirren vahvuus 78 x 78mm ja pituus 3m [&hellip;]<\/p>\n","protected":false},"author":3,"featured_media":2151,"comment_status":"open","ping_status":"closed","template":"","meta":{"_uag_custom_page_level_css":"","advgb_blocks_editor_width":"","advgb_blocks_columns_visual_guide":"","site-sidebar-layout":"default","site-content-layout":"","ast-site-content-layout":"default","site-content-style":"default","site-sidebar-style":"default","ast-global-header-display":"","ast-banner-title-visibility":"","ast-main-header-display":"","ast-hfb-above-header-display":"","ast-hfb-below-header-display":"","ast-hfb-mobile-header-display":"","site-post-title":"","ast-breadcrumbs-content":"","ast-featured-img":"","footer-sml-layout":"","ast-disable-related-posts":"","theme-transparent-header-meta":"default","adv-header-id-meta":"","stick-header-meta":"default","header-above-stick-meta":"","header-main-stick-meta":"","header-below-stick-meta":"","astra-migrate-meta-layouts":"set","ast-page-background-enabled":"default","ast-page-background-meta":{"desktop":{"background-color":"var(--ast-global-color-4)","background-image":"","background-repeat":"repeat","background-position":"center center","background-size":"auto","background-attachment":"scroll","background-type":"","background-media":"","overlay-type":"","overlay-color":"","overlay-opacity":"","overlay-gradient":""},"tablet":{"background-color":"","background-image":"","background-repeat":"repeat","background-position":"center center","background-size":"auto","background-attachment":"scroll","background-type":"","background-media":"","overlay-type":"","overlay-color":"","overlay-opacity":"","overlay-gradient":""},"mobile":{"background-color":"","background-image":"","background-repeat":"repeat","background-position":"center center","background-size":"auto","background-attachment":"scroll","background-type":"","background-media":"","overlay-type":"","overlay-color":"","overlay-opacity":"","overlay-gradient":""}},"ast-content-background-meta":{"desktop":{"background-color":"var(--ast-global-color-5)","background-image":"","background-repeat":"repeat","background-position":"center center","background-size":"auto","background-attachment":"scroll","background-type":"","background-media":"","overlay-type":"","overlay-color":"","overlay-opacity":"","overlay-gradient":""},"tablet":{"background-color":"var(--ast-global-color-5)","background-image":"","background-repeat":"repeat","background-position":"center center","background-size":"auto","background-attachment":"scroll","background-type":"","background-media":"","overlay-type":"","overlay-color":"","overlay-opacity":"","overlay-gradient":""},"mobile":{"background-color":"var(--ast-global-color-5)","background-image":"","background-repeat":"repeat","background-position":"center center","background-size":"auto","background-attachment":"scroll","background-type":"","background-media":"","overlay-type":"","overlay-color":"","overlay-opacity":"","overlay-gradient":""}}},"product_brand":[],"product_cat":[134,99],"product_tag":[],"class_list":{"0":"post-2150","1":"product","2":"type-product","3":"status-publish","4":"has-post-thumbnail","6":"product_cat-piharakennukset","7":"product_cat-eino-puuliiterit","8":"desktop-align-left","9":"tablet-align-left","10":"mobile-align-left","11":"ast-product-gallery-layout-horizontal-slider","12":"ast-product-tabs-layout-horizontal","13":"ast-qv-on-image","15":"first","16":"instock","17":"taxable","18":"shipping-taxable","19":"purchasable","20":"product-type-simple"},"yoast_head":"<!-- This site is optimized with the Yoast SEO plugin v27.4 - https:\/\/yoast.com\/product\/yoast-seo-wordpress\/ -->\n<title>Puuliiteri 3x3 pulpettikattoliiteri - EINO-VERKKOKAUPPA<\/title>\n<meta name=\"description\" content=\"Laadukas kotimainen hirrest\u00e4 valmistettu pulpettikattoliiteri, joka on ajaton ja my\u00f6s k\u00e4tev\u00e4 pihavarasto.Hirren vahvuus 78 x 78mm ja pituus 3m x 3m.\" \/>\n<meta name=\"robots\" content=\"index, follow, max-snippet:-1, max-image-preview:large, max-video-preview:-1\" \/>\n<link rel=\"canonical\" href=\"https:\/\/www.eino.eu\/sv\/produkt\/puuliiteri-3x3-pulpettikattoliiteri\/\" \/>\n<meta property=\"og:locale\" content=\"sv_SE\" \/>\n<meta property=\"og:type\" content=\"article\" \/>\n<meta property=\"og:title\" content=\"Puuliiteri 3x3 pulpettikattoliiteri - EINO-VERKKOKAUPPA\" \/>\n<meta property=\"og:description\" content=\"Laadukas kotimainen hirrest\u00e4 valmistettu pulpettikattoliiteri, joka on ajaton ja my\u00f6s k\u00e4tev\u00e4 pihavarasto.Hirren vahvuus 78 x 78mm ja pituus 3m x 3m.\" \/>\n<meta property=\"og:url\" content=\"https:\/\/www.eino.eu\/sv\/produkt\/puuliiteri-3x3-pulpettikattoliiteri\/\" \/>\n<meta property=\"og:site_name\" content=\"EINO-VERKKOKAUPPA\" \/>\n<meta property=\"article:publisher\" content=\"https:\/\/www.facebook.com\/Eino.eu\" \/>\n<meta property=\"article:modified_time\" content=\"2025-09-10T12:48:09+00:00\" \/>\n<meta property=\"og:image\" content=\"https:\/\/www.eino.eu\/wp-content\/uploads\/2025\/08\/3x3m-pulpettii-IMG_0446-2.jpg\" \/>\n\t<meta property=\"og:image:width\" content=\"1920\" \/>\n\t<meta property=\"og:image:height\" content=\"1440\" \/>\n\t<meta property=\"og:image:type\" content=\"image\/jpeg\" \/>\n<meta name=\"twitter:card\" content=\"summary_large_image\" \/>\n<meta name=\"twitter:label1\" content=\"Ber\u00e4knad l\u00e4stid\" \/>\n\t<meta name=\"twitter:data1\" content=\"2 minuter\" \/>\n<script type=\"application\/ld+json\" class=\"yoast-schema-graph\">{\"@context\":\"https:\\\/\\\/schema.org\",\"@graph\":[{\"@type\":\"WebPage\",\"@id\":\"https:\\\/\\\/www.eino.eu\\\/tuote\\\/puuliiteri-3x3-pulpettikattoliiteri\\\/\",\"url\":\"https:\\\/\\\/www.eino.eu\\\/tuote\\\/puuliiteri-3x3-pulpettikattoliiteri\\\/\",\"name\":\"Puuliiteri 3x3 pulpettikattoliiteri - EINO-VERKKOKAUPPA\",\"isPartOf\":{\"@id\":\"https:\\\/\\\/www.eino.eu\\\/#website\"},\"primaryImageOfPage\":{\"@id\":\"https:\\\/\\\/www.eino.eu\\\/tuote\\\/puuliiteri-3x3-pulpettikattoliiteri\\\/#primaryimage\"},\"image\":{\"@id\":\"https:\\\/\\\/www.eino.eu\\\/tuote\\\/puuliiteri-3x3-pulpettikattoliiteri\\\/#primaryimage\"},\"thumbnailUrl\":\"https:\\\/\\\/www.eino.eu\\\/wp-content\\\/uploads\\\/2025\\\/08\\\/3x3m-pulpettii-IMG_0446-2.jpg\",\"datePublished\":\"2025-08-10T19:11:10+00:00\",\"dateModified\":\"2025-09-10T12:48:09+00:00\",\"description\":\"Laadukas kotimainen hirrest\u00e4 valmistettu pulpettikattoliiteri, joka on ajaton ja my\u00f6s k\u00e4tev\u00e4 pihavarasto.Hirren vahvuus 78 x 78mm ja pituus 3m x 3m.\",\"breadcrumb\":{\"@id\":\"https:\\\/\\\/www.eino.eu\\\/tuote\\\/puuliiteri-3x3-pulpettikattoliiteri\\\/#breadcrumb\"},\"inLanguage\":\"sv-SE\",\"potentialAction\":[{\"@type\":\"ReadAction\",\"target\":[\"https:\\\/\\\/www.eino.eu\\\/tuote\\\/puuliiteri-3x3-pulpettikattoliiteri\\\/\"]}]},{\"@type\":\"ImageObject\",\"inLanguage\":\"sv-SE\",\"@id\":\"https:\\\/\\\/www.eino.eu\\\/tuote\\\/puuliiteri-3x3-pulpettikattoliiteri\\\/#primaryimage\",\"url\":\"https:\\\/\\\/www.eino.eu\\\/wp-content\\\/uploads\\\/2025\\\/08\\\/3x3m-pulpettii-IMG_0446-2.jpg\",\"contentUrl\":\"https:\\\/\\\/www.eino.eu\\\/wp-content\\\/uploads\\\/2025\\\/08\\\/3x3m-pulpettii-IMG_0446-2.jpg\",\"width\":1920,\"height\":1440,\"caption\":\"Pulpettikattoliiteri\"},{\"@type\":\"BreadcrumbList\",\"@id\":\"https:\\\/\\\/www.eino.eu\\\/tuote\\\/puuliiteri-3x3-pulpettikattoliiteri\\\/#breadcrumb\",\"itemListElement\":[{\"@type\":\"ListItem\",\"position\":1,\"name\":\"Etusivu\",\"item\":\"https:\\\/\\\/www.eino.eu\\\/\"},{\"@type\":\"ListItem\",\"position\":2,\"name\":\"Kauppa\",\"item\":\"https:\\\/\\\/www.eino.eu\\\/kauppa\\\/\"},{\"@type\":\"ListItem\",\"position\":3,\"name\":\"Puuliiteri 3&#215;3 pulpettikattoliiteri\"}]},{\"@type\":\"WebSite\",\"@id\":\"https:\\\/\\\/www.eino.eu\\\/#website\",\"url\":\"https:\\\/\\\/www.eino.eu\\\/\",\"name\":\"EINO-VERKKOKAUPPA\",\"description\":\"Aina laadukkaita tuotteita kilpailukykyisin hinnoin.\",\"publisher\":{\"@id\":\"https:\\\/\\\/www.eino.eu\\\/#organization\"},\"potentialAction\":[{\"@type\":\"SearchAction\",\"target\":{\"@type\":\"EntryPoint\",\"urlTemplate\":\"https:\\\/\\\/www.eino.eu\\\/?s={search_term_string}\"},\"query-input\":{\"@type\":\"PropertyValueSpecification\",\"valueRequired\":true,\"valueName\":\"search_term_string\"}}],\"inLanguage\":\"sv-SE\"},{\"@type\":\"Organization\",\"@id\":\"https:\\\/\\\/www.eino.eu\\\/#organization\",\"name\":\"EINO-VERKKOKAUPPA\",\"url\":\"https:\\\/\\\/www.eino.eu\\\/\",\"logo\":{\"@type\":\"ImageObject\",\"inLanguage\":\"sv-SE\",\"@id\":\"https:\\\/\\\/www.eino.eu\\\/#\\\/schema\\\/logo\\\/image\\\/\",\"url\":\"https:\\\/\\\/www.eino.eu\\\/wp-content\\\/uploads\\\/2019\\\/02\\\/cropped-eino300-4.png\",\"contentUrl\":\"https:\\\/\\\/www.eino.eu\\\/wp-content\\\/uploads\\\/2019\\\/02\\\/cropped-eino300-4.png\",\"width\":300,\"height\":300,\"caption\":\"EINO-VERKKOKAUPPA\"},\"image\":{\"@id\":\"https:\\\/\\\/www.eino.eu\\\/#\\\/schema\\\/logo\\\/image\\\/\"},\"sameAs\":[\"https:\\\/\\\/www.facebook.com\\\/Eino.eu\",\"https:\\\/\\\/www.instagram.com\\\/original_eino\\\/\"]}]}<\/script>\n<!-- \/ Yoast SEO plugin. -->","yoast_head_json":{"title":"Puuliiteri 3x3 pulpettikattoliiteri - EINO-VERKKOKAUPPA","description":"Laadukas kotimainen hirrest\u00e4 valmistettu pulpettikattoliiteri, joka on ajaton ja my\u00f6s k\u00e4tev\u00e4 pihavarasto.Hirren vahvuus 78 x 78mm ja pituus 3m x 3m.","robots":{"index":"index","follow":"follow","max-snippet":"max-snippet:-1","max-image-preview":"max-image-preview:large","max-video-preview":"max-video-preview:-1"},"canonical":"https:\/\/www.eino.eu\/sv\/produkt\/puuliiteri-3x3-pulpettikattoliiteri\/","og_locale":"sv_SE","og_type":"article","og_title":"Puuliiteri 3x3 pulpettikattoliiteri - EINO-VERKKOKAUPPA","og_description":"Laadukas kotimainen hirrest\u00e4 valmistettu pulpettikattoliiteri, joka on ajaton ja my\u00f6s k\u00e4tev\u00e4 pihavarasto.Hirren vahvuus 78 x 78mm ja pituus 3m x 3m.","og_url":"https:\/\/www.eino.eu\/sv\/produkt\/puuliiteri-3x3-pulpettikattoliiteri\/","og_site_name":"EINO-VERKKOKAUPPA","article_publisher":"https:\/\/www.facebook.com\/Eino.eu","article_modified_time":"2025-09-10T12:48:09+00:00","og_image":[{"width":1920,"height":1440,"url":"https:\/\/www.eino.eu\/wp-content\/uploads\/2025\/08\/3x3m-pulpettii-IMG_0446-2.jpg","type":"image\/jpeg"}],"twitter_card":"summary_large_image","twitter_misc":{"Ber\u00e4knad l\u00e4stid":"2 minuter"},"schema":{"@context":"https:\/\/schema.org","@graph":[{"@type":"WebPage","@id":"https:\/\/www.eino.eu\/tuote\/puuliiteri-3x3-pulpettikattoliiteri\/","url":"https:\/\/www.eino.eu\/tuote\/puuliiteri-3x3-pulpettikattoliiteri\/","name":"Puuliiteri 3x3 pulpettikattoliiteri - EINO-VERKKOKAUPPA","isPartOf":{"@id":"https:\/\/www.eino.eu\/#website"},"primaryImageOfPage":{"@id":"https:\/\/www.eino.eu\/tuote\/puuliiteri-3x3-pulpettikattoliiteri\/#primaryimage"},"image":{"@id":"https:\/\/www.eino.eu\/tuote\/puuliiteri-3x3-pulpettikattoliiteri\/#primaryimage"},"thumbnailUrl":"https:\/\/www.eino.eu\/wp-content\/uploads\/2025\/08\/3x3m-pulpettii-IMG_0446-2.jpg","datePublished":"2025-08-10T19:11:10+00:00","dateModified":"2025-09-10T12:48:09+00:00","description":"Laadukas kotimainen hirrest\u00e4 valmistettu pulpettikattoliiteri, joka on ajaton ja my\u00f6s k\u00e4tev\u00e4 pihavarasto.Hirren vahvuus 78 x 78mm ja pituus 3m x 3m.","breadcrumb":{"@id":"https:\/\/www.eino.eu\/tuote\/puuliiteri-3x3-pulpettikattoliiteri\/#breadcrumb"},"inLanguage":"sv-SE","potentialAction":[{"@type":"ReadAction","target":["https:\/\/www.eino.eu\/tuote\/puuliiteri-3x3-pulpettikattoliiteri\/"]}]},{"@type":"ImageObject","inLanguage":"sv-SE","@id":"https:\/\/www.eino.eu\/tuote\/puuliiteri-3x3-pulpettikattoliiteri\/#primaryimage","url":"https:\/\/www.eino.eu\/wp-content\/uploads\/2025\/08\/3x3m-pulpettii-IMG_0446-2.jpg","contentUrl":"https:\/\/www.eino.eu\/wp-content\/uploads\/2025\/08\/3x3m-pulpettii-IMG_0446-2.jpg","width":1920,"height":1440,"caption":"Pulpettikattoliiteri"},{"@type":"BreadcrumbList","@id":"https:\/\/www.eino.eu\/tuote\/puuliiteri-3x3-pulpettikattoliiteri\/#breadcrumb","itemListElement":[{"@type":"ListItem","position":1,"name":"Etusivu","item":"https:\/\/www.eino.eu\/"},{"@type":"ListItem","position":2,"name":"Kauppa","item":"https:\/\/www.eino.eu\/kauppa\/"},{"@type":"ListItem","position":3,"name":"Puuliiteri 3&#215;3 pulpettikattoliiteri"}]},{"@type":"WebSite","@id":"https:\/\/www.eino.eu\/#website","url":"https:\/\/www.eino.eu\/","name":"EINO-VERKKOKAUPPA","description":"Aina laadukkaita tuotteita kilpailukykyisin hinnoin.","publisher":{"@id":"https:\/\/www.eino.eu\/#organization"},"potentialAction":[{"@type":"SearchAction","target":{"@type":"EntryPoint","urlTemplate":"https:\/\/www.eino.eu\/?s={search_term_string}"},"query-input":{"@type":"PropertyValueSpecification","valueRequired":true,"valueName":"search_term_string"}}],"inLanguage":"sv-SE"},{"@type":"Organization","@id":"https:\/\/www.eino.eu\/#organization","name":"EINO-VERKKOKAUPPA","url":"https:\/\/www.eino.eu\/","logo":{"@type":"ImageObject","inLanguage":"sv-SE","@id":"https:\/\/www.eino.eu\/#\/schema\/logo\/image\/","url":"https:\/\/www.eino.eu\/wp-content\/uploads\/2019\/02\/cropped-eino300-4.png","contentUrl":"https:\/\/www.eino.eu\/wp-content\/uploads\/2019\/02\/cropped-eino300-4.png","width":300,"height":300,"caption":"EINO-VERKKOKAUPPA"},"image":{"@id":"https:\/\/www.eino.eu\/#\/schema\/logo\/image\/"},"sameAs":["https:\/\/www.facebook.com\/Eino.eu","https:\/\/www.instagram.com\/original_eino\/"]}]}},"uagb_featured_image_src":{"full":["https:\/\/www.eino.eu\/wp-content\/uploads\/2025\/08\/3x3m-pulpettii-IMG_0446-2.jpg",1920,1440,false],"thumbnail":["https:\/\/www.eino.eu\/wp-content\/uploads\/2025\/08\/3x3m-pulpettii-IMG_0446-2-150x150.jpg",150,150,true],"medium":["https:\/\/www.eino.eu\/wp-content\/uploads\/2025\/08\/3x3m-pulpettii-IMG_0446-2-300x225.jpg",300,225,true],"medium_large":["https:\/\/www.eino.eu\/wp-content\/uploads\/2025\/08\/3x3m-pulpettii-IMG_0446-2-768x576.jpg",768,576,true],"large":["https:\/\/www.eino.eu\/wp-content\/uploads\/2025\/08\/3x3m-pulpettii-IMG_0446-2-1024x768.jpg",1024,768,true],"1536x1536":["https:\/\/www.eino.eu\/wp-content\/uploads\/2025\/08\/3x3m-pulpettii-IMG_0446-2-1536x1152.jpg",1536,1152,true],"2048x2048":["https:\/\/www.eino.eu\/wp-content\/uploads\/2025\/08\/3x3m-pulpettii-IMG_0446-2.jpg",1920,1440,false],"trp-custom-language-flag":["https:\/\/www.eino.eu\/wp-content\/uploads\/2025\/08\/3x3m-pulpettii-IMG_0446-2.jpg",16,12,false],"woocommerce_thumbnail":["https:\/\/www.eino.eu\/wp-content\/uploads\/2025\/08\/3x3m-pulpettii-IMG_0446-2-300x300.jpg",300,300,true],"woocommerce_single":["https:\/\/www.eino.eu\/wp-content\/uploads\/2025\/08\/3x3m-pulpettii-IMG_0446-2-600x450.jpg",600,450,true],"woocommerce_gallery_thumbnail":["https:\/\/www.eino.eu\/wp-content\/uploads\/2025\/08\/3x3m-pulpettii-IMG_0446-2-100x100.jpg",100,100,true]},"uagb_author_info":{"display_name":"DotHouse Oy","author_link":"https:\/\/www.eino.eu\/sv\/author\/sakari\/"},"uagb_comment_info":0,"uagb_excerpt":"Laadukas kotimainen hirrest\u00e4 valmistettu pulpettikattoliiteri, joka on ajaton ja my\u00f6s k\u00e4tev\u00e4 pihavarasto. Hirren vahvuus 78 x 78mm ja pituus 3m [&hellip;]","featured_img":"https:\/\/www.eino.eu\/wp-content\/uploads\/2025\/08\/3x3m-pulpettii-IMG_0446-2.jpg","coauthors":[],"author_meta":{"author_link":"https:\/\/www.eino.eu\/sv\/author\/sakari\/","display_name":"DotHouse Oy"},"relative_dates":{"created":"Publicerad 9 m\u00e5nader sedan","modified":"Uppdaterad 8 m\u00e5nader sedan"},"absolute_dates":{"created":"Publicerat den 10.8.2025","modified":"Uppdaterad den 10.9.2025"},"absolute_dates_time":{"created":"Publicerat den 10.8.2025 22:11","modified":"Uppdaterad den 10.9.2025 15:48"},"featured_img_caption":"","tax_additional":{"product_brand":{"linked":[],"unlinked":[],"slug":"product_brand","name":"Varum\u00e4rken"},"product_type":{"linked":["<a href=\"https:\/\/www.eino.eu\/sv\/?taxonomy=product_type&#038;term=simple\" class=\"advgb-post-tax-term\">simple<\/a>"],"unlinked":["<span class=\"advgb-post-tax-term\">simple<\/span>"],"slug":"product_type","name":"Produkttyp"},"product_visibility":{"linked":[],"unlinked":[],"slug":"product_visibility","name":"Produktsynlighet"},"product_cat":{"linked":["<a href=\"https:\/\/www.eino.eu\/sv\/produkt-kategori\/piharakennukset\/\" class=\"advgb-post-tax-term\">EINO-piharakennukset<\/a>","<a href=\"https:\/\/www.eino.eu\/sv\/produkt-kategori\/piharakennukset\/eino-puuliiterit\/\" class=\"advgb-post-tax-term\">EINO-puuliiterit<\/a>"],"unlinked":["<span class=\"advgb-post-tax-term\">EINO-piharakennukset<\/span>","<span class=\"advgb-post-tax-term\">EINO-puuliiterit<\/span>"],"slug":"product_cat","name":"Produktkategorier"},"product_tag":{"linked":[],"unlinked":[],"slug":"product_tag","name":"Produktetiketter"},"product_shipping_class":{"linked":[],"unlinked":[],"slug":"product_shipping_class","name":"Fraktklasser f\u00f6r produkt"},"pos_product_visibility":{"linked":[],"unlinked":[],"slug":"pos_product_visibility","name":"POS-produktsynlighet"}},"series_order":"","jetpack_sharing_enabled":true,"_links":{"self":[{"href":"https:\/\/www.eino.eu\/sv\/wp-json\/wp\/v2\/product\/2150","targetHints":{"allow":["GET"]}}],"collection":[{"href":"https:\/\/www.eino.eu\/sv\/wp-json\/wp\/v2\/product"}],"about":[{"href":"https:\/\/www.eino.eu\/sv\/wp-json\/wp\/v2\/types\/product"}],"replies":[{"embeddable":true,"href":"https:\/\/www.eino.eu\/sv\/wp-json\/wp\/v2\/comments?post=2150"}],"wp:featuredmedia":[{"embeddable":true,"href":"https:\/\/www.eino.eu\/sv\/wp-json\/wp\/v2\/media\/2151"}],"wp:attachment":[{"href":"https:\/\/www.eino.eu\/sv\/wp-json\/wp\/v2\/media?parent=2150"}],"wp:term":[{"taxonomy":"product_brand","embeddable":true,"href":"https:\/\/www.eino.eu\/sv\/wp-json\/wp\/v2\/product_brand?post=2150"},{"taxonomy":"product_cat","embeddable":true,"href":"https:\/\/www.eino.eu\/sv\/wp-json\/wp\/v2\/product_cat?post=2150"},{"taxonomy":"product_tag","embeddable":true,"href":"https:\/\/www.eino.eu\/sv\/wp-json\/wp\/v2\/product_tag?post=2150"}],"curies":[{"name":"wp","href":"https:\/\/api.w.org\/{rel}","templated":true}]}}