{"id":1228,"date":"2024-04-22T15:55:04","date_gmt":"2024-04-22T12:55:04","guid":{"rendered":"https:\/\/www.eino.eu\/tuote\/naulauslevy-100x300x2\/"},"modified":"2026-02-17T14:04:17","modified_gmt":"2026-02-17T12:04:17","slug":"naulauslevy-100x300x2","status":"publish","type":"product","link":"https:\/\/www.eino.eu\/sv\/produkt\/naulauslevy-100x300x2\/","title":{"rendered":"SPIKPL\u00c5T 100X300x2"},"content":{"rendered":"<p>Spikpl\u00e5ter \u00e4r CE-m\u00e4rkta<\/p>\n<p>Finns i olika m\u00e5tt, varmf\u00f6rzinkad samt rostfri<\/p>\n<p>Vid montering av beslag ska CE-m\u00e4rkta ankarskruvar eller ankars\u00f6mmar som \u00e4r godk\u00e4nda f\u00f6r aktuellt material anv\u00e4ndas.<\/p>\n<p>Alla plattor har ett h\u00e5lavst\u00e5nd p\u00e5 5 mm.<\/p>","protected":false},"excerpt":{"rendered":"<p><strong>Anv\u00e4ndningsklass:<\/strong> 2<\/p>\n<p><strong>Materialets egenskaper:<\/strong> Varmf\u00f6rzinkat st\u00e5l S250 EN 10346:2009 \/ DX51D EN 10346:2009 MAC 275<\/p>\n<p><strong>Egenskap, h\u00e5l:<\/strong> 5 mm<\/p>\n<p><strong>Anv\u00e4ndningss\u00e4tt: <\/strong>Anv\u00e4nds som f\u00f6rbindning som \u00f6verf\u00f6r vertikala och horisontella laster f\u00f6r tr\u00e4pelare, d\u00e4r tr\u00e4pelarna f\u00e4sts i tr\u00e4, betong eller st\u00e5l. F\u00e4stes med CE-m\u00e4rkta skruvar, ankarskruvar\/ankarpinnar eller bultar som \u00e4r l\u00e4mpliga f\u00f6r anv\u00e4ndningsomr\u00e5det.<\/p>\n<p><strong>Fasts\u00e4ttning <\/strong>F\u00e4stning i tr\u00e4stolpe med minst CE-m\u00e4rkta 4\u00d740 ankars\u00f6mmar eller 5\u00d740 spikpl\u00e5tskruvar. Antal spikar enligt konstrukt\u00f6rens anvisningar.<\/p>\n<p><strong>F\u00f6rpackningsstorlek<\/strong> 25st<\/p>","protected":false},"author":1,"featured_media":0,"comment_status":"open","ping_status":"closed","template":"","meta":{"_uag_custom_page_level_css":"","advgb_blocks_editor_width":"","advgb_blocks_columns_visual_guide":"","site-sidebar-layout":"default","site-content-layout":"","ast-site-content-layout":"default","site-content-style":"default","site-sidebar-style":"default","ast-global-header-display":"","ast-banner-title-visibility":"","ast-main-header-display":"","ast-hfb-above-header-display":"","ast-hfb-below-header-display":"","ast-hfb-mobile-header-display":"","site-post-title":"","ast-breadcrumbs-content":"","ast-featured-img":"","footer-sml-layout":"","ast-disable-related-posts":"","theme-transparent-header-meta":"default","adv-header-id-meta":"","stick-header-meta":"default","header-above-stick-meta":"","header-main-stick-meta":"","header-below-stick-meta":"","astra-migrate-meta-layouts":"set","ast-page-background-enabled":"default","ast-page-background-meta":{"desktop":{"background-color":"var(--ast-global-color-4)","background-image":"","background-repeat":"repeat","background-position":"center center","background-size":"auto","background-attachment":"scroll","background-type":"","background-media":"","overlay-type":"","overlay-color":"","overlay-opacity":"","overlay-gradient":""},"tablet":{"background-color":"","background-image":"","background-repeat":"repeat","background-position":"center center","background-size":"auto","background-attachment":"scroll","background-type":"","background-media":"","overlay-type":"","overlay-color":"","overlay-opacity":"","overlay-gradient":""},"mobile":{"background-color":"","background-image":"","background-repeat":"repeat","background-position":"center center","background-size":"auto","background-attachment":"scroll","background-type":"","background-media":"","overlay-type":"","overlay-color":"","overlay-opacity":"","overlay-gradient":""}},"ast-content-background-meta":{"desktop":{"background-color":"var(--ast-global-color-5)","background-image":"","background-repeat":"repeat","background-position":"center center","background-size":"auto","background-attachment":"scroll","background-type":"","background-media":"","overlay-type":"","overlay-color":"","overlay-opacity":"","overlay-gradient":""},"tablet":{"background-color":"var(--ast-global-color-5)","background-image":"","background-repeat":"repeat","background-position":"center center","background-size":"auto","background-attachment":"scroll","background-type":"","background-media":"","overlay-type":"","overlay-color":"","overlay-opacity":"","overlay-gradient":""},"mobile":{"background-color":"var(--ast-global-color-5)","background-image":"","background-repeat":"repeat","background-position":"center center","background-size":"auto","background-attachment":"scroll","background-type":"","background-media":"","overlay-type":"","overlay-color":"","overlay-opacity":"","overlay-gradient":""}}},"product_brand":[],"product_cat":[25,26],"product_tag":[],"class_list":{"0":"post-1228","1":"product","2":"type-product","3":"status-publish","5":"product_cat-kiinnikkeet","6":"product_cat-naulauslevyt","7":"desktop-align-left","8":"tablet-align-left","9":"mobile-align-left","10":"ast-product-gallery-layout-horizontal-slider","11":"ast-product-gallery-with-no-image","12":"ast-product-tabs-layout-horizontal","13":"ast-qv-on-image","15":"first","16":"instock","17":"taxable","18":"shipping-taxable","19":"purchasable","20":"product-type-simple"},"yoast_head":"<!-- This site is optimized with the Yoast SEO plugin v27.3 - https:\/\/yoast.com\/product\/yoast-seo-wordpress\/ -->\n<title>NAULAUSLEVY 100x300x2 - EINO-VERKKOKAUPPA<\/title>\n<meta name=\"robots\" content=\"index, follow, max-snippet:-1, max-image-preview:large, max-video-preview:-1\" \/>\n<link rel=\"canonical\" href=\"https:\/\/www.eino.eu\/sv\/produkt\/naulauslevy-100x300x2\/\" \/>\n<meta property=\"og:locale\" content=\"sv_SE\" \/>\n<meta property=\"og:type\" content=\"article\" \/>\n<meta property=\"og:title\" content=\"NAULAUSLEVY 100x300x2 - EINO-VERKKOKAUPPA\" \/>\n<meta property=\"og:description\" content=\"K\u00e4ytt\u00f6luokitus: 2  Materiaalin ominaisuudet: Kuumasinkitty ter\u00e4s S250 EN 10346:2009\/ DX51D EN 10346:2009 MAC 275  Ominaisuus, rei\u00e4t: 5 mm  K\u00e4ytt\u00f6tapa: K\u00e4ytet\u00e4\u00e4n puupilarien pysty ja vaasuoria kuormia v\u00e4litt\u00e4v\u00e4n\u00e4 liitoksena, joilla puupilarit kiinnitet\u00e4\u00e4n puuhun tai betoniin\/ ter\u00e4kseen. Kiinnitet\u00e4\u00e4n k\u00e4ytt\u00f6kohteeseen soveltuvalla CE merkityill\u00e4 ruuveilla, ankkurinauloilla\/ pulteilla.  Kiinnitt\u00e4minen: Puupilariin kiinnitys v\u00e4hint\u00e4\u00e4n CE merkityill\u00e4 4x40 ankkurinauloilla tai 5x40 nale ruuveilla. Naulam\u00e4\u00e4r\u00e4t rakennesuunnittelijan ohjeen mukaan.  Pakkauskoko: 25 kpl\" \/>\n<meta property=\"og:url\" content=\"https:\/\/www.eino.eu\/sv\/produkt\/naulauslevy-100x300x2\/\" \/>\n<meta property=\"og:site_name\" content=\"EINO-VERKKOKAUPPA\" \/>\n<meta property=\"article:publisher\" content=\"https:\/\/www.facebook.com\/Eino.eu\" \/>\n<meta property=\"article:modified_time\" content=\"2026-02-17T12:04:17+00:00\" \/>\n<meta property=\"og:image\" content=\"https:\/\/www.eino.eu\/wp-content\/uploads\/2019\/01\/cropped-orig-eino.jpg\" \/>\n\t<meta property=\"og:image:width\" content=\"512\" \/>\n\t<meta property=\"og:image:height\" content=\"512\" \/>\n\t<meta property=\"og:image:type\" content=\"image\/jpeg\" \/>\n<meta name=\"twitter:card\" content=\"summary_large_image\" \/>\n<meta name=\"twitter:label1\" content=\"Ber\u00e4knad l\u00e4stid\" \/>\n\t<meta name=\"twitter:data1\" content=\"1 minut\" \/>\n<script type=\"application\/ld+json\" class=\"yoast-schema-graph\">{\"@context\":\"https:\\\/\\\/schema.org\",\"@graph\":[{\"@type\":\"WebPage\",\"@id\":\"https:\\\/\\\/www.eino.eu\\\/tuote\\\/naulauslevy-100x300x2\\\/\",\"url\":\"https:\\\/\\\/www.eino.eu\\\/tuote\\\/naulauslevy-100x300x2\\\/\",\"name\":\"NAULAUSLEVY 100x300x2 - EINO-VERKKOKAUPPA\",\"isPartOf\":{\"@id\":\"https:\\\/\\\/www.eino.eu\\\/#website\"},\"datePublished\":\"2024-04-22T12:55:04+00:00\",\"dateModified\":\"2026-02-17T12:04:17+00:00\",\"breadcrumb\":{\"@id\":\"https:\\\/\\\/www.eino.eu\\\/tuote\\\/naulauslevy-100x300x2\\\/#breadcrumb\"},\"inLanguage\":\"sv-SE\",\"potentialAction\":[{\"@type\":\"ReadAction\",\"target\":[\"https:\\\/\\\/www.eino.eu\\\/tuote\\\/naulauslevy-100x300x2\\\/\"]}]},{\"@type\":\"BreadcrumbList\",\"@id\":\"https:\\\/\\\/www.eino.eu\\\/tuote\\\/naulauslevy-100x300x2\\\/#breadcrumb\",\"itemListElement\":[{\"@type\":\"ListItem\",\"position\":1,\"name\":\"Etusivu\",\"item\":\"https:\\\/\\\/www.eino.eu\\\/\"},{\"@type\":\"ListItem\",\"position\":2,\"name\":\"Kauppa\",\"item\":\"https:\\\/\\\/www.eino.eu\\\/kauppa\\\/\"},{\"@type\":\"ListItem\",\"position\":3,\"name\":\"NAULAUSLEVY 100x300x2\"}]},{\"@type\":\"WebSite\",\"@id\":\"https:\\\/\\\/www.eino.eu\\\/#website\",\"url\":\"https:\\\/\\\/www.eino.eu\\\/\",\"name\":\"EINO-VERKKOKAUPPA\",\"description\":\"Aina laadukkaita tuotteita kilpailukykyisin hinnoin.\",\"publisher\":{\"@id\":\"https:\\\/\\\/www.eino.eu\\\/#organization\"},\"potentialAction\":[{\"@type\":\"SearchAction\",\"target\":{\"@type\":\"EntryPoint\",\"urlTemplate\":\"https:\\\/\\\/www.eino.eu\\\/?s={search_term_string}\"},\"query-input\":{\"@type\":\"PropertyValueSpecification\",\"valueRequired\":true,\"valueName\":\"search_term_string\"}}],\"inLanguage\":\"sv-SE\"},{\"@type\":\"Organization\",\"@id\":\"https:\\\/\\\/www.eino.eu\\\/#organization\",\"name\":\"EINO-VERKKOKAUPPA\",\"url\":\"https:\\\/\\\/www.eino.eu\\\/\",\"logo\":{\"@type\":\"ImageObject\",\"inLanguage\":\"sv-SE\",\"@id\":\"https:\\\/\\\/www.eino.eu\\\/#\\\/schema\\\/logo\\\/image\\\/\",\"url\":\"https:\\\/\\\/www.eino.eu\\\/wp-content\\\/uploads\\\/2019\\\/02\\\/cropped-eino300-4.png\",\"contentUrl\":\"https:\\\/\\\/www.eino.eu\\\/wp-content\\\/uploads\\\/2019\\\/02\\\/cropped-eino300-4.png\",\"width\":300,\"height\":300,\"caption\":\"EINO-VERKKOKAUPPA\"},\"image\":{\"@id\":\"https:\\\/\\\/www.eino.eu\\\/#\\\/schema\\\/logo\\\/image\\\/\"},\"sameAs\":[\"https:\\\/\\\/www.facebook.com\\\/Eino.eu\",\"https:\\\/\\\/www.instagram.com\\\/original_eino\\\/\"]}]}<\/script>\n<!-- \/ Yoast SEO plugin. -->","yoast_head_json":{"title":"NAULAUSLEVY 100x300x2 - EINO-VERKKOKAUPPA","robots":{"index":"index","follow":"follow","max-snippet":"max-snippet:-1","max-image-preview":"max-image-preview:large","max-video-preview":"max-video-preview:-1"},"canonical":"https:\/\/www.eino.eu\/sv\/produkt\/naulauslevy-100x300x2\/","og_locale":"sv_SE","og_type":"article","og_title":"NAULAUSLEVY 100x300x2 - EINO-VERKKOKAUPPA","og_description":"K\u00e4ytt\u00f6luokitus: 2  Materiaalin ominaisuudet: Kuumasinkitty ter\u00e4s S250 EN 10346:2009\/ DX51D EN 10346:2009 MAC 275  Ominaisuus, rei\u00e4t: 5 mm  K\u00e4ytt\u00f6tapa: K\u00e4ytet\u00e4\u00e4n puupilarien pysty ja vaasuoria kuormia v\u00e4litt\u00e4v\u00e4n\u00e4 liitoksena, joilla puupilarit kiinnitet\u00e4\u00e4n puuhun tai betoniin\/ ter\u00e4kseen. Kiinnitet\u00e4\u00e4n k\u00e4ytt\u00f6kohteeseen soveltuvalla CE merkityill\u00e4 ruuveilla, ankkurinauloilla\/ pulteilla.  Kiinnitt\u00e4minen: Puupilariin kiinnitys v\u00e4hint\u00e4\u00e4n CE merkityill\u00e4 4x40 ankkurinauloilla tai 5x40 nale ruuveilla. Naulam\u00e4\u00e4r\u00e4t rakennesuunnittelijan ohjeen mukaan.  Pakkauskoko: 25 kpl","og_url":"https:\/\/www.eino.eu\/sv\/produkt\/naulauslevy-100x300x2\/","og_site_name":"EINO-VERKKOKAUPPA","article_publisher":"https:\/\/www.facebook.com\/Eino.eu","article_modified_time":"2026-02-17T12:04:17+00:00","og_image":[{"width":512,"height":512,"url":"https:\/\/www.eino.eu\/wp-content\/uploads\/2019\/01\/cropped-orig-eino.jpg","type":"image\/jpeg"}],"twitter_card":"summary_large_image","twitter_misc":{"Ber\u00e4knad l\u00e4stid":"1 minut"},"schema":{"@context":"https:\/\/schema.org","@graph":[{"@type":"WebPage","@id":"https:\/\/www.eino.eu\/tuote\/naulauslevy-100x300x2\/","url":"https:\/\/www.eino.eu\/tuote\/naulauslevy-100x300x2\/","name":"NAULAUSLEVY 100x300x2 - EINO-VERKKOKAUPPA","isPartOf":{"@id":"https:\/\/www.eino.eu\/#website"},"datePublished":"2024-04-22T12:55:04+00:00","dateModified":"2026-02-17T12:04:17+00:00","breadcrumb":{"@id":"https:\/\/www.eino.eu\/tuote\/naulauslevy-100x300x2\/#breadcrumb"},"inLanguage":"sv-SE","potentialAction":[{"@type":"ReadAction","target":["https:\/\/www.eino.eu\/tuote\/naulauslevy-100x300x2\/"]}]},{"@type":"BreadcrumbList","@id":"https:\/\/www.eino.eu\/tuote\/naulauslevy-100x300x2\/#breadcrumb","itemListElement":[{"@type":"ListItem","position":1,"name":"Etusivu","item":"https:\/\/www.eino.eu\/"},{"@type":"ListItem","position":2,"name":"Kauppa","item":"https:\/\/www.eino.eu\/kauppa\/"},{"@type":"ListItem","position":3,"name":"NAULAUSLEVY 100x300x2"}]},{"@type":"WebSite","@id":"https:\/\/www.eino.eu\/#website","url":"https:\/\/www.eino.eu\/","name":"EINO-VERKKOKAUPPA","description":"Aina laadukkaita tuotteita kilpailukykyisin hinnoin.","publisher":{"@id":"https:\/\/www.eino.eu\/#organization"},"potentialAction":[{"@type":"SearchAction","target":{"@type":"EntryPoint","urlTemplate":"https:\/\/www.eino.eu\/?s={search_term_string}"},"query-input":{"@type":"PropertyValueSpecification","valueRequired":true,"valueName":"search_term_string"}}],"inLanguage":"sv-SE"},{"@type":"Organization","@id":"https:\/\/www.eino.eu\/#organization","name":"EINO-VERKKOKAUPPA","url":"https:\/\/www.eino.eu\/","logo":{"@type":"ImageObject","inLanguage":"sv-SE","@id":"https:\/\/www.eino.eu\/#\/schema\/logo\/image\/","url":"https:\/\/www.eino.eu\/wp-content\/uploads\/2019\/02\/cropped-eino300-4.png","contentUrl":"https:\/\/www.eino.eu\/wp-content\/uploads\/2019\/02\/cropped-eino300-4.png","width":300,"height":300,"caption":"EINO-VERKKOKAUPPA"},"image":{"@id":"https:\/\/www.eino.eu\/#\/schema\/logo\/image\/"},"sameAs":["https:\/\/www.facebook.com\/Eino.eu","https:\/\/www.instagram.com\/original_eino\/"]}]}},"uagb_featured_image_src":{"full":false,"thumbnail":false,"medium":false,"medium_large":false,"large":false,"1536x1536":false,"2048x2048":false,"trp-custom-language-flag":false,"woocommerce_thumbnail":false,"woocommerce_single":false,"woocommerce_gallery_thumbnail":false},"uagb_author_info":{"display_name":"mediaadmin","author_link":"https:\/\/www.eino.eu\/sv\/author\/mediaadmin\/"},"uagb_comment_info":0,"uagb_excerpt":"K\u00e4ytt\u00f6luokitus: 2 Materiaalin ominaisuudet: Kuumasinkitty ter\u00e4s S250 EN 10346:2009\/ DX51D EN 10346:2009 MAC 275 Ominaisuus, rei\u00e4t: 5 mm K\u00e4ytt\u00f6tapa: K\u00e4ytet\u00e4\u00e4n puupilarien pysty ja vaasuoria kuormia v\u00e4litt\u00e4v\u00e4n\u00e4 liitoksena, joilla puupilarit kiinnitet\u00e4\u00e4n puuhun tai betoniin\/ ter\u00e4kseen. Kiinnitet\u00e4\u00e4n k\u00e4ytt\u00f6kohteeseen soveltuvalla CE merkityill\u00e4 ruuveilla, ankkurinauloilla\/ pulteilla. Kiinnitt\u00e4minen: Puupilariin kiinnitys v\u00e4hint\u00e4\u00e4n CE merkityill\u00e4 4x40 ankkurinauloilla tai 5x40 nale ruuveilla. Naulam\u00e4\u00e4r\u00e4t&hellip;","featured_img":false,"coauthors":[],"author_meta":{"author_link":"https:\/\/www.eino.eu\/sv\/author\/mediaadmin\/","display_name":"mediaadmin"},"relative_dates":{"created":"Publicerad 2 \u00e5r sedan","modified":"Uppdaterad 2 m\u00e5nader sedan"},"absolute_dates":{"created":"Publicerat den 22.4.2024","modified":"Uppdaterad den 17.2.2026"},"absolute_dates_time":{"created":"Publicerat den 22.4.2024 15:55","modified":"Uppdaterad den 17.2.2026 14:04"},"featured_img_caption":"","tax_additional":{"product_brand":{"linked":[],"unlinked":[],"slug":"product_brand","name":"Varum\u00e4rken"},"product_type":{"linked":["<a href=\"https:\/\/www.eino.eu\/sv\/?taxonomy=product_type&#038;term=simple\" class=\"advgb-post-tax-term\">simple<\/a>"],"unlinked":["<span class=\"advgb-post-tax-term\">simple<\/span>"],"slug":"product_type","name":"Produkttyp"},"product_visibility":{"linked":[],"unlinked":[],"slug":"product_visibility","name":"Produktsynlighet"},"product_cat":{"linked":["<a href=\"https:\/\/www.eino.eu\/sv\/produkt-kategori\/kiinnikkeet\/\" class=\"advgb-post-tax-term\">Kiinnikkeet<\/a>","<a href=\"https:\/\/www.eino.eu\/sv\/produkt-kategori\/kiinnikkeet\/naulauslevyt\/\" class=\"advgb-post-tax-term\">Naulauslevyt<\/a>"],"unlinked":["<span class=\"advgb-post-tax-term\">Kiinnikkeet<\/span>","<span class=\"advgb-post-tax-term\">Naulauslevyt<\/span>"],"slug":"product_cat","name":"Produktkategorier"},"product_tag":{"linked":[],"unlinked":[],"slug":"product_tag","name":"Produktetiketter"},"product_shipping_class":{"linked":[],"unlinked":[],"slug":"product_shipping_class","name":"Fraktklasser f\u00f6r produkt"},"pos_product_visibility":{"linked":[],"unlinked":[],"slug":"pos_product_visibility","name":"POS-produktsynlighet"}},"series_order":"","jetpack_sharing_enabled":true,"_links":{"self":[{"href":"https:\/\/www.eino.eu\/sv\/wp-json\/wp\/v2\/product\/1228","targetHints":{"allow":["GET"]}}],"collection":[{"href":"https:\/\/www.eino.eu\/sv\/wp-json\/wp\/v2\/product"}],"about":[{"href":"https:\/\/www.eino.eu\/sv\/wp-json\/wp\/v2\/types\/product"}],"replies":[{"embeddable":true,"href":"https:\/\/www.eino.eu\/sv\/wp-json\/wp\/v2\/comments?post=1228"}],"wp:attachment":[{"href":"https:\/\/www.eino.eu\/sv\/wp-json\/wp\/v2\/media?parent=1228"}],"wp:term":[{"taxonomy":"product_brand","embeddable":true,"href":"https:\/\/www.eino.eu\/sv\/wp-json\/wp\/v2\/product_brand?post=1228"},{"taxonomy":"product_cat","embeddable":true,"href":"https:\/\/www.eino.eu\/sv\/wp-json\/wp\/v2\/product_cat?post=1228"},{"taxonomy":"product_tag","embeddable":true,"href":"https:\/\/www.eino.eu\/sv\/wp-json\/wp\/v2\/product_tag?post=1228"}],"curies":[{"name":"wp","href":"https:\/\/api.w.org\/{rel}","templated":true}]}}