{"id":1170,"date":"2024-04-22T15:54:45","date_gmt":"2024-04-22T12:54:45","guid":{"rendered":"https:\/\/www.eino.eu\/?post_type=product&#038;p=1170"},"modified":"2026-02-17T14:06:19","modified_gmt":"2026-02-17T12:06:19","slug":"liukukulma-40x40x100x2","status":"publish","type":"product","link":"https:\/\/www.eino.eu\/sv\/produkt\/liukukulma-40x40x100x2\/","title":{"rendered":"GLIDVINKEL 100x40x40x2"},"content":{"rendered":"<p>Glidbeslaget \u00e4r varmf\u00f6rzinkat och m\u00f6jligg\u00f6r timmerbyggnadens naturliga s\u00e4ttning.<\/p>\n<p>Finns i olika m\u00e5tt.<\/p>\n<p>Vid montering ska CE-m\u00e4rkta ankarskruvar eller ankars\u00f6mmar\/bultar som \u00e4r l\u00e4mpliga f\u00f6r aktuellt material anv\u00e4ndas.<\/p>","protected":false},"excerpt":{"rendered":"<p><strong>Anv\u00e4ndningsklass:<\/strong> 1,2<\/p>\n<p><strong>Materialets egenskaper:<\/strong> Varmf\u00f6rzinkat st\u00e5l, CE<\/p>\n<p><strong>Egenskap, h\u00e5l:<\/strong> 5mm, 5x80mm<\/p>\n<p class=\"translation-block\"><strong>Anv\u00e4ndningss\u00e4tt: <\/strong>F\u00e4ste f\u00f6r extra isoleringsstomme <strong>&gt;<\/strong> M\u00f6jligg\u00f6r timmerkonstruktionens naturliga s\u00e4ttning. \/ Montering enligt konstrukt\u00f6rens anvisningar..<\/p>\n<p class=\"translation-block\"><strong>Inf\u00e4stning: <\/strong>Ankarspik 4\u00d740\/ 5\u00d740 + panhead-skruv + bricka<\/p>\n<p><strong>F\u00f6rpackningsstorlek: 100st<\/strong><\/p>","protected":false},"author":1,"featured_media":1515,"comment_status":"closed","ping_status":"closed","template":"","meta":{"_uag_custom_page_level_css":"","advgb_blocks_editor_width":"","advgb_blocks_columns_visual_guide":"","site-sidebar-layout":"default","site-content-layout":"","ast-site-content-layout":"default","site-content-style":"default","site-sidebar-style":"default","ast-global-header-display":"","ast-banner-title-visibility":"","ast-main-header-display":"","ast-hfb-above-header-display":"","ast-hfb-below-header-display":"","ast-hfb-mobile-header-display":"","site-post-title":"","ast-breadcrumbs-content":"","ast-featured-img":"","footer-sml-layout":"","ast-disable-related-posts":"","theme-transparent-header-meta":"default","adv-header-id-meta":"","stick-header-meta":"default","header-above-stick-meta":"","header-main-stick-meta":"","header-below-stick-meta":"","astra-migrate-meta-layouts":"set","ast-page-background-enabled":"default","ast-page-background-meta":{"desktop":{"background-color":"var(--ast-global-color-4)","background-image":"","background-repeat":"repeat","background-position":"center center","background-size":"auto","background-attachment":"scroll","background-type":"","background-media":"","overlay-type":"","overlay-color":"","overlay-opacity":"","overlay-gradient":""},"tablet":{"background-color":"","background-image":"","background-repeat":"repeat","background-position":"center center","background-size":"auto","background-attachment":"scroll","background-type":"","background-media":"","overlay-type":"","overlay-color":"","overlay-opacity":"","overlay-gradient":""},"mobile":{"background-color":"","background-image":"","background-repeat":"repeat","background-position":"center center","background-size":"auto","background-attachment":"scroll","background-type":"","background-media":"","overlay-type":"","overlay-color":"","overlay-opacity":"","overlay-gradient":""}},"ast-content-background-meta":{"desktop":{"background-color":"var(--ast-global-color-5)","background-image":"","background-repeat":"repeat","background-position":"center center","background-size":"auto","background-attachment":"scroll","background-type":"","background-media":"","overlay-type":"","overlay-color":"","overlay-opacity":"","overlay-gradient":""},"tablet":{"background-color":"var(--ast-global-color-5)","background-image":"","background-repeat":"repeat","background-position":"center center","background-size":"auto","background-attachment":"scroll","background-type":"","background-media":"","overlay-type":"","overlay-color":"","overlay-opacity":"","overlay-gradient":""},"mobile":{"background-color":"var(--ast-global-color-5)","background-image":"","background-repeat":"repeat","background-position":"center center","background-size":"auto","background-attachment":"scroll","background-type":"","background-media":"","overlay-type":"","overlay-color":"","overlay-opacity":"","overlay-gradient":""}}},"product_brand":[],"product_cat":[31,25],"product_tag":[79,78,77],"class_list":{"0":"post-1170","1":"product","2":"type-product","3":"status-publish","4":"has-post-thumbnail","6":"product_cat-hirsikiinnikkeet","7":"product_cat-kiinnikkeet","8":"product_tag-hirsiliuku","9":"product_tag-liukukulma","10":"product_tag-liukurauta","11":"desktop-align-left","12":"tablet-align-left","13":"mobile-align-left","14":"ast-product-gallery-layout-horizontal-slider","15":"ast-product-gallery-with-no-image","16":"ast-product-tabs-layout-horizontal","17":"ast-qv-on-image","19":"first","20":"instock","21":"taxable","22":"shipping-taxable","23":"purchasable","24":"product-type-simple"},"yoast_head":"<!-- This site is optimized with the Yoast SEO plugin v27.4 - https:\/\/yoast.com\/product\/yoast-seo-wordpress\/ -->\n<title>LIUKUKULMA 100x40x40x2 - EINO-VERKKOKAUPPA<\/title>\n<meta name=\"description\" content=\"Liukukulma 100x40x40, kuumasinkitty, CE-merkitty, mahdollistaa hirsirakenteen luonnollisen painumisen, lis\u00e4eriste rungon kiinnitt\u00e4miseen.\" \/>\n<meta name=\"robots\" content=\"index, follow, max-snippet:-1, max-image-preview:large, max-video-preview:-1\" \/>\n<link rel=\"canonical\" href=\"https:\/\/www.eino.eu\/sv\/produkt\/liukukulma-40x40x100x2\/\" \/>\n<meta property=\"og:locale\" content=\"sv_SE\" \/>\n<meta property=\"og:type\" content=\"article\" \/>\n<meta property=\"og:title\" content=\"LIUKUKULMA 100x40x40x2 - EINO-VERKKOKAUPPA\" \/>\n<meta property=\"og:description\" content=\"Liukukulma 100x40x40, kuumasinkitty, CE-merkitty, mahdollistaa hirsirakenteen luonnollisen painumisen, lis\u00e4eriste rungon kiinnitt\u00e4miseen.\" \/>\n<meta property=\"og:url\" content=\"https:\/\/www.eino.eu\/sv\/produkt\/liukukulma-40x40x100x2\/\" \/>\n<meta property=\"og:site_name\" content=\"EINO-VERKKOKAUPPA\" \/>\n<meta property=\"article:publisher\" content=\"https:\/\/www.facebook.com\/Eino.eu\" \/>\n<meta property=\"article:modified_time\" content=\"2026-02-17T12:06:19+00:00\" \/>\n<meta property=\"og:image\" content=\"https:\/\/www.eino.eu\/wp-content\/uploads\/2024\/04\/EINO_tuotekuva_19_b.jpg\" \/>\n\t<meta property=\"og:image:width\" content=\"2500\" \/>\n\t<meta property=\"og:image:height\" content=\"2500\" \/>\n\t<meta property=\"og:image:type\" content=\"image\/jpeg\" \/>\n<meta name=\"twitter:card\" content=\"summary_large_image\" \/>\n<meta name=\"twitter:label1\" content=\"Ber\u00e4knad l\u00e4stid\" \/>\n\t<meta name=\"twitter:data1\" content=\"1 minut\" \/>\n<script type=\"application\/ld+json\" class=\"yoast-schema-graph\">{\"@context\":\"https:\\\/\\\/schema.org\",\"@graph\":[{\"@type\":\"WebPage\",\"@id\":\"https:\\\/\\\/www.eino.eu\\\/tuote\\\/liukukulma-40x40x100x2\\\/\",\"url\":\"https:\\\/\\\/www.eino.eu\\\/tuote\\\/liukukulma-40x40x100x2\\\/\",\"name\":\"LIUKUKULMA 100x40x40x2 - EINO-VERKKOKAUPPA\",\"isPartOf\":{\"@id\":\"https:\\\/\\\/www.eino.eu\\\/#website\"},\"primaryImageOfPage\":{\"@id\":\"https:\\\/\\\/www.eino.eu\\\/tuote\\\/liukukulma-40x40x100x2\\\/#primaryimage\"},\"image\":{\"@id\":\"https:\\\/\\\/www.eino.eu\\\/tuote\\\/liukukulma-40x40x100x2\\\/#primaryimage\"},\"thumbnailUrl\":\"https:\\\/\\\/www.eino.eu\\\/wp-content\\\/uploads\\\/2024\\\/04\\\/EINO_tuotekuva_19_b.jpg\",\"datePublished\":\"2024-04-22T12:54:45+00:00\",\"dateModified\":\"2026-02-17T12:06:19+00:00\",\"description\":\"Liukukulma 100x40x40, kuumasinkitty, CE-merkitty, mahdollistaa hirsirakenteen luonnollisen painumisen, lis\u00e4eriste rungon kiinnitt\u00e4miseen.\",\"breadcrumb\":{\"@id\":\"https:\\\/\\\/www.eino.eu\\\/tuote\\\/liukukulma-40x40x100x2\\\/#breadcrumb\"},\"inLanguage\":\"sv-SE\",\"potentialAction\":[{\"@type\":\"ReadAction\",\"target\":[\"https:\\\/\\\/www.eino.eu\\\/tuote\\\/liukukulma-40x40x100x2\\\/\"]}]},{\"@type\":\"ImageObject\",\"inLanguage\":\"sv-SE\",\"@id\":\"https:\\\/\\\/www.eino.eu\\\/tuote\\\/liukukulma-40x40x100x2\\\/#primaryimage\",\"url\":\"https:\\\/\\\/www.eino.eu\\\/wp-content\\\/uploads\\\/2024\\\/04\\\/EINO_tuotekuva_19_b.jpg\",\"contentUrl\":\"https:\\\/\\\/www.eino.eu\\\/wp-content\\\/uploads\\\/2024\\\/04\\\/EINO_tuotekuva_19_b.jpg\",\"width\":2500,\"height\":2500},{\"@type\":\"BreadcrumbList\",\"@id\":\"https:\\\/\\\/www.eino.eu\\\/tuote\\\/liukukulma-40x40x100x2\\\/#breadcrumb\",\"itemListElement\":[{\"@type\":\"ListItem\",\"position\":1,\"name\":\"Etusivu\",\"item\":\"https:\\\/\\\/www.eino.eu\\\/\"},{\"@type\":\"ListItem\",\"position\":2,\"name\":\"Kauppa\",\"item\":\"https:\\\/\\\/www.eino.eu\\\/kauppa\\\/\"},{\"@type\":\"ListItem\",\"position\":3,\"name\":\"LIUKUKULMA 100x40x40x2\"}]},{\"@type\":\"WebSite\",\"@id\":\"https:\\\/\\\/www.eino.eu\\\/#website\",\"url\":\"https:\\\/\\\/www.eino.eu\\\/\",\"name\":\"EINO-VERKKOKAUPPA\",\"description\":\"Aina laadukkaita tuotteita kilpailukykyisin hinnoin.\",\"publisher\":{\"@id\":\"https:\\\/\\\/www.eino.eu\\\/#organization\"},\"potentialAction\":[{\"@type\":\"SearchAction\",\"target\":{\"@type\":\"EntryPoint\",\"urlTemplate\":\"https:\\\/\\\/www.eino.eu\\\/?s={search_term_string}\"},\"query-input\":{\"@type\":\"PropertyValueSpecification\",\"valueRequired\":true,\"valueName\":\"search_term_string\"}}],\"inLanguage\":\"sv-SE\"},{\"@type\":\"Organization\",\"@id\":\"https:\\\/\\\/www.eino.eu\\\/#organization\",\"name\":\"EINO-VERKKOKAUPPA\",\"url\":\"https:\\\/\\\/www.eino.eu\\\/\",\"logo\":{\"@type\":\"ImageObject\",\"inLanguage\":\"sv-SE\",\"@id\":\"https:\\\/\\\/www.eino.eu\\\/#\\\/schema\\\/logo\\\/image\\\/\",\"url\":\"https:\\\/\\\/www.eino.eu\\\/wp-content\\\/uploads\\\/2019\\\/02\\\/cropped-eino300-4.png\",\"contentUrl\":\"https:\\\/\\\/www.eino.eu\\\/wp-content\\\/uploads\\\/2019\\\/02\\\/cropped-eino300-4.png\",\"width\":300,\"height\":300,\"caption\":\"EINO-VERKKOKAUPPA\"},\"image\":{\"@id\":\"https:\\\/\\\/www.eino.eu\\\/#\\\/schema\\\/logo\\\/image\\\/\"},\"sameAs\":[\"https:\\\/\\\/www.facebook.com\\\/Eino.eu\",\"https:\\\/\\\/www.instagram.com\\\/original_eino\\\/\"]}]}<\/script>\n<!-- \/ Yoast SEO plugin. -->","yoast_head_json":{"title":"LIUKUKULMA 100x40x40x2 - EINO-VERKKOKAUPPA","description":"Liukukulma 100x40x40, kuumasinkitty, CE-merkitty, mahdollistaa hirsirakenteen luonnollisen painumisen, lis\u00e4eriste rungon kiinnitt\u00e4miseen.","robots":{"index":"index","follow":"follow","max-snippet":"max-snippet:-1","max-image-preview":"max-image-preview:large","max-video-preview":"max-video-preview:-1"},"canonical":"https:\/\/www.eino.eu\/sv\/produkt\/liukukulma-40x40x100x2\/","og_locale":"sv_SE","og_type":"article","og_title":"LIUKUKULMA 100x40x40x2 - EINO-VERKKOKAUPPA","og_description":"Liukukulma 100x40x40, kuumasinkitty, CE-merkitty, mahdollistaa hirsirakenteen luonnollisen painumisen, lis\u00e4eriste rungon kiinnitt\u00e4miseen.","og_url":"https:\/\/www.eino.eu\/sv\/produkt\/liukukulma-40x40x100x2\/","og_site_name":"EINO-VERKKOKAUPPA","article_publisher":"https:\/\/www.facebook.com\/Eino.eu","article_modified_time":"2026-02-17T12:06:19+00:00","og_image":[{"width":2500,"height":2500,"url":"https:\/\/www.eino.eu\/wp-content\/uploads\/2024\/04\/EINO_tuotekuva_19_b.jpg","type":"image\/jpeg"}],"twitter_card":"summary_large_image","twitter_misc":{"Ber\u00e4knad l\u00e4stid":"1 minut"},"schema":{"@context":"https:\/\/schema.org","@graph":[{"@type":"WebPage","@id":"https:\/\/www.eino.eu\/tuote\/liukukulma-40x40x100x2\/","url":"https:\/\/www.eino.eu\/tuote\/liukukulma-40x40x100x2\/","name":"LIUKUKULMA 100x40x40x2 - EINO-VERKKOKAUPPA","isPartOf":{"@id":"https:\/\/www.eino.eu\/#website"},"primaryImageOfPage":{"@id":"https:\/\/www.eino.eu\/tuote\/liukukulma-40x40x100x2\/#primaryimage"},"image":{"@id":"https:\/\/www.eino.eu\/tuote\/liukukulma-40x40x100x2\/#primaryimage"},"thumbnailUrl":"https:\/\/www.eino.eu\/wp-content\/uploads\/2024\/04\/EINO_tuotekuva_19_b.jpg","datePublished":"2024-04-22T12:54:45+00:00","dateModified":"2026-02-17T12:06:19+00:00","description":"Liukukulma 100x40x40, kuumasinkitty, CE-merkitty, mahdollistaa hirsirakenteen luonnollisen painumisen, lis\u00e4eriste rungon kiinnitt\u00e4miseen.","breadcrumb":{"@id":"https:\/\/www.eino.eu\/tuote\/liukukulma-40x40x100x2\/#breadcrumb"},"inLanguage":"sv-SE","potentialAction":[{"@type":"ReadAction","target":["https:\/\/www.eino.eu\/tuote\/liukukulma-40x40x100x2\/"]}]},{"@type":"ImageObject","inLanguage":"sv-SE","@id":"https:\/\/www.eino.eu\/tuote\/liukukulma-40x40x100x2\/#primaryimage","url":"https:\/\/www.eino.eu\/wp-content\/uploads\/2024\/04\/EINO_tuotekuva_19_b.jpg","contentUrl":"https:\/\/www.eino.eu\/wp-content\/uploads\/2024\/04\/EINO_tuotekuva_19_b.jpg","width":2500,"height":2500},{"@type":"BreadcrumbList","@id":"https:\/\/www.eino.eu\/tuote\/liukukulma-40x40x100x2\/#breadcrumb","itemListElement":[{"@type":"ListItem","position":1,"name":"Etusivu","item":"https:\/\/www.eino.eu\/"},{"@type":"ListItem","position":2,"name":"Kauppa","item":"https:\/\/www.eino.eu\/kauppa\/"},{"@type":"ListItem","position":3,"name":"LIUKUKULMA 100x40x40x2"}]},{"@type":"WebSite","@id":"https:\/\/www.eino.eu\/#website","url":"https:\/\/www.eino.eu\/","name":"EINO-VERKKOKAUPPA","description":"Aina laadukkaita tuotteita kilpailukykyisin hinnoin.","publisher":{"@id":"https:\/\/www.eino.eu\/#organization"},"potentialAction":[{"@type":"SearchAction","target":{"@type":"EntryPoint","urlTemplate":"https:\/\/www.eino.eu\/?s={search_term_string}"},"query-input":{"@type":"PropertyValueSpecification","valueRequired":true,"valueName":"search_term_string"}}],"inLanguage":"sv-SE"},{"@type":"Organization","@id":"https:\/\/www.eino.eu\/#organization","name":"EINO-VERKKOKAUPPA","url":"https:\/\/www.eino.eu\/","logo":{"@type":"ImageObject","inLanguage":"sv-SE","@id":"https:\/\/www.eino.eu\/#\/schema\/logo\/image\/","url":"https:\/\/www.eino.eu\/wp-content\/uploads\/2019\/02\/cropped-eino300-4.png","contentUrl":"https:\/\/www.eino.eu\/wp-content\/uploads\/2019\/02\/cropped-eino300-4.png","width":300,"height":300,"caption":"EINO-VERKKOKAUPPA"},"image":{"@id":"https:\/\/www.eino.eu\/#\/schema\/logo\/image\/"},"sameAs":["https:\/\/www.facebook.com\/Eino.eu","https:\/\/www.instagram.com\/original_eino\/"]}]}},"uagb_featured_image_src":{"full":["https:\/\/www.eino.eu\/wp-content\/uploads\/2024\/04\/EINO_tuotekuva_19_b.jpg",2500,2500,false],"thumbnail":["https:\/\/www.eino.eu\/wp-content\/uploads\/2024\/04\/EINO_tuotekuva_19_b-150x150.jpg",150,150,true],"medium":["https:\/\/www.eino.eu\/wp-content\/uploads\/2024\/04\/EINO_tuotekuva_19_b-300x300.jpg",300,300,true],"medium_large":["https:\/\/www.eino.eu\/wp-content\/uploads\/2024\/04\/EINO_tuotekuva_19_b-768x768.jpg",768,768,true],"large":["https:\/\/www.eino.eu\/wp-content\/uploads\/2024\/04\/EINO_tuotekuva_19_b-1024x1024.jpg",1024,1024,true],"1536x1536":["https:\/\/www.eino.eu\/wp-content\/uploads\/2024\/04\/EINO_tuotekuva_19_b-1536x1536.jpg",1536,1536,true],"2048x2048":["https:\/\/www.eino.eu\/wp-content\/uploads\/2024\/04\/EINO_tuotekuva_19_b-2048x2048.jpg",2048,2048,true],"trp-custom-language-flag":["https:\/\/www.eino.eu\/wp-content\/uploads\/2024\/04\/EINO_tuotekuva_19_b.jpg",12,12,false],"woocommerce_thumbnail":["https:\/\/www.eino.eu\/wp-content\/uploads\/2024\/04\/EINO_tuotekuva_19_b-300x300.jpg",300,300,true],"woocommerce_single":["https:\/\/www.eino.eu\/wp-content\/uploads\/2024\/04\/EINO_tuotekuva_19_b-600x600.jpg",600,600,true],"woocommerce_gallery_thumbnail":["https:\/\/www.eino.eu\/wp-content\/uploads\/2024\/04\/EINO_tuotekuva_19_b-100x100.jpg",100,100,true]},"uagb_author_info":{"display_name":"mediaadmin","author_link":"https:\/\/www.eino.eu\/sv\/author\/mediaadmin\/"},"uagb_comment_info":0,"uagb_excerpt":"K\u00e4ytt\u00f6luokitus: 1,2 Materiaalin ominaisuudet: Kuumasinkitty ter\u00e4s CE Ominaisuus, rei\u00e4t: 5mm, 5x80mm K\u00e4ytt\u00f6tapa: Lis\u00e4eristerungon kiinnike &gt;Mahdollistaa hirsirakenteen luonnollisen painumisen.\/ Asennus rakennesuunnittelijan ohjeen mukaan. Kiinnitt\u00e4minen: Ankkurinaula 4x40\/ 5x40 + kupukanta ruuvi+aluslevy Pakkauskoko: 100 kpl","featured_img":"https:\/\/www.eino.eu\/wp-content\/uploads\/2024\/04\/EINO_tuotekuva_19_b.jpg","coauthors":[],"author_meta":{"author_link":"https:\/\/www.eino.eu\/sv\/author\/mediaadmin\/","display_name":"mediaadmin"},"relative_dates":{"created":"Publicerad 2 \u00e5r sedan","modified":"Uppdaterad 2 m\u00e5nader sedan"},"absolute_dates":{"created":"Publicerat den 22.4.2024","modified":"Uppdaterad den 17.2.2026"},"absolute_dates_time":{"created":"Publicerat den 22.4.2024 15:54","modified":"Uppdaterad den 17.2.2026 14:06"},"featured_img_caption":"","tax_additional":{"product_brand":{"linked":[],"unlinked":[],"slug":"product_brand","name":"Varum\u00e4rken"},"product_type":{"linked":["<a href=\"https:\/\/www.eino.eu\/sv\/?taxonomy=product_type&#038;term=simple\" class=\"advgb-post-tax-term\">simple<\/a>"],"unlinked":["<span class=\"advgb-post-tax-term\">simple<\/span>"],"slug":"product_type","name":"Produkttyp"},"product_visibility":{"linked":[],"unlinked":[],"slug":"product_visibility","name":"Produktsynlighet"},"product_cat":{"linked":["<a href=\"https:\/\/www.eino.eu\/sv\/produkt-kategori\/kiinnikkeet\/hirsikiinnikkeet\/\" class=\"advgb-post-tax-term\">Hirsikiinnikkeet<\/a>","<a href=\"https:\/\/www.eino.eu\/sv\/produkt-kategori\/kiinnikkeet\/\" class=\"advgb-post-tax-term\">Kiinnikkeet<\/a>"],"unlinked":["<span class=\"advgb-post-tax-term\">Hirsikiinnikkeet<\/span>","<span class=\"advgb-post-tax-term\">Kiinnikkeet<\/span>"],"slug":"product_cat","name":"Produktkategorier"},"product_tag":{"linked":["<a href=\"https:\/\/www.eino.eu\/sv\/produktetikett\/hirsiliuku\/\" class=\"advgb-post-tax-term\">hirsiliuku<\/a>","<a href=\"https:\/\/www.eino.eu\/sv\/produktetikett\/liukukulma\/\" class=\"advgb-post-tax-term\">liukukulma<\/a>","<a href=\"https:\/\/www.eino.eu\/sv\/produktetikett\/liukurauta\/\" class=\"advgb-post-tax-term\">Liukurauta<\/a>"],"unlinked":["<span class=\"advgb-post-tax-term\">hirsiliuku<\/span>","<span class=\"advgb-post-tax-term\">liukukulma<\/span>","<span class=\"advgb-post-tax-term\">Liukurauta<\/span>"],"slug":"product_tag","name":"Produktetiketter"},"product_shipping_class":{"linked":[],"unlinked":[],"slug":"product_shipping_class","name":"Fraktklasser f\u00f6r produkt"},"pos_product_visibility":{"linked":[],"unlinked":[],"slug":"pos_product_visibility","name":"POS-produktsynlighet"}},"series_order":"","jetpack_sharing_enabled":true,"_links":{"self":[{"href":"https:\/\/www.eino.eu\/sv\/wp-json\/wp\/v2\/product\/1170","targetHints":{"allow":["GET"]}}],"collection":[{"href":"https:\/\/www.eino.eu\/sv\/wp-json\/wp\/v2\/product"}],"about":[{"href":"https:\/\/www.eino.eu\/sv\/wp-json\/wp\/v2\/types\/product"}],"replies":[{"embeddable":true,"href":"https:\/\/www.eino.eu\/sv\/wp-json\/wp\/v2\/comments?post=1170"}],"wp:featuredmedia":[{"embeddable":true,"href":"https:\/\/www.eino.eu\/sv\/wp-json\/wp\/v2\/media\/1515"}],"wp:attachment":[{"href":"https:\/\/www.eino.eu\/sv\/wp-json\/wp\/v2\/media?parent=1170"}],"wp:term":[{"taxonomy":"product_brand","embeddable":true,"href":"https:\/\/www.eino.eu\/sv\/wp-json\/wp\/v2\/product_brand?post=1170"},{"taxonomy":"product_cat","embeddable":true,"href":"https:\/\/www.eino.eu\/sv\/wp-json\/wp\/v2\/product_cat?post=1170"},{"taxonomy":"product_tag","embeddable":true,"href":"https:\/\/www.eino.eu\/sv\/wp-json\/wp\/v2\/product_tag?post=1170"}],"curies":[{"name":"wp","href":"https:\/\/api.w.org\/{rel}","templated":true}]}}