{"id":1167,"date":"2024-04-22T15:54:44","date_gmt":"2024-04-22T12:54:44","guid":{"rendered":"https:\/\/www.eino.eu\/?post_type=product&#038;p=1167"},"modified":"2026-02-17T14:06:19","modified_gmt":"2026-02-17T12:06:19","slug":"pilarikenka-85-145-valuun","status":"publish","type":"product","link":"https:\/\/www.eino.eu\/sv\/produkt\/pilarikenka-85-145-valuun\/","title":{"rendered":"PELARSKOR 85-145 Ovanp\u00e5 gjutning"},"content":{"rendered":"<p>Pelarskor \u00e4r varmf\u00f6rzinkade och CE-m\u00e4rkta.<\/p>\n<p>Finns i olika m\u00e5tt.<\/p>\n<p>Vid installation ska CE-m\u00e4rkta ankarskruvar eller ankarspikar\/bultar som \u00e4r l\u00e4mpliga f\u00f6r det aktuella materialet anv\u00e4ndas. H\u00f6jdens justeringsm\u00e5n 50 mm.<br \/>\nBredden \u00e4r justerbar 85\u2013145 mm.<br \/>\n4 st \u00f811 mm ja 8 st \u00f85 mm<br \/>\nR\u00f6r 28 mm<br \/>\nR\u00f6rets h\u00f6jd 200 mm<br \/>\nVarmf\u00f6rzinkad 55 \u00b5<\/p>","protected":false},"excerpt":{"rendered":"<p><strong>Anv\u00e4ndningsklass:<\/strong> 1,2,3<\/p>\n<p><strong>Materialets egenskaper:<\/strong> Varmf\u00f6rzinkat st\u00e5l, CE<\/p>\n<p><strong>Egenskap, h\u00e5l:<\/strong> 8mm, 13 mm<\/p>\n<p><strong>Anv\u00e4ndningss\u00e4tt:<\/strong> Anv\u00e4nds i grunder, fr\u00e4mst som en f\u00f6rbindelse som \u00f6verf\u00f6r vertikala laster fr\u00e5n tr\u00e4pelare, d\u00e4r tr\u00e4pelarna f\u00e4sts.<\/p>\n<p><strong>Fasts\u00e4ttning <\/strong>Montering enligt konstruktionsingenj\u00f6rens anvisningar. \/ Kilankare \/ Betongskruv.<\/p>\n<p><strong>F\u00f6rpackningsstorlek: 6<\/strong><\/p>","protected":false},"author":1,"featured_media":1526,"comment_status":"open","ping_status":"closed","template":"","meta":{"_uag_custom_page_level_css":"","advgb_blocks_editor_width":"","advgb_blocks_columns_visual_guide":"","site-sidebar-layout":"default","site-content-layout":"","ast-site-content-layout":"default","site-content-style":"default","site-sidebar-style":"default","ast-global-header-display":"","ast-banner-title-visibility":"","ast-main-header-display":"","ast-hfb-above-header-display":"","ast-hfb-below-header-display":"","ast-hfb-mobile-header-display":"","site-post-title":"","ast-breadcrumbs-content":"","ast-featured-img":"","footer-sml-layout":"","ast-disable-related-posts":"","theme-transparent-header-meta":"default","adv-header-id-meta":"","stick-header-meta":"default","header-above-stick-meta":"","header-main-stick-meta":"","header-below-stick-meta":"","astra-migrate-meta-layouts":"set","ast-page-background-enabled":"default","ast-page-background-meta":{"desktop":{"background-color":"var(--ast-global-color-4)","background-image":"","background-repeat":"repeat","background-position":"center center","background-size":"auto","background-attachment":"scroll","background-type":"","background-media":"","overlay-type":"","overlay-color":"","overlay-opacity":"","overlay-gradient":""},"tablet":{"background-color":"","background-image":"","background-repeat":"repeat","background-position":"center center","background-size":"auto","background-attachment":"scroll","background-type":"","background-media":"","overlay-type":"","overlay-color":"","overlay-opacity":"","overlay-gradient":""},"mobile":{"background-color":"","background-image":"","background-repeat":"repeat","background-position":"center center","background-size":"auto","background-attachment":"scroll","background-type":"","background-media":"","overlay-type":"","overlay-color":"","overlay-opacity":"","overlay-gradient":""}},"ast-content-background-meta":{"desktop":{"background-color":"var(--ast-global-color-5)","background-image":"","background-repeat":"repeat","background-position":"center center","background-size":"auto","background-attachment":"scroll","background-type":"","background-media":"","overlay-type":"","overlay-color":"","overlay-opacity":"","overlay-gradient":""},"tablet":{"background-color":"var(--ast-global-color-5)","background-image":"","background-repeat":"repeat","background-position":"center center","background-size":"auto","background-attachment":"scroll","background-type":"","background-media":"","overlay-type":"","overlay-color":"","overlay-opacity":"","overlay-gradient":""},"mobile":{"background-color":"var(--ast-global-color-5)","background-image":"","background-repeat":"repeat","background-position":"center center","background-size":"auto","background-attachment":"scroll","background-type":"","background-media":"","overlay-type":"","overlay-color":"","overlay-opacity":"","overlay-gradient":""}}},"product_brand":[],"product_cat":[25,29],"product_tag":[45,47,46,44,76,48],"class_list":{"0":"post-1167","1":"product","2":"type-product","3":"status-publish","4":"has-post-thumbnail","6":"product_cat-kiinnikkeet","7":"product_cat-pilarikengat","8":"product_tag-80-120","9":"product_tag-jalkiasennettava","10":"product_tag-kuumasinkitty","11":"product_tag-pilarikenka-saadettava","12":"product_tag-saadettava-pilarikenka","13":"product_tag-valun-paalle","14":"desktop-align-left","15":"tablet-align-left","16":"mobile-align-left","17":"ast-product-gallery-layout-horizontal-slider","18":"ast-product-gallery-with-no-image","19":"ast-product-tabs-layout-horizontal","20":"ast-qv-on-image","22":"first","23":"instock","24":"taxable","25":"shipping-taxable","26":"purchasable","27":"product-type-simple"},"yoast_head":"<!-- This site is optimized with the Yoast SEO plugin v27.4 - https:\/\/yoast.com\/product\/yoast-seo-wordpress\/ -->\n<title>PILARIKENK\u00c4 85-145 Valun p\u00e4\u00e4lle - EINO-VERKKOKAUPPA<\/title>\n<meta name=\"description\" content=\"S\u00e4\u00e4dett\u00e4v\u00e4 pilarikenk\u00e4 85-145 valun p\u00e4\u00e4lle, kuumasinkitty, CE-merkitty, raaka-aine 4mm, korkeus s\u00e4\u00e4t\u00f6 50mm, leveys s\u00e4\u00e4t\u00f6 85-145mm\" \/>\n<meta name=\"robots\" content=\"index, follow, max-snippet:-1, max-image-preview:large, max-video-preview:-1\" \/>\n<link rel=\"canonical\" href=\"https:\/\/www.eino.eu\/sv\/produkt\/pilarikenka-85-145-valuun\/\" \/>\n<meta property=\"og:locale\" content=\"sv_SE\" \/>\n<meta property=\"og:type\" content=\"article\" \/>\n<meta property=\"og:title\" content=\"PILARIKENK\u00c4 85-145 Valun p\u00e4\u00e4lle - EINO-VERKKOKAUPPA\" \/>\n<meta property=\"og:description\" content=\"S\u00e4\u00e4dett\u00e4v\u00e4 pilarikenk\u00e4 85-145 valun p\u00e4\u00e4lle, kuumasinkitty, CE-merkitty, raaka-aine 4mm, korkeus s\u00e4\u00e4t\u00f6 50mm, leveys s\u00e4\u00e4t\u00f6 85-145mm\" \/>\n<meta property=\"og:url\" content=\"https:\/\/www.eino.eu\/sv\/produkt\/pilarikenka-85-145-valuun\/\" \/>\n<meta property=\"og:site_name\" content=\"EINO-VERKKOKAUPPA\" \/>\n<meta property=\"article:publisher\" content=\"https:\/\/www.facebook.com\/Eino.eu\" \/>\n<meta property=\"article:modified_time\" content=\"2026-02-17T12:06:19+00:00\" \/>\n<meta property=\"og:image\" content=\"https:\/\/www.eino.eu\/wp-content\/uploads\/2024\/04\/901107-Pilarikenka-valun-paalle-85-145.jpg\" \/>\n\t<meta property=\"og:image:width\" content=\"727\" \/>\n\t<meta property=\"og:image:height\" content=\"1194\" \/>\n\t<meta property=\"og:image:type\" content=\"image\/jpeg\" \/>\n<meta name=\"twitter:card\" content=\"summary_large_image\" \/>\n<meta name=\"twitter:label1\" content=\"Ber\u00e4knad l\u00e4stid\" \/>\n\t<meta name=\"twitter:data1\" content=\"1 minut\" \/>\n<script type=\"application\/ld+json\" class=\"yoast-schema-graph\">{\"@context\":\"https:\\\/\\\/schema.org\",\"@graph\":[{\"@type\":\"WebPage\",\"@id\":\"https:\\\/\\\/www.eino.eu\\\/tuote\\\/pilarikenka-85-145-valuun\\\/\",\"url\":\"https:\\\/\\\/www.eino.eu\\\/tuote\\\/pilarikenka-85-145-valuun\\\/\",\"name\":\"PILARIKENK\u00c4 85-145 Valun p\u00e4\u00e4lle - EINO-VERKKOKAUPPA\",\"isPartOf\":{\"@id\":\"https:\\\/\\\/www.eino.eu\\\/#website\"},\"primaryImageOfPage\":{\"@id\":\"https:\\\/\\\/www.eino.eu\\\/tuote\\\/pilarikenka-85-145-valuun\\\/#primaryimage\"},\"image\":{\"@id\":\"https:\\\/\\\/www.eino.eu\\\/tuote\\\/pilarikenka-85-145-valuun\\\/#primaryimage\"},\"thumbnailUrl\":\"https:\\\/\\\/www.eino.eu\\\/wp-content\\\/uploads\\\/2024\\\/04\\\/901107-Pilarikenka-valun-paalle-85-145.jpg\",\"datePublished\":\"2024-04-22T12:54:44+00:00\",\"dateModified\":\"2026-02-17T12:06:19+00:00\",\"description\":\"S\u00e4\u00e4dett\u00e4v\u00e4 pilarikenk\u00e4 85-145 valun p\u00e4\u00e4lle, kuumasinkitty, CE-merkitty, raaka-aine 4mm, korkeus s\u00e4\u00e4t\u00f6 50mm, leveys s\u00e4\u00e4t\u00f6 85-145mm\",\"breadcrumb\":{\"@id\":\"https:\\\/\\\/www.eino.eu\\\/tuote\\\/pilarikenka-85-145-valuun\\\/#breadcrumb\"},\"inLanguage\":\"sv-SE\",\"potentialAction\":[{\"@type\":\"ReadAction\",\"target\":[\"https:\\\/\\\/www.eino.eu\\\/tuote\\\/pilarikenka-85-145-valuun\\\/\"]}]},{\"@type\":\"ImageObject\",\"inLanguage\":\"sv-SE\",\"@id\":\"https:\\\/\\\/www.eino.eu\\\/tuote\\\/pilarikenka-85-145-valuun\\\/#primaryimage\",\"url\":\"https:\\\/\\\/www.eino.eu\\\/wp-content\\\/uploads\\\/2024\\\/04\\\/901107-Pilarikenka-valun-paalle-85-145.jpg\",\"contentUrl\":\"https:\\\/\\\/www.eino.eu\\\/wp-content\\\/uploads\\\/2024\\\/04\\\/901107-Pilarikenka-valun-paalle-85-145.jpg\",\"width\":727,\"height\":1194},{\"@type\":\"BreadcrumbList\",\"@id\":\"https:\\\/\\\/www.eino.eu\\\/tuote\\\/pilarikenka-85-145-valuun\\\/#breadcrumb\",\"itemListElement\":[{\"@type\":\"ListItem\",\"position\":1,\"name\":\"Etusivu\",\"item\":\"https:\\\/\\\/www.eino.eu\\\/\"},{\"@type\":\"ListItem\",\"position\":2,\"name\":\"Kauppa\",\"item\":\"https:\\\/\\\/www.eino.eu\\\/kauppa\\\/\"},{\"@type\":\"ListItem\",\"position\":3,\"name\":\"PILARIKENK\u00c4 85-145 Valun p\u00e4\u00e4lle\"}]},{\"@type\":\"WebSite\",\"@id\":\"https:\\\/\\\/www.eino.eu\\\/#website\",\"url\":\"https:\\\/\\\/www.eino.eu\\\/\",\"name\":\"EINO-VERKKOKAUPPA\",\"description\":\"Aina laadukkaita tuotteita kilpailukykyisin hinnoin.\",\"publisher\":{\"@id\":\"https:\\\/\\\/www.eino.eu\\\/#organization\"},\"potentialAction\":[{\"@type\":\"SearchAction\",\"target\":{\"@type\":\"EntryPoint\",\"urlTemplate\":\"https:\\\/\\\/www.eino.eu\\\/?s={search_term_string}\"},\"query-input\":{\"@type\":\"PropertyValueSpecification\",\"valueRequired\":true,\"valueName\":\"search_term_string\"}}],\"inLanguage\":\"sv-SE\"},{\"@type\":\"Organization\",\"@id\":\"https:\\\/\\\/www.eino.eu\\\/#organization\",\"name\":\"EINO-VERKKOKAUPPA\",\"url\":\"https:\\\/\\\/www.eino.eu\\\/\",\"logo\":{\"@type\":\"ImageObject\",\"inLanguage\":\"sv-SE\",\"@id\":\"https:\\\/\\\/www.eino.eu\\\/#\\\/schema\\\/logo\\\/image\\\/\",\"url\":\"https:\\\/\\\/www.eino.eu\\\/wp-content\\\/uploads\\\/2019\\\/02\\\/cropped-eino300-4.png\",\"contentUrl\":\"https:\\\/\\\/www.eino.eu\\\/wp-content\\\/uploads\\\/2019\\\/02\\\/cropped-eino300-4.png\",\"width\":300,\"height\":300,\"caption\":\"EINO-VERKKOKAUPPA\"},\"image\":{\"@id\":\"https:\\\/\\\/www.eino.eu\\\/#\\\/schema\\\/logo\\\/image\\\/\"},\"sameAs\":[\"https:\\\/\\\/www.facebook.com\\\/Eino.eu\",\"https:\\\/\\\/www.instagram.com\\\/original_eino\\\/\"]}]}<\/script>\n<!-- \/ Yoast SEO plugin. -->","yoast_head_json":{"title":"PILARIKENK\u00c4 85-145 Valun p\u00e4\u00e4lle - EINO-VERKKOKAUPPA","description":"S\u00e4\u00e4dett\u00e4v\u00e4 pilarikenk\u00e4 85-145 valun p\u00e4\u00e4lle, kuumasinkitty, CE-merkitty, raaka-aine 4mm, korkeus s\u00e4\u00e4t\u00f6 50mm, leveys s\u00e4\u00e4t\u00f6 85-145mm","robots":{"index":"index","follow":"follow","max-snippet":"max-snippet:-1","max-image-preview":"max-image-preview:large","max-video-preview":"max-video-preview:-1"},"canonical":"https:\/\/www.eino.eu\/sv\/produkt\/pilarikenka-85-145-valuun\/","og_locale":"sv_SE","og_type":"article","og_title":"PILARIKENK\u00c4 85-145 Valun p\u00e4\u00e4lle - EINO-VERKKOKAUPPA","og_description":"S\u00e4\u00e4dett\u00e4v\u00e4 pilarikenk\u00e4 85-145 valun p\u00e4\u00e4lle, kuumasinkitty, CE-merkitty, raaka-aine 4mm, korkeus s\u00e4\u00e4t\u00f6 50mm, leveys s\u00e4\u00e4t\u00f6 85-145mm","og_url":"https:\/\/www.eino.eu\/sv\/produkt\/pilarikenka-85-145-valuun\/","og_site_name":"EINO-VERKKOKAUPPA","article_publisher":"https:\/\/www.facebook.com\/Eino.eu","article_modified_time":"2026-02-17T12:06:19+00:00","og_image":[{"width":727,"height":1194,"url":"https:\/\/www.eino.eu\/wp-content\/uploads\/2024\/04\/901107-Pilarikenka-valun-paalle-85-145.jpg","type":"image\/jpeg"}],"twitter_card":"summary_large_image","twitter_misc":{"Ber\u00e4knad l\u00e4stid":"1 minut"},"schema":{"@context":"https:\/\/schema.org","@graph":[{"@type":"WebPage","@id":"https:\/\/www.eino.eu\/tuote\/pilarikenka-85-145-valuun\/","url":"https:\/\/www.eino.eu\/tuote\/pilarikenka-85-145-valuun\/","name":"PILARIKENK\u00c4 85-145 Valun p\u00e4\u00e4lle - EINO-VERKKOKAUPPA","isPartOf":{"@id":"https:\/\/www.eino.eu\/#website"},"primaryImageOfPage":{"@id":"https:\/\/www.eino.eu\/tuote\/pilarikenka-85-145-valuun\/#primaryimage"},"image":{"@id":"https:\/\/www.eino.eu\/tuote\/pilarikenka-85-145-valuun\/#primaryimage"},"thumbnailUrl":"https:\/\/www.eino.eu\/wp-content\/uploads\/2024\/04\/901107-Pilarikenka-valun-paalle-85-145.jpg","datePublished":"2024-04-22T12:54:44+00:00","dateModified":"2026-02-17T12:06:19+00:00","description":"S\u00e4\u00e4dett\u00e4v\u00e4 pilarikenk\u00e4 85-145 valun p\u00e4\u00e4lle, kuumasinkitty, CE-merkitty, raaka-aine 4mm, korkeus s\u00e4\u00e4t\u00f6 50mm, leveys s\u00e4\u00e4t\u00f6 85-145mm","breadcrumb":{"@id":"https:\/\/www.eino.eu\/tuote\/pilarikenka-85-145-valuun\/#breadcrumb"},"inLanguage":"sv-SE","potentialAction":[{"@type":"ReadAction","target":["https:\/\/www.eino.eu\/tuote\/pilarikenka-85-145-valuun\/"]}]},{"@type":"ImageObject","inLanguage":"sv-SE","@id":"https:\/\/www.eino.eu\/tuote\/pilarikenka-85-145-valuun\/#primaryimage","url":"https:\/\/www.eino.eu\/wp-content\/uploads\/2024\/04\/901107-Pilarikenka-valun-paalle-85-145.jpg","contentUrl":"https:\/\/www.eino.eu\/wp-content\/uploads\/2024\/04\/901107-Pilarikenka-valun-paalle-85-145.jpg","width":727,"height":1194},{"@type":"BreadcrumbList","@id":"https:\/\/www.eino.eu\/tuote\/pilarikenka-85-145-valuun\/#breadcrumb","itemListElement":[{"@type":"ListItem","position":1,"name":"Etusivu","item":"https:\/\/www.eino.eu\/"},{"@type":"ListItem","position":2,"name":"Kauppa","item":"https:\/\/www.eino.eu\/kauppa\/"},{"@type":"ListItem","position":3,"name":"PILARIKENK\u00c4 85-145 Valun p\u00e4\u00e4lle"}]},{"@type":"WebSite","@id":"https:\/\/www.eino.eu\/#website","url":"https:\/\/www.eino.eu\/","name":"EINO-VERKKOKAUPPA","description":"Aina laadukkaita tuotteita kilpailukykyisin hinnoin.","publisher":{"@id":"https:\/\/www.eino.eu\/#organization"},"potentialAction":[{"@type":"SearchAction","target":{"@type":"EntryPoint","urlTemplate":"https:\/\/www.eino.eu\/?s={search_term_string}"},"query-input":{"@type":"PropertyValueSpecification","valueRequired":true,"valueName":"search_term_string"}}],"inLanguage":"sv-SE"},{"@type":"Organization","@id":"https:\/\/www.eino.eu\/#organization","name":"EINO-VERKKOKAUPPA","url":"https:\/\/www.eino.eu\/","logo":{"@type":"ImageObject","inLanguage":"sv-SE","@id":"https:\/\/www.eino.eu\/#\/schema\/logo\/image\/","url":"https:\/\/www.eino.eu\/wp-content\/uploads\/2019\/02\/cropped-eino300-4.png","contentUrl":"https:\/\/www.eino.eu\/wp-content\/uploads\/2019\/02\/cropped-eino300-4.png","width":300,"height":300,"caption":"EINO-VERKKOKAUPPA"},"image":{"@id":"https:\/\/www.eino.eu\/#\/schema\/logo\/image\/"},"sameAs":["https:\/\/www.facebook.com\/Eino.eu","https:\/\/www.instagram.com\/original_eino\/"]}]}},"uagb_featured_image_src":{"full":["https:\/\/www.eino.eu\/wp-content\/uploads\/2024\/04\/901107-Pilarikenka-valun-paalle-85-145.jpg",727,1194,false],"thumbnail":["https:\/\/www.eino.eu\/wp-content\/uploads\/2024\/04\/901107-Pilarikenka-valun-paalle-85-145-150x150.jpg",150,150,true],"medium":["https:\/\/www.eino.eu\/wp-content\/uploads\/2024\/04\/901107-Pilarikenka-valun-paalle-85-145-183x300.jpg",183,300,true],"medium_large":["https:\/\/www.eino.eu\/wp-content\/uploads\/2024\/04\/901107-Pilarikenka-valun-paalle-85-145.jpg",727,1194,false],"large":["https:\/\/www.eino.eu\/wp-content\/uploads\/2024\/04\/901107-Pilarikenka-valun-paalle-85-145-623x1024.jpg",623,1024,true],"1536x1536":["https:\/\/www.eino.eu\/wp-content\/uploads\/2024\/04\/901107-Pilarikenka-valun-paalle-85-145.jpg",727,1194,false],"2048x2048":["https:\/\/www.eino.eu\/wp-content\/uploads\/2024\/04\/901107-Pilarikenka-valun-paalle-85-145.jpg",727,1194,false],"trp-custom-language-flag":["https:\/\/www.eino.eu\/wp-content\/uploads\/2024\/04\/901107-Pilarikenka-valun-paalle-85-145.jpg",7,12,false],"woocommerce_thumbnail":["https:\/\/www.eino.eu\/wp-content\/uploads\/2024\/04\/901107-Pilarikenka-valun-paalle-85-145-300x300.jpg",300,300,true],"woocommerce_single":["https:\/\/www.eino.eu\/wp-content\/uploads\/2024\/04\/901107-Pilarikenka-valun-paalle-85-145-600x985.jpg",600,985,true],"woocommerce_gallery_thumbnail":["https:\/\/www.eino.eu\/wp-content\/uploads\/2024\/04\/901107-Pilarikenka-valun-paalle-85-145-100x100.jpg",100,100,true]},"uagb_author_info":{"display_name":"mediaadmin","author_link":"https:\/\/www.eino.eu\/sv\/author\/mediaadmin\/"},"uagb_comment_info":0,"uagb_excerpt":"K\u00e4ytt\u00f6luokitus: 1,2,3 Materiaalin ominaisuudet: Kuumasinkitty ter\u00e4s CE Ominaisuus, rei\u00e4t: 8mm, 13 mm K\u00e4ytt\u00f6tapa: K\u00e4ytet\u00e4\u00e4n perustuksissa, p\u00e4\u00e4asiassa puupilarien pystysuoria kuormia v\u00e4litt\u00e4v\u00e4n\u00e4 liitoksena, joilla puupilarit kiinnitet\u00e4\u00e4n. Kiinnitt\u00e4minen: Asennus rakennesuunnittelijan ohjeen mukaan. \/ Kiila-ankkuri\/ Betoniruuvi Pakkauskoko: 6","featured_img":"https:\/\/www.eino.eu\/wp-content\/uploads\/2024\/04\/901107-Pilarikenka-valun-paalle-85-145.jpg","coauthors":[],"author_meta":{"author_link":"https:\/\/www.eino.eu\/sv\/author\/mediaadmin\/","display_name":"mediaadmin"},"relative_dates":{"created":"Publicerad 2 \u00e5r sedan","modified":"Uppdaterad 2 m\u00e5nader sedan"},"absolute_dates":{"created":"Publicerat den 22.4.2024","modified":"Uppdaterad den 17.2.2026"},"absolute_dates_time":{"created":"Publicerat den 22.4.2024 15:54","modified":"Uppdaterad den 17.2.2026 14:06"},"featured_img_caption":"","tax_additional":{"product_brand":{"linked":[],"unlinked":[],"slug":"product_brand","name":"Varum\u00e4rken"},"product_type":{"linked":["<a href=\"https:\/\/www.eino.eu\/sv\/?taxonomy=product_type&#038;term=simple\" class=\"advgb-post-tax-term\">simple<\/a>"],"unlinked":["<span class=\"advgb-post-tax-term\">simple<\/span>"],"slug":"product_type","name":"Produkttyp"},"product_visibility":{"linked":[],"unlinked":[],"slug":"product_visibility","name":"Produktsynlighet"},"product_cat":{"linked":["<a href=\"https:\/\/www.eino.eu\/sv\/produkt-kategori\/kiinnikkeet\/\" class=\"advgb-post-tax-term\">Kiinnikkeet<\/a>","<a href=\"https:\/\/www.eino.eu\/sv\/produkt-kategori\/kiinnikkeet\/pilarikengat\/\" class=\"advgb-post-tax-term\">Pilarikeng\u00e4t<\/a>"],"unlinked":["<span class=\"advgb-post-tax-term\">Kiinnikkeet<\/span>","<span class=\"advgb-post-tax-term\">Pilarikeng\u00e4t<\/span>"],"slug":"product_cat","name":"Produktkategorier"},"product_tag":{"linked":["<a href=\"https:\/\/www.eino.eu\/sv\/produktetikett\/80-120\/\" class=\"advgb-post-tax-term\">80-120<\/a>","<a href=\"https:\/\/www.eino.eu\/sv\/produktetikett\/jalkiasennettava\/\" class=\"advgb-post-tax-term\">j\u00e4lkiasennettava<\/a>","<a href=\"https:\/\/www.eino.eu\/sv\/produktetikett\/kuumasinkitty\/\" class=\"advgb-post-tax-term\">kuumasinkitty<\/a>","<a href=\"https:\/\/www.eino.eu\/sv\/produktetikett\/pilarikenka-saadettava\/\" class=\"advgb-post-tax-term\">Pilarikenk\u00e4 s\u00e4\u00e4dett\u00e4v\u00e4<\/a>","<a href=\"https:\/\/www.eino.eu\/sv\/produktetikett\/saadettava-pilarikenka\/\" class=\"advgb-post-tax-term\">S\u00e4\u00e4dett\u00e4v\u00e4 pilarikenk\u00e4<\/a>","<a href=\"https:\/\/www.eino.eu\/sv\/produktetikett\/valun-paalle\/\" class=\"advgb-post-tax-term\">valun p\u00e4\u00e4lle<\/a>"],"unlinked":["<span class=\"advgb-post-tax-term\">80-120<\/span>","<span class=\"advgb-post-tax-term\">j\u00e4lkiasennettava<\/span>","<span class=\"advgb-post-tax-term\">kuumasinkitty<\/span>","<span class=\"advgb-post-tax-term\">Pilarikenk\u00e4 s\u00e4\u00e4dett\u00e4v\u00e4<\/span>","<span class=\"advgb-post-tax-term\">S\u00e4\u00e4dett\u00e4v\u00e4 pilarikenk\u00e4<\/span>","<span class=\"advgb-post-tax-term\">valun p\u00e4\u00e4lle<\/span>"],"slug":"product_tag","name":"Produktetiketter"},"product_shipping_class":{"linked":[],"unlinked":[],"slug":"product_shipping_class","name":"Fraktklasser f\u00f6r produkt"},"pos_product_visibility":{"linked":[],"unlinked":[],"slug":"pos_product_visibility","name":"POS-produktsynlighet"}},"series_order":"","jetpack_sharing_enabled":true,"_links":{"self":[{"href":"https:\/\/www.eino.eu\/sv\/wp-json\/wp\/v2\/product\/1167","targetHints":{"allow":["GET"]}}],"collection":[{"href":"https:\/\/www.eino.eu\/sv\/wp-json\/wp\/v2\/product"}],"about":[{"href":"https:\/\/www.eino.eu\/sv\/wp-json\/wp\/v2\/types\/product"}],"replies":[{"embeddable":true,"href":"https:\/\/www.eino.eu\/sv\/wp-json\/wp\/v2\/comments?post=1167"}],"wp:featuredmedia":[{"embeddable":true,"href":"https:\/\/www.eino.eu\/sv\/wp-json\/wp\/v2\/media\/1526"}],"wp:attachment":[{"href":"https:\/\/www.eino.eu\/sv\/wp-json\/wp\/v2\/media?parent=1167"}],"wp:term":[{"taxonomy":"product_brand","embeddable":true,"href":"https:\/\/www.eino.eu\/sv\/wp-json\/wp\/v2\/product_brand?post=1167"},{"taxonomy":"product_cat","embeddable":true,"href":"https:\/\/www.eino.eu\/sv\/wp-json\/wp\/v2\/product_cat?post=1167"},{"taxonomy":"product_tag","embeddable":true,"href":"https:\/\/www.eino.eu\/sv\/wp-json\/wp\/v2\/product_tag?post=1167"}],"curies":[{"name":"wp","href":"https:\/\/api.w.org\/{rel}","templated":true}]}}