{"id":603,"date":"2019-06-25T12:49:41","date_gmt":"2019-06-25T09:49:41","guid":{"rendered":"https:\/\/www.eino.eu\/?page_id=603"},"modified":"2025-07-15T13:35:51","modified_gmt":"2025-07-15T10:35:51","slug":"safecard","status":"publish","type":"page","link":"https:\/\/www.eino.eu\/sv\/safecard\/","title":{"rendered":"SAFECARD"},"content":{"rendered":"","protected":false},"excerpt":{"rendered":"","protected":false},"author":1,"featured_media":0,"parent":0,"menu_order":0,"comment_status":"closed","ping_status":"closed","template":"","meta":{"_uag_custom_page_level_css":"","advgb_blocks_editor_width":"","advgb_blocks_columns_visual_guide":"","site-sidebar-layout":"default","site-content-layout":"","ast-site-content-layout":"default","site-content-style":"default","site-sidebar-style":"default","ast-global-header-display":"","ast-banner-title-visibility":"","ast-main-header-display":"","ast-hfb-above-header-display":"","ast-hfb-below-header-display":"","ast-hfb-mobile-header-display":"","site-post-title":"","ast-breadcrumbs-content":"","ast-featured-img":"","footer-sml-layout":"","ast-disable-related-posts":"","theme-transparent-header-meta":"","adv-header-id-meta":"","stick-header-meta":"","header-above-stick-meta":"","header-main-stick-meta":"","header-below-stick-meta":"","astra-migrate-meta-layouts":"default","ast-page-background-enabled":"default","ast-page-background-meta":{"desktop":{"background-color":"var(--ast-global-color-4)","background-image":"","background-repeat":"repeat","background-position":"center center","background-size":"auto","background-attachment":"scroll","background-type":"","background-media":"","overlay-type":"","overlay-color":"","overlay-opacity":"","overlay-gradient":""},"tablet":{"background-color":"","background-image":"","background-repeat":"repeat","background-position":"center center","background-size":"auto","background-attachment":"scroll","background-type":"","background-media":"","overlay-type":"","overlay-color":"","overlay-opacity":"","overlay-gradient":""},"mobile":{"background-color":"","background-image":"","background-repeat":"repeat","background-position":"center center","background-size":"auto","background-attachment":"scroll","background-type":"","background-media":"","overlay-type":"","overlay-color":"","overlay-opacity":"","overlay-gradient":""}},"ast-content-background-meta":{"desktop":{"background-color":"var(--ast-global-color-5)","background-image":"","background-repeat":"repeat","background-position":"center center","background-size":"auto","background-attachment":"scroll","background-type":"","background-media":"","overlay-type":"","overlay-color":"","overlay-opacity":"","overlay-gradient":""},"tablet":{"background-color":"var(--ast-global-color-5)","background-image":"","background-repeat":"repeat","background-position":"center center","background-size":"auto","background-attachment":"scroll","background-type":"","background-media":"","overlay-type":"","overlay-color":"","overlay-opacity":"","overlay-gradient":""},"mobile":{"background-color":"var(--ast-global-color-5)","background-image":"","background-repeat":"repeat","background-position":"center center","background-size":"auto","background-attachment":"scroll","background-type":"","background-media":"","overlay-type":"","overlay-color":"","overlay-opacity":"","overlay-gradient":""}},"footnotes":""},"class_list":["post-603","page","type-page","status-publish","hentry"],"yoast_head":"<!-- This site is optimized with the Yoast SEO plugin v27.5 - https:\/\/yoast.com\/product\/yoast-seo-wordpress\/ -->\n<title>SAFECARD - EINO-VERKKOKAUPPA<\/title>\n<meta name=\"description\" content=\"RFID-suojaus, joka suojaa tehokkaasti ja helposti kaikki maksukorttisi langattomalta skimmaukselta. Sopii kaikkiin lompakoihin. EINO SAFECARD n\u00e4ytt\u00e4\u00e4 aivan tavalliselta pankkikortilta.EINO SAFECARD-suojakortit sis\u00e4lt\u00e4v\u00e4t kuitenkin tekniikkaa, joka est\u00e4\u00e4 tehokkaasti varkaita varastamasta korttitietojasi nk. langattoman skimmauksen avulla. H\u00e4irint\u00e4l\u00e4hetin aktivoituu, kun varas tai huijari yritt\u00e4\u00e4 lukea korttisi, jolloin korttitietojasi ei voida lukea.\u2022 1 kortti suojaa lompakkoa tehokkaasti\u2022 Sopii kaikkiin lompakoihin ja korttikoteloihin \u2022 Ei vaadi akkua tai latausta \u2022 Yksil\u00f6llinen laadunvalvonta valmistetuille kortilleEINO SAFECARD-suojakortti korttipetoksia ja skimmausta vastaanEINO SAFECARD-suojakortti on tehokas suoja lis\u00e4\u00e4ntyneit\u00e4 korttipetoksia vastaan. Vain n. 0,9mm ohut kortti n\u00e4ytt\u00e4\u00e4 tavalliselta pankkikortilta, mutta sis\u00e4lt\u00e4\u00e4 tekniikan, joka est\u00e4\u00e4 varkaita varastamasta korttitietojasi. RFID-suojaus on aina aktiivinen ja heti kun varas tai muu asiaton henkil\u00f6 yritt\u00e4\u00e4 lukea korttitietojasi, EINO-suojakortti luo s\u00e4hk\u00f6magneettisen kent\u00e4n, joka tekee korttitietosi lukukelvottomiksi. EINO-SAFECARD suojaa lompakkoasi tehokkaasti.Est\u00e4\u00e4 maksukorttien mikrosirutUseimmissa uudemmissa maksukorteissa, passeissa ja kulkukorteissa on mikrosiru l\u00e4himaksamisen mahdollistamiseksi, mik\u00e4 tekee pienten ostosten tekemisest\u00e4 yksinkertaista ja k\u00e4tev\u00e4\u00e4. Jotta t\u00e4m\u00e4 toimisi, henkil\u00f6- ja korttitietosi tallennetaan kortin mikrosiruun. N\u00e4m\u00e4 tiedot l\u00e4hetet\u00e4\u00e4n langattomasti, maksaessasi (l\u00e4himaksulla) kortillasi kassalla. Yht\u00e4 helposti kuin l\u00e4himaksaminen kassalla onnistuu, niin yht\u00e4 helposti huijari voi lukea korttitietosi jopa yhden metrin p\u00e4\u00e4st\u00e4. T\u00e4t\u00e4 kutsutaan yleens\u00e4 skimmaukseksi tai skimmaamiseksi.Tehokas suoja langatonta skimmausta vastaanTeknologia luo s\u00e4hk\u00f6magneettisen suojakent\u00e4n lompakossa olevien korttien ymp\u00e4rille, jolloin kortit ja henkil\u00f6tiedot pysyv\u00e4t turvassa. EINO- SAFECARD ei vaikuta maksukorttien magneettijuovaan tai siruun. EINO RFID-suojakortti tarjoaa tehokkaan suojauksen kortille.\" \/>\n<meta name=\"robots\" content=\"index, follow, max-snippet:-1, max-image-preview:large, max-video-preview:-1\" \/>\n<link rel=\"canonical\" href=\"https:\/\/www.eino.eu\/sv\/safecard\/\" \/>\n<meta property=\"og:locale\" content=\"sv_SE\" \/>\n<meta property=\"og:type\" content=\"article\" \/>\n<meta property=\"og:title\" content=\"SAFECARD - EINO-VERKKOKAUPPA\" \/>\n<meta property=\"og:description\" content=\"RFID-suojaus, joka suojaa tehokkaasti ja helposti kaikki maksukorttisi langattomalta skimmaukselta. Sopii kaikkiin lompakoihin. EINO SAFECARD n\u00e4ytt\u00e4\u00e4 aivan tavalliselta pankkikortilta.EINO SAFECARD-suojakortit sis\u00e4lt\u00e4v\u00e4t kuitenkin tekniikkaa, joka est\u00e4\u00e4 tehokkaasti varkaita varastamasta korttitietojasi nk. langattoman skimmauksen avulla. H\u00e4irint\u00e4l\u00e4hetin aktivoituu, kun varas tai huijari yritt\u00e4\u00e4 lukea korttisi, jolloin korttitietojasi ei voida lukea.\u2022 1 kortti suojaa lompakkoa tehokkaasti\u2022 Sopii kaikkiin lompakoihin ja korttikoteloihin \u2022 Ei vaadi akkua tai latausta \u2022 Yksil\u00f6llinen laadunvalvonta valmistetuille kortilleEINO SAFECARD-suojakortti korttipetoksia ja skimmausta vastaanEINO SAFECARD-suojakortti on tehokas suoja lis\u00e4\u00e4ntyneit\u00e4 korttipetoksia vastaan. Vain n. 0,9mm ohut kortti n\u00e4ytt\u00e4\u00e4 tavalliselta pankkikortilta, mutta sis\u00e4lt\u00e4\u00e4 tekniikan, joka est\u00e4\u00e4 varkaita varastamasta korttitietojasi. RFID-suojaus on aina aktiivinen ja heti kun varas tai muu asiaton henkil\u00f6 yritt\u00e4\u00e4 lukea korttitietojasi, EINO-suojakortti luo s\u00e4hk\u00f6magneettisen kent\u00e4n, joka tekee korttitietosi lukukelvottomiksi. EINO-SAFECARD suojaa lompakkoasi tehokkaasti.Est\u00e4\u00e4 maksukorttien mikrosirutUseimmissa uudemmissa maksukorteissa, passeissa ja kulkukorteissa on mikrosiru l\u00e4himaksamisen mahdollistamiseksi, mik\u00e4 tekee pienten ostosten tekemisest\u00e4 yksinkertaista ja k\u00e4tev\u00e4\u00e4. Jotta t\u00e4m\u00e4 toimisi, henkil\u00f6- ja korttitietosi tallennetaan kortin mikrosiruun. N\u00e4m\u00e4 tiedot l\u00e4hetet\u00e4\u00e4n langattomasti, maksaessasi (l\u00e4himaksulla) kortillasi kassalla. Yht\u00e4 helposti kuin l\u00e4himaksaminen kassalla onnistuu, niin yht\u00e4 helposti huijari voi lukea korttitietosi jopa yhden metrin p\u00e4\u00e4st\u00e4. T\u00e4t\u00e4 kutsutaan yleens\u00e4 skimmaukseksi tai skimmaamiseksi.Tehokas suoja langatonta skimmausta vastaanTeknologia luo s\u00e4hk\u00f6magneettisen suojakent\u00e4n lompakossa olevien korttien ymp\u00e4rille, jolloin kortit ja henkil\u00f6tiedot pysyv\u00e4t turvassa. EINO- SAFECARD ei vaikuta maksukorttien magneettijuovaan tai siruun. EINO RFID-suojakortti tarjoaa tehokkaan suojauksen kortille.\" \/>\n<meta property=\"og:url\" content=\"https:\/\/www.eino.eu\/sv\/safecard\/\" \/>\n<meta property=\"og:site_name\" content=\"EINO-VERKKOKAUPPA\" \/>\n<meta property=\"article:publisher\" content=\"https:\/\/www.facebook.com\/Eino.eu\" \/>\n<meta property=\"article:modified_time\" content=\"2025-07-15T10:35:51+00:00\" \/>\n<meta property=\"og:image\" content=\"https:\/\/www.eino.eu\/wp-content\/uploads\/2019\/01\/cropped-orig-eino.jpg\" \/>\n\t<meta property=\"og:image:width\" content=\"512\" \/>\n\t<meta property=\"og:image:height\" content=\"512\" \/>\n\t<meta property=\"og:image:type\" content=\"image\/jpeg\" \/>\n<meta name=\"twitter:card\" content=\"summary_large_image\" \/>\n<script type=\"application\/ld+json\" class=\"yoast-schema-graph\">{\"@context\":\"https:\\\/\\\/schema.org\",\"@graph\":[{\"@type\":\"WebPage\",\"@id\":\"https:\\\/\\\/www.eino.eu\\\/safecard\\\/\",\"url\":\"https:\\\/\\\/www.eino.eu\\\/safecard\\\/\",\"name\":\"SAFECARD - EINO-VERKKOKAUPPA\",\"isPartOf\":{\"@id\":\"https:\\\/\\\/www.eino.eu\\\/#website\"},\"datePublished\":\"2019-06-25T09:49:41+00:00\",\"dateModified\":\"2025-07-15T10:35:51+00:00\",\"description\":\"RFID-suojaus, joka suojaa tehokkaasti ja helposti kaikki maksukorttisi langattomalta skimmaukselta. Sopii kaikkiin lompakoihin. EINO SAFECARD n\u00e4ytt\u00e4\u00e4 aivan tavalliselta pankkikortilta.EINO SAFECARD-suojakortit sis\u00e4lt\u00e4v\u00e4t kuitenkin tekniikkaa, joka est\u00e4\u00e4 tehokkaasti varkaita varastamasta korttitietojasi nk. langattoman skimmauksen avulla. H\u00e4irint\u00e4l\u00e4hetin aktivoituu, kun varas tai huijari yritt\u00e4\u00e4 lukea korttisi, jolloin korttitietojasi ei voida lukea.\u2022 1 kortti suojaa lompakkoa tehokkaasti\u2022 Sopii kaikkiin lompakoihin ja korttikoteloihin \u2022 Ei vaadi akkua tai latausta \u2022 Yksil\u00f6llinen laadunvalvonta valmistetuille kortilleEINO SAFECARD-suojakortti korttipetoksia ja skimmausta vastaanEINO SAFECARD-suojakortti on tehokas suoja lis\u00e4\u00e4ntyneit\u00e4 korttipetoksia vastaan. Vain n. 0,9mm ohut kortti n\u00e4ytt\u00e4\u00e4 tavalliselta pankkikortilta, mutta sis\u00e4lt\u00e4\u00e4 tekniikan, joka est\u00e4\u00e4 varkaita varastamasta korttitietojasi. RFID-suojaus on aina aktiivinen ja heti kun varas tai muu asiaton henkil\u00f6 yritt\u00e4\u00e4 lukea korttitietojasi, EINO-suojakortti luo s\u00e4hk\u00f6magneettisen kent\u00e4n, joka tekee korttitietosi lukukelvottomiksi. EINO-SAFECARD suojaa lompakkoasi tehokkaasti.Est\u00e4\u00e4 maksukorttien mikrosirutUseimmissa uudemmissa maksukorteissa, passeissa ja kulkukorteissa on mikrosiru l\u00e4himaksamisen mahdollistamiseksi, mik\u00e4 tekee pienten ostosten tekemisest\u00e4 yksinkertaista ja k\u00e4tev\u00e4\u00e4. Jotta t\u00e4m\u00e4 toimisi, henkil\u00f6- ja korttitietosi tallennetaan kortin mikrosiruun. N\u00e4m\u00e4 tiedot l\u00e4hetet\u00e4\u00e4n langattomasti, maksaessasi (l\u00e4himaksulla) kortillasi kassalla. Yht\u00e4 helposti kuin l\u00e4himaksaminen kassalla onnistuu, niin yht\u00e4 helposti huijari voi lukea korttitietosi jopa yhden metrin p\u00e4\u00e4st\u00e4. T\u00e4t\u00e4 kutsutaan yleens\u00e4 skimmaukseksi tai skimmaamiseksi.Tehokas suoja langatonta skimmausta vastaanTeknologia luo s\u00e4hk\u00f6magneettisen suojakent\u00e4n lompakossa olevien korttien ymp\u00e4rille, jolloin kortit ja henkil\u00f6tiedot pysyv\u00e4t turvassa. EINO- SAFECARD ei vaikuta maksukorttien magneettijuovaan tai siruun. EINO RFID-suojakortti tarjoaa tehokkaan suojauksen kortille.\",\"breadcrumb\":{\"@id\":\"https:\\\/\\\/www.eino.eu\\\/safecard\\\/#breadcrumb\"},\"inLanguage\":\"sv-SE\",\"potentialAction\":[{\"@type\":\"ReadAction\",\"target\":[\"https:\\\/\\\/www.eino.eu\\\/safecard\\\/\"]}]},{\"@type\":\"BreadcrumbList\",\"@id\":\"https:\\\/\\\/www.eino.eu\\\/safecard\\\/#breadcrumb\",\"itemListElement\":[{\"@type\":\"ListItem\",\"position\":1,\"name\":\"Etusivu\",\"item\":\"https:\\\/\\\/www.eino.eu\\\/\"},{\"@type\":\"ListItem\",\"position\":2,\"name\":\"SAFECARD\"}]},{\"@type\":\"WebSite\",\"@id\":\"https:\\\/\\\/www.eino.eu\\\/#website\",\"url\":\"https:\\\/\\\/www.eino.eu\\\/\",\"name\":\"EINO-VERKKOKAUPPA\",\"description\":\"Aina laadukkaita tuotteita kilpailukykyisin hinnoin.\",\"publisher\":{\"@id\":\"https:\\\/\\\/www.eino.eu\\\/#organization\"},\"potentialAction\":[{\"@type\":\"SearchAction\",\"target\":{\"@type\":\"EntryPoint\",\"urlTemplate\":\"https:\\\/\\\/www.eino.eu\\\/?s={search_term_string}\"},\"query-input\":{\"@type\":\"PropertyValueSpecification\",\"valueRequired\":true,\"valueName\":\"search_term_string\"}}],\"inLanguage\":\"sv-SE\"},{\"@type\":\"Organization\",\"@id\":\"https:\\\/\\\/www.eino.eu\\\/#organization\",\"name\":\"EINO-VERKKOKAUPPA\",\"url\":\"https:\\\/\\\/www.eino.eu\\\/\",\"logo\":{\"@type\":\"ImageObject\",\"inLanguage\":\"sv-SE\",\"@id\":\"https:\\\/\\\/www.eino.eu\\\/#\\\/schema\\\/logo\\\/image\\\/\",\"url\":\"https:\\\/\\\/www.eino.eu\\\/wp-content\\\/uploads\\\/2019\\\/02\\\/cropped-eino300-4.png\",\"contentUrl\":\"https:\\\/\\\/www.eino.eu\\\/wp-content\\\/uploads\\\/2019\\\/02\\\/cropped-eino300-4.png\",\"width\":300,\"height\":300,\"caption\":\"EINO-VERKKOKAUPPA\"},\"image\":{\"@id\":\"https:\\\/\\\/www.eino.eu\\\/#\\\/schema\\\/logo\\\/image\\\/\"},\"sameAs\":[\"https:\\\/\\\/www.facebook.com\\\/Eino.eu\",\"https:\\\/\\\/www.instagram.com\\\/original_eino\\\/\"]}]}<\/script>\n<!-- \/ Yoast SEO plugin. -->","yoast_head_json":{"title":"SAFECARD - EINO-VERKKOKAUPPA","description":"RFID-suojaus, joka suojaa tehokkaasti ja helposti kaikki maksukorttisi langattomalta skimmaukselta. Sopii kaikkiin lompakoihin. EINO SAFECARD n\u00e4ytt\u00e4\u00e4 aivan tavalliselta pankkikortilta.EINO SAFECARD-suojakortit sis\u00e4lt\u00e4v\u00e4t kuitenkin tekniikkaa, joka est\u00e4\u00e4 tehokkaasti varkaita varastamasta korttitietojasi nk. langattoman skimmauksen avulla. H\u00e4irint\u00e4l\u00e4hetin aktivoituu, kun varas tai huijari yritt\u00e4\u00e4 lukea korttisi, jolloin korttitietojasi ei voida lukea.\u2022 1 kortti suojaa lompakkoa tehokkaasti\u2022 Sopii kaikkiin lompakoihin ja korttikoteloihin \u2022 Ei vaadi akkua tai latausta \u2022 Yksil\u00f6llinen laadunvalvonta valmistetuille kortilleEINO SAFECARD-suojakortti korttipetoksia ja skimmausta vastaanEINO SAFECARD-suojakortti on tehokas suoja lis\u00e4\u00e4ntyneit\u00e4 korttipetoksia vastaan. Vain n. 0,9mm ohut kortti n\u00e4ytt\u00e4\u00e4 tavalliselta pankkikortilta, mutta sis\u00e4lt\u00e4\u00e4 tekniikan, joka est\u00e4\u00e4 varkaita varastamasta korttitietojasi. RFID-suojaus on aina aktiivinen ja heti kun varas tai muu asiaton henkil\u00f6 yritt\u00e4\u00e4 lukea korttitietojasi, EINO-suojakortti luo s\u00e4hk\u00f6magneettisen kent\u00e4n, joka tekee korttitietosi lukukelvottomiksi. EINO-SAFECARD suojaa lompakkoasi tehokkaasti.Est\u00e4\u00e4 maksukorttien mikrosirutUseimmissa uudemmissa maksukorteissa, passeissa ja kulkukorteissa on mikrosiru l\u00e4himaksamisen mahdollistamiseksi, mik\u00e4 tekee pienten ostosten tekemisest\u00e4 yksinkertaista ja k\u00e4tev\u00e4\u00e4. Jotta t\u00e4m\u00e4 toimisi, henkil\u00f6- ja korttitietosi tallennetaan kortin mikrosiruun. N\u00e4m\u00e4 tiedot l\u00e4hetet\u00e4\u00e4n langattomasti, maksaessasi (l\u00e4himaksulla) kortillasi kassalla. Yht\u00e4 helposti kuin l\u00e4himaksaminen kassalla onnistuu, niin yht\u00e4 helposti huijari voi lukea korttitietosi jopa yhden metrin p\u00e4\u00e4st\u00e4. T\u00e4t\u00e4 kutsutaan yleens\u00e4 skimmaukseksi tai skimmaamiseksi.Tehokas suoja langatonta skimmausta vastaanTeknologia luo s\u00e4hk\u00f6magneettisen suojakent\u00e4n lompakossa olevien korttien ymp\u00e4rille, jolloin kortit ja henkil\u00f6tiedot pysyv\u00e4t turvassa. EINO- SAFECARD ei vaikuta maksukorttien magneettijuovaan tai siruun. EINO RFID-suojakortti tarjoaa tehokkaan suojauksen kortille.","robots":{"index":"index","follow":"follow","max-snippet":"max-snippet:-1","max-image-preview":"max-image-preview:large","max-video-preview":"max-video-preview:-1"},"canonical":"https:\/\/www.eino.eu\/sv\/safecard\/","og_locale":"sv_SE","og_type":"article","og_title":"SAFECARD - EINO-VERKKOKAUPPA","og_description":"RFID-suojaus, joka suojaa tehokkaasti ja helposti kaikki maksukorttisi langattomalta skimmaukselta. Sopii kaikkiin lompakoihin. EINO SAFECARD n\u00e4ytt\u00e4\u00e4 aivan tavalliselta pankkikortilta.EINO SAFECARD-suojakortit sis\u00e4lt\u00e4v\u00e4t kuitenkin tekniikkaa, joka est\u00e4\u00e4 tehokkaasti varkaita varastamasta korttitietojasi nk. langattoman skimmauksen avulla. H\u00e4irint\u00e4l\u00e4hetin aktivoituu, kun varas tai huijari yritt\u00e4\u00e4 lukea korttisi, jolloin korttitietojasi ei voida lukea.\u2022 1 kortti suojaa lompakkoa tehokkaasti\u2022 Sopii kaikkiin lompakoihin ja korttikoteloihin \u2022 Ei vaadi akkua tai latausta \u2022 Yksil\u00f6llinen laadunvalvonta valmistetuille kortilleEINO SAFECARD-suojakortti korttipetoksia ja skimmausta vastaanEINO SAFECARD-suojakortti on tehokas suoja lis\u00e4\u00e4ntyneit\u00e4 korttipetoksia vastaan. Vain n. 0,9mm ohut kortti n\u00e4ytt\u00e4\u00e4 tavalliselta pankkikortilta, mutta sis\u00e4lt\u00e4\u00e4 tekniikan, joka est\u00e4\u00e4 varkaita varastamasta korttitietojasi. RFID-suojaus on aina aktiivinen ja heti kun varas tai muu asiaton henkil\u00f6 yritt\u00e4\u00e4 lukea korttitietojasi, EINO-suojakortti luo s\u00e4hk\u00f6magneettisen kent\u00e4n, joka tekee korttitietosi lukukelvottomiksi. EINO-SAFECARD suojaa lompakkoasi tehokkaasti.Est\u00e4\u00e4 maksukorttien mikrosirutUseimmissa uudemmissa maksukorteissa, passeissa ja kulkukorteissa on mikrosiru l\u00e4himaksamisen mahdollistamiseksi, mik\u00e4 tekee pienten ostosten tekemisest\u00e4 yksinkertaista ja k\u00e4tev\u00e4\u00e4. Jotta t\u00e4m\u00e4 toimisi, henkil\u00f6- ja korttitietosi tallennetaan kortin mikrosiruun. N\u00e4m\u00e4 tiedot l\u00e4hetet\u00e4\u00e4n langattomasti, maksaessasi (l\u00e4himaksulla) kortillasi kassalla. Yht\u00e4 helposti kuin l\u00e4himaksaminen kassalla onnistuu, niin yht\u00e4 helposti huijari voi lukea korttitietosi jopa yhden metrin p\u00e4\u00e4st\u00e4. T\u00e4t\u00e4 kutsutaan yleens\u00e4 skimmaukseksi tai skimmaamiseksi.Tehokas suoja langatonta skimmausta vastaanTeknologia luo s\u00e4hk\u00f6magneettisen suojakent\u00e4n lompakossa olevien korttien ymp\u00e4rille, jolloin kortit ja henkil\u00f6tiedot pysyv\u00e4t turvassa. EINO- SAFECARD ei vaikuta maksukorttien magneettijuovaan tai siruun. EINO RFID-suojakortti tarjoaa tehokkaan suojauksen kortille.","og_url":"https:\/\/www.eino.eu\/sv\/safecard\/","og_site_name":"EINO-VERKKOKAUPPA","article_publisher":"https:\/\/www.facebook.com\/Eino.eu","article_modified_time":"2025-07-15T10:35:51+00:00","og_image":[{"width":512,"height":512,"url":"https:\/\/www.eino.eu\/wp-content\/uploads\/2019\/01\/cropped-orig-eino.jpg","type":"image\/jpeg"}],"twitter_card":"summary_large_image","schema":{"@context":"https:\/\/schema.org","@graph":[{"@type":"WebPage","@id":"https:\/\/www.eino.eu\/safecard\/","url":"https:\/\/www.eino.eu\/safecard\/","name":"SAFECARD - EINO-VERKKOKAUPPA","isPartOf":{"@id":"https:\/\/www.eino.eu\/#website"},"datePublished":"2019-06-25T09:49:41+00:00","dateModified":"2025-07-15T10:35:51+00:00","description":"RFID-suojaus, joka suojaa tehokkaasti ja helposti kaikki maksukorttisi langattomalta skimmaukselta. Sopii kaikkiin lompakoihin. EINO SAFECARD n\u00e4ytt\u00e4\u00e4 aivan tavalliselta pankkikortilta.EINO SAFECARD-suojakortit sis\u00e4lt\u00e4v\u00e4t kuitenkin tekniikkaa, joka est\u00e4\u00e4 tehokkaasti varkaita varastamasta korttitietojasi nk. langattoman skimmauksen avulla. H\u00e4irint\u00e4l\u00e4hetin aktivoituu, kun varas tai huijari yritt\u00e4\u00e4 lukea korttisi, jolloin korttitietojasi ei voida lukea.\u2022 1 kortti suojaa lompakkoa tehokkaasti\u2022 Sopii kaikkiin lompakoihin ja korttikoteloihin \u2022 Ei vaadi akkua tai latausta \u2022 Yksil\u00f6llinen laadunvalvonta valmistetuille kortilleEINO SAFECARD-suojakortti korttipetoksia ja skimmausta vastaanEINO SAFECARD-suojakortti on tehokas suoja lis\u00e4\u00e4ntyneit\u00e4 korttipetoksia vastaan. Vain n. 0,9mm ohut kortti n\u00e4ytt\u00e4\u00e4 tavalliselta pankkikortilta, mutta sis\u00e4lt\u00e4\u00e4 tekniikan, joka est\u00e4\u00e4 varkaita varastamasta korttitietojasi. RFID-suojaus on aina aktiivinen ja heti kun varas tai muu asiaton henkil\u00f6 yritt\u00e4\u00e4 lukea korttitietojasi, EINO-suojakortti luo s\u00e4hk\u00f6magneettisen kent\u00e4n, joka tekee korttitietosi lukukelvottomiksi. EINO-SAFECARD suojaa lompakkoasi tehokkaasti.Est\u00e4\u00e4 maksukorttien mikrosirutUseimmissa uudemmissa maksukorteissa, passeissa ja kulkukorteissa on mikrosiru l\u00e4himaksamisen mahdollistamiseksi, mik\u00e4 tekee pienten ostosten tekemisest\u00e4 yksinkertaista ja k\u00e4tev\u00e4\u00e4. Jotta t\u00e4m\u00e4 toimisi, henkil\u00f6- ja korttitietosi tallennetaan kortin mikrosiruun. N\u00e4m\u00e4 tiedot l\u00e4hetet\u00e4\u00e4n langattomasti, maksaessasi (l\u00e4himaksulla) kortillasi kassalla. Yht\u00e4 helposti kuin l\u00e4himaksaminen kassalla onnistuu, niin yht\u00e4 helposti huijari voi lukea korttitietosi jopa yhden metrin p\u00e4\u00e4st\u00e4. T\u00e4t\u00e4 kutsutaan yleens\u00e4 skimmaukseksi tai skimmaamiseksi.Tehokas suoja langatonta skimmausta vastaanTeknologia luo s\u00e4hk\u00f6magneettisen suojakent\u00e4n lompakossa olevien korttien ymp\u00e4rille, jolloin kortit ja henkil\u00f6tiedot pysyv\u00e4t turvassa. EINO- SAFECARD ei vaikuta maksukorttien magneettijuovaan tai siruun. EINO RFID-suojakortti tarjoaa tehokkaan suojauksen kortille.","breadcrumb":{"@id":"https:\/\/www.eino.eu\/safecard\/#breadcrumb"},"inLanguage":"sv-SE","potentialAction":[{"@type":"ReadAction","target":["https:\/\/www.eino.eu\/safecard\/"]}]},{"@type":"BreadcrumbList","@id":"https:\/\/www.eino.eu\/safecard\/#breadcrumb","itemListElement":[{"@type":"ListItem","position":1,"name":"Etusivu","item":"https:\/\/www.eino.eu\/"},{"@type":"ListItem","position":2,"name":"SAFECARD"}]},{"@type":"WebSite","@id":"https:\/\/www.eino.eu\/#website","url":"https:\/\/www.eino.eu\/","name":"EINO-VERKKOKAUPPA","description":"Aina laadukkaita tuotteita kilpailukykyisin hinnoin.","publisher":{"@id":"https:\/\/www.eino.eu\/#organization"},"potentialAction":[{"@type":"SearchAction","target":{"@type":"EntryPoint","urlTemplate":"https:\/\/www.eino.eu\/?s={search_term_string}"},"query-input":{"@type":"PropertyValueSpecification","valueRequired":true,"valueName":"search_term_string"}}],"inLanguage":"sv-SE"},{"@type":"Organization","@id":"https:\/\/www.eino.eu\/#organization","name":"EINO-VERKKOKAUPPA","url":"https:\/\/www.eino.eu\/","logo":{"@type":"ImageObject","inLanguage":"sv-SE","@id":"https:\/\/www.eino.eu\/#\/schema\/logo\/image\/","url":"https:\/\/www.eino.eu\/wp-content\/uploads\/2019\/02\/cropped-eino300-4.png","contentUrl":"https:\/\/www.eino.eu\/wp-content\/uploads\/2019\/02\/cropped-eino300-4.png","width":300,"height":300,"caption":"EINO-VERKKOKAUPPA"},"image":{"@id":"https:\/\/www.eino.eu\/#\/schema\/logo\/image\/"},"sameAs":["https:\/\/www.facebook.com\/Eino.eu","https:\/\/www.instagram.com\/original_eino\/"]}]}},"uagb_featured_image_src":{"full":false,"thumbnail":false,"medium":false,"medium_large":false,"large":false,"1536x1536":false,"2048x2048":false,"trp-custom-language-flag":false,"woocommerce_thumbnail":false,"woocommerce_single":false,"woocommerce_gallery_thumbnail":false},"uagb_author_info":{"display_name":"mediaadmin","author_link":"https:\/\/www.eino.eu\/sv\/author\/mediaadmin\/"},"uagb_comment_info":0,"uagb_excerpt":null,"coauthors":[],"author_meta":{"author_link":"https:\/\/www.eino.eu\/sv\/author\/mediaadmin\/","display_name":"mediaadmin"},"relative_dates":{"created":"Publicerad 7 \u00e5r sedan","modified":"Uppdaterad 10 m\u00e5nader sedan"},"absolute_dates":{"created":"Publicerat den 25.6.2019","modified":"Uppdaterad den 15.7.2025"},"absolute_dates_time":{"created":"Publicerat den 25.6.2019 12:49","modified":"Uppdaterad den 15.7.2025 13:35"},"featured_img_caption":"","featured_img":false,"series_order":"","jetpack_sharing_enabled":true,"_links":{"self":[{"href":"https:\/\/www.eino.eu\/sv\/wp-json\/wp\/v2\/pages\/603","targetHints":{"allow":["GET"]}}],"collection":[{"href":"https:\/\/www.eino.eu\/sv\/wp-json\/wp\/v2\/pages"}],"about":[{"href":"https:\/\/www.eino.eu\/sv\/wp-json\/wp\/v2\/types\/page"}],"author":[{"embeddable":true,"href":"https:\/\/www.eino.eu\/sv\/wp-json\/wp\/v2\/users\/1"}],"replies":[{"embeddable":true,"href":"https:\/\/www.eino.eu\/sv\/wp-json\/wp\/v2\/comments?post=603"}],"version-history":[{"count":2,"href":"https:\/\/www.eino.eu\/sv\/wp-json\/wp\/v2\/pages\/603\/revisions"}],"predecessor-version":[{"id":2034,"href":"https:\/\/www.eino.eu\/sv\/wp-json\/wp\/v2\/pages\/603\/revisions\/2034"}],"wp:attachment":[{"href":"https:\/\/www.eino.eu\/sv\/wp-json\/wp\/v2\/media?parent=603"}],"curies":[{"name":"wp","href":"https:\/\/api.w.org\/{rel}","templated":true}]}}