{"id":31,"date":"2019-01-24T11:06:55","date_gmt":"2019-01-24T09:06:55","guid":{"rendered":"http:\/\/www.eino.eu\/?page_id=31"},"modified":"2025-11-04T16:03:57","modified_gmt":"2025-11-04T14:03:57","slug":"yhteystiedot","status":"publish","type":"page","link":"https:\/\/www.eino.eu\/sv\/yhteystiedot\/","title":{"rendered":"Offertf\u00f6rfr\u00e5gan"},"content":{"rendered":"\n<h2 class=\"wp-block-heading\">TARJOUSPYYNT\u00d6<\/h2>\n\n\n\n<p><em>Kirjoita viestisi alla olevaan tarjouspyynt\u00f6-lomakkeeseen!<\/em><\/p>\n\n\n<div class=\"wpforms-container wpforms-container-full wpforms-block wpforms-block-3a9f0671-1be0-4cc9-8351-e5828ea71aae wpforms-render-modern\" id=\"wpforms-226\"><form id=\"wpforms-form-226\" class=\"wpforms-validate wpforms-form\" data-formid=\"226\" method=\"post\" enctype=\"multipart\/form-data\" action=\"\/sv\/wp-json\/wp\/v2\/pages\/31\" data-token=\"6dc7cc68012c8d05a2fca7187db87a1c\" data-token-time=\"1776523955\"><noscript class=\"wpforms-error-noscript\">Aktivera JavaScript i din webbl\u00e4sare f\u00f6r att fylla i formul\u00e4ret.<\/noscript><div id=\"wpforms-error-noscript\" style=\"display: none;\">Aktivera JavaScript i din webbl\u00e4sare f\u00f6r att fylla i formul\u00e4ret.<\/div><div class=\"wpforms-field-container\"><div id=\"wpforms-226-field_0-container\" class=\"wpforms-field wpforms-field-name\" data-field-id=\"0\"><label class=\"wpforms-field-label\" for=\"wpforms-226-field_0\">Nimi <span class=\"wpforms-required-label\" aria-hidden=\"true\">*<\/span><\/label><input type=\"text\" id=\"wpforms-226-field_0\" class=\"wpforms-field-medium wpforms-field-required\" name=\"wpforms[fields][0]\" aria-errormessage=\"wpforms-226-field_0-error\" required><\/div><div id=\"wpforms-226-field_1-container\" class=\"wpforms-field wpforms-field-email\" data-field-id=\"1\"><label class=\"wpforms-field-label\" for=\"wpforms-226-field_1\">Email <span class=\"wpforms-required-label\" aria-hidden=\"true\">*<\/span><\/label><input type=\"email\" id=\"wpforms-226-field_1\" class=\"wpforms-field-medium wpforms-field-required\" name=\"wpforms[fields][1]\" spellcheck=\"false\" aria-errormessage=\"wpforms-226-field_1-error\" required><\/div><div id=\"wpforms-226-field_2-container\" class=\"wpforms-field wpforms-field-textarea\" data-field-id=\"2\"><label class=\"wpforms-field-label\" for=\"wpforms-226-field_2\">Viestisi <span class=\"wpforms-required-label\" aria-hidden=\"true\">*<\/span><\/label><textarea id=\"wpforms-226-field_2\" class=\"wpforms-field-medium wpforms-field-required\" name=\"wpforms[fields][2]\" aria-errormessage=\"wpforms-226-field_2-error\" required><\/textarea><\/div><\/div><!-- .wpforms-field-container --><div class=\"wpforms-field wpforms-field-hp\"><label for=\"wpforms-226-field-hp\" class=\"wpforms-field-label\">Phone<\/label><input type=\"text\" name=\"wpforms[hp]\" id=\"wpforms-226-field-hp\" class=\"wpforms-field-medium\"><\/div><div class=\"wpforms-submit-container\" ><input type=\"hidden\" name=\"wpforms[id]\" value=\"226\"><input type=\"hidden\" name=\"page_title\" value=\"\"><input type=\"hidden\" name=\"page_url\" value=\"https:\/\/www.eino.eu\/sv\/wp-json\/wp\/v2\/pages\/31\"><input type=\"hidden\" name=\"url_referer\" value=\"\"><button type=\"submit\" name=\"wpforms[submit]\" id=\"wpforms-submit-226\" class=\"wpforms-submit\" data-alt-text=\"L\u00e4hetet\u00e4\u00e4n\" data-submit-text=\"L\u00e4het\u00e4!\" aria-live=\"assertive\" value=\"wpforms-submit\">L\u00e4het\u00e4!<\/button><\/div><\/form><\/div>  <!-- .wpforms-container --><style class=\"advgb-styles-renderer\">\n\t\t\t\t#wpforms-226.wpforms-block-3a9f0671-1be0-4cc9-8351-e5828ea71aae {\n\t\t\t\t--wpforms-field-size-input-height: 43px;\n--wpforms-field-size-input-spacing: 15px;\n--wpforms-field-size-font-size: 16px;\n--wpforms-field-size-line-height: 19px;\n--wpforms-field-size-padding-h: 14px;\n--wpforms-field-size-checkbox-size: 16px;\n--wpforms-field-size-sublabel-spacing: 5px;\n--wpforms-field-size-icon-size: 1;\n--wpforms-label-size-font-size: 16px;\n--wpforms-label-size-line-height: 19px;\n--wpforms-label-size-sublabel-font-size: 14px;\n--wpforms-label-size-sublabel-line-height: 17px;\n--wpforms-button-size-font-size: 17px;\n--wpforms-button-size-height: 41px;\n--wpforms-button-size-padding-h: 15px;\n--wpforms-button-size-margin-top: 10px;\n--wpforms-container-shadow-size-box-shadow: none;\n\t\t\t}\n\t\t\t<\/style>","protected":false},"excerpt":{"rendered":"<p>TARJOUSPYYNT\u00d6 Kirjoita viestisi alla olevaan tarjouspyynt\u00f6-lomakkeeseen!<\/p>","protected":false},"author":1,"featured_media":0,"parent":0,"menu_order":0,"comment_status":"closed","ping_status":"closed","template":"","meta":{"_uag_custom_page_level_css":"","advgb_blocks_editor_width":"","advgb_blocks_columns_visual_guide":"","site-sidebar-layout":"default","site-content-layout":"","ast-site-content-layout":"default","site-content-style":"default","site-sidebar-style":"default","ast-global-header-display":"","ast-banner-title-visibility":"","ast-main-header-display":"","ast-hfb-above-header-display":"","ast-hfb-below-header-display":"","ast-hfb-mobile-header-display":"","site-post-title":"disabled","ast-breadcrumbs-content":"","ast-featured-img":"","footer-sml-layout":"","ast-disable-related-posts":"","theme-transparent-header-meta":"","adv-header-id-meta":"","stick-header-meta":"","header-above-stick-meta":"","header-main-stick-meta":"","header-below-stick-meta":"","astra-migrate-meta-layouts":"default","ast-page-background-enabled":"default","ast-page-background-meta":{"desktop":{"background-color":"var(--ast-global-color-4)","background-image":"","background-repeat":"repeat","background-position":"center center","background-size":"auto","background-attachment":"scroll","background-type":"","background-media":"","overlay-type":"","overlay-color":"","overlay-opacity":"","overlay-gradient":""},"tablet":{"background-color":"","background-image":"","background-repeat":"repeat","background-position":"center center","background-size":"auto","background-attachment":"scroll","background-type":"","background-media":"","overlay-type":"","overlay-color":"","overlay-opacity":"","overlay-gradient":""},"mobile":{"background-color":"","background-image":"","background-repeat":"repeat","background-position":"center center","background-size":"auto","background-attachment":"scroll","background-type":"","background-media":"","overlay-type":"","overlay-color":"","overlay-opacity":"","overlay-gradient":""}},"ast-content-background-meta":{"desktop":{"background-color":"var(--ast-global-color-5)","background-image":"","background-repeat":"repeat","background-position":"center center","background-size":"auto","background-attachment":"scroll","background-type":"","background-media":"","overlay-type":"","overlay-color":"","overlay-opacity":"","overlay-gradient":""},"tablet":{"background-color":"var(--ast-global-color-5)","background-image":"","background-repeat":"repeat","background-position":"center center","background-size":"auto","background-attachment":"scroll","background-type":"","background-media":"","overlay-type":"","overlay-color":"","overlay-opacity":"","overlay-gradient":""},"mobile":{"background-color":"var(--ast-global-color-5)","background-image":"","background-repeat":"repeat","background-position":"center center","background-size":"auto","background-attachment":"scroll","background-type":"","background-media":"","overlay-type":"","overlay-color":"","overlay-opacity":"","overlay-gradient":""}},"footnotes":""},"class_list":["post-31","page","type-page","status-publish","hentry"],"yoast_head":"<!-- This site is optimized with the Yoast SEO plugin v27.4 - https:\/\/yoast.com\/product\/yoast-seo-wordpress\/ -->\n<title>Tarjouspyynt\u00f6 - EINO-VERKKOKAUPPA<\/title>\n<meta name=\"description\" content=\"T\u00e4lt\u00e4 sivustolla on mahdollistaa j\u00e4tt\u00e4\u00e4 tarjouspyynt\u00f6 Eino-Verkkokaupalle. Ota vain rohkeasti yhteytt\u00e4 ja olemme sinuun yhteydess\u00e4.\" \/>\n<meta name=\"robots\" content=\"index, follow, max-snippet:-1, max-image-preview:large, max-video-preview:-1\" \/>\n<link rel=\"canonical\" href=\"https:\/\/www.eino.eu\/sv\/yhteystiedot\/\" \/>\n<meta property=\"og:locale\" content=\"sv_SE\" \/>\n<meta property=\"og:type\" content=\"article\" \/>\n<meta property=\"og:title\" content=\"Tarjouspyynt\u00f6 - EINO-VERKKOKAUPPA\" \/>\n<meta property=\"og:description\" content=\"T\u00e4lt\u00e4 sivustolla on mahdollistaa j\u00e4tt\u00e4\u00e4 tarjouspyynt\u00f6 Eino-Verkkokaupalle. Ota vain rohkeasti yhteytt\u00e4 ja olemme sinuun yhteydess\u00e4.\" \/>\n<meta property=\"og:url\" content=\"https:\/\/www.eino.eu\/sv\/yhteystiedot\/\" \/>\n<meta property=\"og:site_name\" content=\"EINO-VERKKOKAUPPA\" \/>\n<meta property=\"article:publisher\" content=\"https:\/\/www.facebook.com\/Eino.eu\" \/>\n<meta property=\"article:modified_time\" content=\"2025-11-04T14:03:57+00:00\" \/>\n<meta property=\"og:image\" content=\"https:\/\/www.eino.eu\/wp-content\/uploads\/2019\/01\/cropped-orig-eino.jpg\" \/>\n\t<meta property=\"og:image:width\" content=\"512\" \/>\n\t<meta property=\"og:image:height\" content=\"512\" \/>\n\t<meta property=\"og:image:type\" content=\"image\/jpeg\" \/>\n<meta name=\"twitter:card\" content=\"summary_large_image\" \/>\n<meta name=\"twitter:label1\" content=\"Ber\u00e4knad l\u00e4stid\" \/>\n\t<meta name=\"twitter:data1\" content=\"1 minut\" \/>\n<script type=\"application\/ld+json\" class=\"yoast-schema-graph\">{\"@context\":\"https:\\\/\\\/schema.org\",\"@graph\":[{\"@type\":\"WebPage\",\"@id\":\"https:\\\/\\\/www.eino.eu\\\/yhteystiedot\\\/\",\"url\":\"https:\\\/\\\/www.eino.eu\\\/yhteystiedot\\\/\",\"name\":\"Tarjouspyynt\u00f6 - EINO-VERKKOKAUPPA\",\"isPartOf\":{\"@id\":\"https:\\\/\\\/www.eino.eu\\\/#website\"},\"datePublished\":\"2019-01-24T09:06:55+00:00\",\"dateModified\":\"2025-11-04T14:03:57+00:00\",\"description\":\"T\u00e4lt\u00e4 sivustolla on mahdollistaa j\u00e4tt\u00e4\u00e4 tarjouspyynt\u00f6 Eino-Verkkokaupalle. Ota vain rohkeasti yhteytt\u00e4 ja olemme sinuun yhteydess\u00e4.\",\"breadcrumb\":{\"@id\":\"https:\\\/\\\/www.eino.eu\\\/yhteystiedot\\\/#breadcrumb\"},\"inLanguage\":\"sv-SE\",\"potentialAction\":[{\"@type\":\"ReadAction\",\"target\":[\"https:\\\/\\\/www.eino.eu\\\/yhteystiedot\\\/\"]}]},{\"@type\":\"BreadcrumbList\",\"@id\":\"https:\\\/\\\/www.eino.eu\\\/yhteystiedot\\\/#breadcrumb\",\"itemListElement\":[{\"@type\":\"ListItem\",\"position\":1,\"name\":\"Etusivu\",\"item\":\"https:\\\/\\\/www.eino.eu\\\/\"},{\"@type\":\"ListItem\",\"position\":2,\"name\":\"Tarjouspyynt\u00f6\"}]},{\"@type\":\"WebSite\",\"@id\":\"https:\\\/\\\/www.eino.eu\\\/#website\",\"url\":\"https:\\\/\\\/www.eino.eu\\\/\",\"name\":\"EINO-VERKKOKAUPPA\",\"description\":\"Aina laadukkaita tuotteita kilpailukykyisin hinnoin.\",\"publisher\":{\"@id\":\"https:\\\/\\\/www.eino.eu\\\/#organization\"},\"potentialAction\":[{\"@type\":\"SearchAction\",\"target\":{\"@type\":\"EntryPoint\",\"urlTemplate\":\"https:\\\/\\\/www.eino.eu\\\/?s={search_term_string}\"},\"query-input\":{\"@type\":\"PropertyValueSpecification\",\"valueRequired\":true,\"valueName\":\"search_term_string\"}}],\"inLanguage\":\"sv-SE\"},{\"@type\":\"Organization\",\"@id\":\"https:\\\/\\\/www.eino.eu\\\/#organization\",\"name\":\"EINO-VERKKOKAUPPA\",\"url\":\"https:\\\/\\\/www.eino.eu\\\/\",\"logo\":{\"@type\":\"ImageObject\",\"inLanguage\":\"sv-SE\",\"@id\":\"https:\\\/\\\/www.eino.eu\\\/#\\\/schema\\\/logo\\\/image\\\/\",\"url\":\"https:\\\/\\\/www.eino.eu\\\/wp-content\\\/uploads\\\/2019\\\/02\\\/cropped-eino300-4.png\",\"contentUrl\":\"https:\\\/\\\/www.eino.eu\\\/wp-content\\\/uploads\\\/2019\\\/02\\\/cropped-eino300-4.png\",\"width\":300,\"height\":300,\"caption\":\"EINO-VERKKOKAUPPA\"},\"image\":{\"@id\":\"https:\\\/\\\/www.eino.eu\\\/#\\\/schema\\\/logo\\\/image\\\/\"},\"sameAs\":[\"https:\\\/\\\/www.facebook.com\\\/Eino.eu\",\"https:\\\/\\\/www.instagram.com\\\/original_eino\\\/\"]}]}<\/script>\n<!-- \/ Yoast SEO plugin. -->","yoast_head_json":{"title":"Tarjouspyynt\u00f6 - EINO-VERKKOKAUPPA","description":"T\u00e4lt\u00e4 sivustolla on mahdollistaa j\u00e4tt\u00e4\u00e4 tarjouspyynt\u00f6 Eino-Verkkokaupalle. Ota vain rohkeasti yhteytt\u00e4 ja olemme sinuun yhteydess\u00e4.","robots":{"index":"index","follow":"follow","max-snippet":"max-snippet:-1","max-image-preview":"max-image-preview:large","max-video-preview":"max-video-preview:-1"},"canonical":"https:\/\/www.eino.eu\/sv\/yhteystiedot\/","og_locale":"sv_SE","og_type":"article","og_title":"Tarjouspyynt\u00f6 - EINO-VERKKOKAUPPA","og_description":"T\u00e4lt\u00e4 sivustolla on mahdollistaa j\u00e4tt\u00e4\u00e4 tarjouspyynt\u00f6 Eino-Verkkokaupalle. Ota vain rohkeasti yhteytt\u00e4 ja olemme sinuun yhteydess\u00e4.","og_url":"https:\/\/www.eino.eu\/sv\/yhteystiedot\/","og_site_name":"EINO-VERKKOKAUPPA","article_publisher":"https:\/\/www.facebook.com\/Eino.eu","article_modified_time":"2025-11-04T14:03:57+00:00","og_image":[{"width":512,"height":512,"url":"https:\/\/www.eino.eu\/wp-content\/uploads\/2019\/01\/cropped-orig-eino.jpg","type":"image\/jpeg"}],"twitter_card":"summary_large_image","twitter_misc":{"Ber\u00e4knad l\u00e4stid":"1 minut"},"schema":{"@context":"https:\/\/schema.org","@graph":[{"@type":"WebPage","@id":"https:\/\/www.eino.eu\/yhteystiedot\/","url":"https:\/\/www.eino.eu\/yhteystiedot\/","name":"Tarjouspyynt\u00f6 - EINO-VERKKOKAUPPA","isPartOf":{"@id":"https:\/\/www.eino.eu\/#website"},"datePublished":"2019-01-24T09:06:55+00:00","dateModified":"2025-11-04T14:03:57+00:00","description":"T\u00e4lt\u00e4 sivustolla on mahdollistaa j\u00e4tt\u00e4\u00e4 tarjouspyynt\u00f6 Eino-Verkkokaupalle. Ota vain rohkeasti yhteytt\u00e4 ja olemme sinuun yhteydess\u00e4.","breadcrumb":{"@id":"https:\/\/www.eino.eu\/yhteystiedot\/#breadcrumb"},"inLanguage":"sv-SE","potentialAction":[{"@type":"ReadAction","target":["https:\/\/www.eino.eu\/yhteystiedot\/"]}]},{"@type":"BreadcrumbList","@id":"https:\/\/www.eino.eu\/yhteystiedot\/#breadcrumb","itemListElement":[{"@type":"ListItem","position":1,"name":"Etusivu","item":"https:\/\/www.eino.eu\/"},{"@type":"ListItem","position":2,"name":"Tarjouspyynt\u00f6"}]},{"@type":"WebSite","@id":"https:\/\/www.eino.eu\/#website","url":"https:\/\/www.eino.eu\/","name":"EINO-VERKKOKAUPPA","description":"Aina laadukkaita tuotteita kilpailukykyisin hinnoin.","publisher":{"@id":"https:\/\/www.eino.eu\/#organization"},"potentialAction":[{"@type":"SearchAction","target":{"@type":"EntryPoint","urlTemplate":"https:\/\/www.eino.eu\/?s={search_term_string}"},"query-input":{"@type":"PropertyValueSpecification","valueRequired":true,"valueName":"search_term_string"}}],"inLanguage":"sv-SE"},{"@type":"Organization","@id":"https:\/\/www.eino.eu\/#organization","name":"EINO-VERKKOKAUPPA","url":"https:\/\/www.eino.eu\/","logo":{"@type":"ImageObject","inLanguage":"sv-SE","@id":"https:\/\/www.eino.eu\/#\/schema\/logo\/image\/","url":"https:\/\/www.eino.eu\/wp-content\/uploads\/2019\/02\/cropped-eino300-4.png","contentUrl":"https:\/\/www.eino.eu\/wp-content\/uploads\/2019\/02\/cropped-eino300-4.png","width":300,"height":300,"caption":"EINO-VERKKOKAUPPA"},"image":{"@id":"https:\/\/www.eino.eu\/#\/schema\/logo\/image\/"},"sameAs":["https:\/\/www.facebook.com\/Eino.eu","https:\/\/www.instagram.com\/original_eino\/"]}]}},"uagb_featured_image_src":{"full":false,"thumbnail":false,"medium":false,"medium_large":false,"large":false,"1536x1536":false,"2048x2048":false,"trp-custom-language-flag":false,"woocommerce_thumbnail":false,"woocommerce_single":false,"woocommerce_gallery_thumbnail":false},"uagb_author_info":{"display_name":"mediaadmin","author_link":"https:\/\/www.eino.eu\/sv\/author\/mediaadmin\/"},"uagb_comment_info":0,"uagb_excerpt":"TARJOUSPYYNT\u00d6 Kirjoita viestisi alla olevaan tarjouspyynt\u00f6-lomakkeeseen!","coauthors":[],"author_meta":{"author_link":"https:\/\/www.eino.eu\/sv\/author\/mediaadmin\/","display_name":"mediaadmin"},"relative_dates":{"created":"Publicerad 7 \u00e5r sedan","modified":"Uppdaterad 5 m\u00e5nader sedan"},"absolute_dates":{"created":"Publicerat den 24.1.2019","modified":"Uppdaterad den 4.11.2025"},"absolute_dates_time":{"created":"Publicerat den 24.1.2019 11:06","modified":"Uppdaterad den 4.11.2025 16:03"},"featured_img_caption":"","featured_img":false,"series_order":"","jetpack_sharing_enabled":true,"_links":{"self":[{"href":"https:\/\/www.eino.eu\/sv\/wp-json\/wp\/v2\/pages\/31","targetHints":{"allow":["GET"]}}],"collection":[{"href":"https:\/\/www.eino.eu\/sv\/wp-json\/wp\/v2\/pages"}],"about":[{"href":"https:\/\/www.eino.eu\/sv\/wp-json\/wp\/v2\/types\/page"}],"author":[{"embeddable":true,"href":"https:\/\/www.eino.eu\/sv\/wp-json\/wp\/v2\/users\/1"}],"replies":[{"embeddable":true,"href":"https:\/\/www.eino.eu\/sv\/wp-json\/wp\/v2\/comments?post=31"}],"version-history":[{"count":11,"href":"https:\/\/www.eino.eu\/sv\/wp-json\/wp\/v2\/pages\/31\/revisions"}],"predecessor-version":[{"id":2492,"href":"https:\/\/www.eino.eu\/sv\/wp-json\/wp\/v2\/pages\/31\/revisions\/2492"}],"wp:attachment":[{"href":"https:\/\/www.eino.eu\/sv\/wp-json\/wp\/v2\/media?parent=31"}],"curies":[{"name":"wp","href":"https:\/\/api.w.org\/{rel}","templated":true}]}}