{"id":3,"date":"2018-06-04T19:36:35","date_gmt":"2018-06-04T16:36:35","guid":{"rendered":"http:\/\/www.eino.eu\/?page_id=3"},"modified":"2019-07-10T10:02:00","modified_gmt":"2019-07-10T07:02:00","slug":"tietosuojaseloste","status":"publish","type":"page","link":"https:\/\/www.eino.eu\/sv\/tietosuojaseloste\/","title":{"rendered":"Integritetspolicy"},"content":{"rendered":"<h2>Keit\u00e4 olemme<\/h2>\n<p><strong>DotHouse Oy<\/strong><\/p>\n<p>Paalukalliontie 14<br \/>\n43500 Karstula<\/p>\n<p>Voit ottaa meihin yhteytt\u00e4 oheisella lomakkeella:<\/p>\n<style id=\"wpforms-css-vars-226\">\n\t\t\t\t#wpforms-226 {\n\t\t\t\t\n\t\t\t}\n\t\t\t<\/style><div class=\"wpforms-container wpforms-container-full wpforms-render-modern\" id=\"wpforms-226\"><form id=\"wpforms-form-226\" class=\"wpforms-validate wpforms-form\" data-formid=\"226\" method=\"post\" enctype=\"multipart\/form-data\" action=\"\/sv\/wp-json\/wp\/v2\/pages\/3\" data-token=\"6dc7cc68012c8d05a2fca7187db87a1c\" data-token-time=\"1776523987\"><noscript class=\"wpforms-error-noscript\">Aktivera JavaScript i din webbl\u00e4sare f\u00f6r att fylla i formul\u00e4ret.<\/noscript><div id=\"wpforms-error-noscript\" style=\"display: none;\">Aktivera JavaScript i din webbl\u00e4sare f\u00f6r att fylla i formul\u00e4ret.<\/div><div class=\"wpforms-field-container\"><div id=\"wpforms-226-field_0-container\" class=\"wpforms-field wpforms-field-name\" data-field-id=\"0\"><label class=\"wpforms-field-label\" for=\"wpforms-226-field_0\">Nimi <span class=\"wpforms-required-label\" aria-hidden=\"true\">*<\/span><\/label><input type=\"text\" id=\"wpforms-226-field_0\" class=\"wpforms-field-medium wpforms-field-required\" name=\"wpforms[fields][0]\" aria-errormessage=\"wpforms-226-field_0-error\" required><\/div><div id=\"wpforms-226-field_1-container\" class=\"wpforms-field wpforms-field-email\" data-field-id=\"1\"><label class=\"wpforms-field-label\" for=\"wpforms-226-field_1\">Email <span class=\"wpforms-required-label\" aria-hidden=\"true\">*<\/span><\/label><input type=\"email\" id=\"wpforms-226-field_1\" class=\"wpforms-field-medium wpforms-field-required\" name=\"wpforms[fields][1]\" spellcheck=\"false\" aria-errormessage=\"wpforms-226-field_1-error\" required><\/div><div id=\"wpforms-226-field_2-container\" class=\"wpforms-field wpforms-field-textarea\" data-field-id=\"2\"><label class=\"wpforms-field-label\" for=\"wpforms-226-field_2\">Viestisi <span class=\"wpforms-required-label\" aria-hidden=\"true\">*<\/span><\/label><textarea id=\"wpforms-226-field_2\" class=\"wpforms-field-medium wpforms-field-required\" name=\"wpforms[fields][2]\" aria-errormessage=\"wpforms-226-field_2-error\" required><\/textarea><\/div><\/div><!-- .wpforms-field-container --><div class=\"wpforms-field wpforms-field-hp\"><label for=\"wpforms-226-field-hp\" class=\"wpforms-field-label\">Message<\/label><input type=\"text\" name=\"wpforms[hp]\" id=\"wpforms-226-field-hp\" class=\"wpforms-field-medium\"><\/div><div class=\"wpforms-submit-container\" ><input type=\"hidden\" name=\"wpforms[id]\" value=\"226\"><input type=\"hidden\" name=\"page_title\" value=\"\"><input type=\"hidden\" name=\"page_url\" value=\"https:\/\/www.eino.eu\/sv\/wp-json\/wp\/v2\/pages\/3\"><input type=\"hidden\" name=\"url_referer\" value=\"\"><button type=\"submit\" name=\"wpforms[submit]\" id=\"wpforms-submit-226\" class=\"wpforms-submit\" data-alt-text=\"L\u00e4hetet\u00e4\u00e4n\" data-submit-text=\"L\u00e4het\u00e4!\" aria-live=\"assertive\" value=\"wpforms-submit\">L\u00e4het\u00e4!<\/button><\/div><\/form><\/div>  <!-- .wpforms-container -->\n<p>Verkkosivustomme osoite on: http:\/\/www.eino.eu.<\/p>\n<h2>Mit\u00e4 henkil\u00f6tietoa ker\u00e4\u00e4mme ja miksi<\/h2>\n<p>Verkkokaupan asiakkailta ker\u00e4\u00e4mme osoite- ja laskutustiedot&nbsp; kaupank\u00e4ynti\u00e4 varten. Lis\u00e4ksi tallennamme yhteydenottolomakkeilla toimitetut yhteydenottopyynn\u00f6t sek\u00e4 k\u00e4vij\u00e4statistiikan, joka ei yksil\u00f6i k\u00e4vij\u00e4n tietoja.<\/p>\n<h3>Yhteydenottolomake<\/h3>\n<p>Yhteydenottolomakkeen kautta l\u00e4hett\u00e4m\u00e4si tiedot tallentuvat sivustomme&nbsp; tietokantaan sek\u00e4 vastaanottajan s\u00e4hk\u00f6postiin.<\/p>\n<h3>Ev\u00e4steet<\/h3>\n<p>Jos j\u00e4t\u00e4t kommentin sivustolle, voit valita nimen, s\u00e4hk\u00f6postiosoitteen ja url-osoitteen tallennuksen ev\u00e4steeseen. T\u00e4m\u00e4 toiminto lis\u00e4\u00e4 k\u00e4ytt\u00f6mukavuutta, koska lomaketta ei tarvitse t\u00e4ytt\u00e4\u00e4 jokaisella kerralla uudelleen kommenttia lis\u00e4tess\u00e4. Ev\u00e4stetieto poistetaan selaimesta vuoden kuluttua.<\/p>\n<p>Mik\u00e4li sinulla on tili ja kirjaudut sivustolle asetamme v\u00e4liaikaisen ev\u00e4steen, joka p\u00e4\u00e4ttelee tukeeko selaimesi ev\u00e4steit\u00e4 vai ei. T\u00e4m\u00e4 ev\u00e4ste ei sis\u00e4ll\u00e4 henkil\u00f6tietoa ja se poistetaan kun selainikkuna suljetaan.<\/p>\n<p>Kun kirjaudut sis\u00e4\u00e4n asetamme useita ev\u00e4steit\u00e4, jotka tallentavat kirjautumis- sek\u00e4 n\u00e4ytt\u00f6asetuksesi. Kirjautumisev\u00e4steet poistetaan kahden vuorokauden kuluessa, n\u00e4ytt\u00f6asetuksiin liittyv\u00e4t ev\u00e4steet poistuvat vuoden p\u00e4\u00e4st\u00e4. Mik\u00e4li valitset \u201cMuista minut\u201d kirjautumisen yhteydess\u00e4, kirjautumistietojasi s\u00e4ilytet\u00e4\u00e4n kahden viikon ajan. Mik\u00e4li kirjaudut ulos, kirjautumiseen liittyv\u00e4t ev\u00e4steet poistetaan samassa yhteydess\u00e4.<\/p>\n<p>Mik\u00e4li julkaiset artikkelin tai muokkaat olemassa olevaa tallennamme selaimeen ev\u00e4steen, joka sis\u00e4lt\u00e4\u00e4 muokattavan artikkelin ID:n. Ev\u00e4ste vanhenee yhdess\u00e4 vuorokaudessa.<\/p>\n<h3>Muilta sivustoilta upotettu sis\u00e4lt\u00f6<\/h3>\n<p>T\u00e4m\u00e4n sivuston artikkelit saattavat sis\u00e4lt\u00e4\u00e4 upotettua sis\u00e4lt\u00f6\u00e4 (esimerkiksi videoita, kuvia, artikkeleita jne.). Toisilta sivustoilta tuodun upotetun sis\u00e4ll\u00f6n avaaminen on verrattavissa siihen, ett\u00e4 vierailija itse k\u00e4visi kolmannen osapuolen sivustolla.<\/p>\n<p>N\u00e4m\u00e4 sivustot voivat ker\u00e4t\u00e4 tietoa sinusta, k\u00e4ytt\u00e4\u00e4 ev\u00e4steit\u00e4, upottaa kolmannen osapuolen seurantaev\u00e4steit\u00e4 ja monitoroida vuorovaikutustasi upotetun sis\u00e4ll\u00f6n kanssa, mukaan lukien vuorovaikutuksen seuranta jos ja kun olet kirjautunut k\u00e4ytt\u00e4j\u00e4n\u00e4 sivustolle.<\/p>\n<h3>Analytiikka<\/h3>\n<p>Verkkosivusto rekister\u00f6i k\u00e4yntisi analytiikkaty\u00f6kaluun. Ty\u00f6kalun avulla emme voi j\u00e4ljitt\u00e4\u00e4 muuta tietoa kuin k\u00e4ytt\u00e4m\u00e4si selaisalusta, maantieteellinen sijainti ym. v\u00e4lityspalvelinten tuottama tieto. N\u00e4it\u00e4 tietoja ei kohdisteta yksitt\u00e4iseen henkil\u00f6\u00f6n.<\/p>\n<h2>EINO-verkkokauppa<\/h2>\n<p>EINO-verkkokaupassa tekem\u00e4si tilaustiedot tallentuvat kaupan tietokantaan sek\u00e4 kaupan hoitajan s\u00e4hk\u00f6postiin. Laskutusta varten toimittamasi tiedot siirtyv\u00e4t my\u00f6s maksupalvelunv\u00e4litt\u00e4j\u00e4lle Klarnalle.<\/p>\n<h2>Kenelle jaamme tietosi<\/h2>\n<p>Tietoja ei p\u00e4\u00e4s\u00e4\u00e4nt\u00f6isesti luovuteta eik\u00e4 siirret\u00e4. Kassalla hyv\u00e4ksyt tietojesi luovuttamisen maksupalveluv\u00e4litt\u00e4j\u00e4 Klarnalle.<\/p>\n<h2>Kuinka kauan s\u00e4ilyt\u00e4mme tietoa<\/h2>\n<p>Tietojasi s\u00e4ilytet\u00e4\u00e4n toistaiseksi. K\u00e4ymme ei-aktiivisia asiakkaita l\u00e4pi ja ei-aktiiviset asiakastiedot poistetaan vuosittain.<\/p>\n<p>Tallennamme rekister\u00f6ityneiden k\u00e4ytt\u00e4jien (jos sellaisia on) k\u00e4ytt\u00e4j\u00e4profiilien tiedot. Kaikilla k\u00e4ytt\u00e4jill\u00e4 on mahdollisuus n\u00e4hd\u00e4, muokata ja poistaa omia henkil\u00f6tietojaan milloin vain. Ainoastaan k\u00e4ytt\u00e4j\u00e4nime\u00e4 ei voi muuttaa. Verkkosivuston yll\u00e4pit\u00e4j\u00e4t voivat tarvittaessa n\u00e4hd\u00e4 ja muokata k\u00e4ytt\u00e4j\u00e4profiilien tietoja.<\/p>\n<h2>Mit\u00e4 oikeuksia sinulla on omaan tietoosi<\/h2>\n<p>Mik\u00e4li sinulla on k\u00e4ytt\u00e4j\u00e4tili t\u00e4lle sivustolle tai olet tehnyt tilauksia, voit pyyt\u00e4\u00e4 koostetiedostoa omista henkil\u00f6tiedoistasi, sis\u00e4lt\u00e4en kaiken henkil\u00f6tiedon, jonka olet meille antanut. Voit my\u00f6s pyyt\u00e4\u00e4 henkil\u00f6tietojesi poistoa. Oikeus omien tietojen poistoon ei koske sellaista henkil\u00f6tietoa, joka meid\u00e4n on s\u00e4ilytett\u00e4v\u00e4 yll\u00e4pidollisista, juridisista tai tietoturvaan liittyvist\u00e4 syist\u00e4.<\/p>\n<p>Rekister\u00f6ity voi tehd\u00e4 tarkastuspyynn\u00f6n rekisterinpit\u00e4j\u00e4n edustajalle.<\/p>\n<p>Jos rekister\u00f6idyn k\u00e4ytt\u00e4m\u00e4st\u00e4 tarkastusoikeudesta on kulunut v\u00e4hemm\u00e4n kuin yksi vuosi, voi rekisterinpit\u00e4j\u00e4 peri\u00e4 tietojen antamisesta aiheutuvat hallinnollisiin kustannuksiin perustuvat maksut.<\/p>\n<p>Rekister\u00f6idyll\u00e4 on lis\u00e4ksi oikeus tehd\u00e4 valitus tietosuojavaltuutetulle.<\/p>\n<h2>Rekisterin edustaja<\/h2>\n<p>DotHouse Oy<br \/>\nPaalukalliontie 14<br \/>\n43500 Karstula<\/p>\n","protected":false},"excerpt":{"rendered":"<p>Keit\u00e4 olemme DotHouse Oy Paalukalliontie 14 43500 Karstula Voit ottaa meihin yhteytt\u00e4 oheisella lomakkeella: Verkkosivustomme osoite on: http:\/\/www.eino.eu. Mit\u00e4 henkil\u00f6tietoa [&hellip;]<\/p>\n","protected":false},"author":1,"featured_media":0,"parent":0,"menu_order":0,"comment_status":"closed","ping_status":"open","template":"template-full-width.php","meta":{"_uag_custom_page_level_css":"","advgb_blocks_editor_width":"","advgb_blocks_columns_visual_guide":"","site-sidebar-layout":"default","site-content-layout":"","ast-site-content-layout":"default","site-content-style":"default","site-sidebar-style":"default","ast-global-header-display":"","ast-banner-title-visibility":"","ast-main-header-display":"","ast-hfb-above-header-display":"","ast-hfb-below-header-display":"","ast-hfb-mobile-header-display":"","site-post-title":"","ast-breadcrumbs-content":"","ast-featured-img":"","footer-sml-layout":"","ast-disable-related-posts":"","theme-transparent-header-meta":"","adv-header-id-meta":"","stick-header-meta":"","header-above-stick-meta":"","header-main-stick-meta":"","header-below-stick-meta":"","astra-migrate-meta-layouts":"default","ast-page-background-enabled":"default","ast-page-background-meta":{"desktop":{"background-color":"var(--ast-global-color-4)","background-image":"","background-repeat":"repeat","background-position":"center center","background-size":"auto","background-attachment":"scroll","background-type":"","background-media":"","overlay-type":"","overlay-color":"","overlay-opacity":"","overlay-gradient":""},"tablet":{"background-color":"","background-image":"","background-repeat":"repeat","background-position":"center center","background-size":"auto","background-attachment":"scroll","background-type":"","background-media":"","overlay-type":"","overlay-color":"","overlay-opacity":"","overlay-gradient":""},"mobile":{"background-color":"","background-image":"","background-repeat":"repeat","background-position":"center center","background-size":"auto","background-attachment":"scroll","background-type":"","background-media":"","overlay-type":"","overlay-color":"","overlay-opacity":"","overlay-gradient":""}},"ast-content-background-meta":{"desktop":{"background-color":"var(--ast-global-color-5)","background-image":"","background-repeat":"repeat","background-position":"center center","background-size":"auto","background-attachment":"scroll","background-type":"","background-media":"","overlay-type":"","overlay-color":"","overlay-opacity":"","overlay-gradient":""},"tablet":{"background-color":"var(--ast-global-color-5)","background-image":"","background-repeat":"repeat","background-position":"center center","background-size":"auto","background-attachment":"scroll","background-type":"","background-media":"","overlay-type":"","overlay-color":"","overlay-opacity":"","overlay-gradient":""},"mobile":{"background-color":"var(--ast-global-color-5)","background-image":"","background-repeat":"repeat","background-position":"center center","background-size":"auto","background-attachment":"scroll","background-type":"","background-media":"","overlay-type":"","overlay-color":"","overlay-opacity":"","overlay-gradient":""}},"footnotes":""},"class_list":["post-3","page","type-page","status-publish","hentry"],"yoast_head":"<!-- This site is optimized with the Yoast SEO plugin v27.4 - https:\/\/yoast.com\/product\/yoast-seo-wordpress\/ -->\n<title>Tietosuojaseloste - EINO-VERKKOKAUPPA<\/title>\n<meta name=\"robots\" content=\"index, follow, max-snippet:-1, max-image-preview:large, max-video-preview:-1\" \/>\n<link rel=\"canonical\" href=\"https:\/\/www.eino.eu\/sv\/tietosuojaseloste\/\" \/>\n<meta property=\"og:locale\" content=\"sv_SE\" \/>\n<meta property=\"og:type\" content=\"article\" \/>\n<meta property=\"og:title\" content=\"Tietosuojaseloste - EINO-VERKKOKAUPPA\" \/>\n<meta property=\"og:description\" content=\"Keit\u00e4 olemme DotHouse Oy Paalukalliontie 14 43500 Karstula Voit ottaa meihin yhteytt\u00e4 oheisella lomakkeella: Verkkosivustomme osoite on: http:\/\/www.eino.eu. Mit\u00e4 henkil\u00f6tietoa [&hellip;]\" \/>\n<meta property=\"og:url\" content=\"https:\/\/www.eino.eu\/sv\/tietosuojaseloste\/\" \/>\n<meta property=\"og:site_name\" content=\"EINO-VERKKOKAUPPA\" \/>\n<meta property=\"article:publisher\" content=\"https:\/\/www.facebook.com\/Eino.eu\" \/>\n<meta property=\"article:modified_time\" content=\"2019-07-10T07:02:00+00:00\" \/>\n<meta property=\"og:image\" content=\"https:\/\/www.eino.eu\/wp-content\/uploads\/2019\/01\/cropped-orig-eino.jpg\" \/>\n\t<meta property=\"og:image:width\" content=\"512\" \/>\n\t<meta property=\"og:image:height\" content=\"512\" \/>\n\t<meta property=\"og:image:type\" content=\"image\/jpeg\" \/>\n<meta name=\"twitter:card\" content=\"summary_large_image\" \/>\n<meta name=\"twitter:label1\" content=\"Ber\u00e4knad l\u00e4stid\" \/>\n\t<meta name=\"twitter:data1\" content=\"3 minuter\" \/>\n<script type=\"application\/ld+json\" class=\"yoast-schema-graph\">{\"@context\":\"https:\\\/\\\/schema.org\",\"@graph\":[{\"@type\":\"WebPage\",\"@id\":\"https:\\\/\\\/www.eino.eu\\\/tietosuojaseloste\\\/\",\"url\":\"https:\\\/\\\/www.eino.eu\\\/tietosuojaseloste\\\/\",\"name\":\"Tietosuojaseloste - EINO-VERKKOKAUPPA\",\"isPartOf\":{\"@id\":\"https:\\\/\\\/www.eino.eu\\\/#website\"},\"datePublished\":\"2018-06-04T16:36:35+00:00\",\"dateModified\":\"2019-07-10T07:02:00+00:00\",\"breadcrumb\":{\"@id\":\"https:\\\/\\\/www.eino.eu\\\/tietosuojaseloste\\\/#breadcrumb\"},\"inLanguage\":\"sv-SE\",\"potentialAction\":[{\"@type\":\"ReadAction\",\"target\":[\"https:\\\/\\\/www.eino.eu\\\/tietosuojaseloste\\\/\"]}]},{\"@type\":\"BreadcrumbList\",\"@id\":\"https:\\\/\\\/www.eino.eu\\\/tietosuojaseloste\\\/#breadcrumb\",\"itemListElement\":[{\"@type\":\"ListItem\",\"position\":1,\"name\":\"Etusivu\",\"item\":\"https:\\\/\\\/www.eino.eu\\\/\"},{\"@type\":\"ListItem\",\"position\":2,\"name\":\"Tietosuojaseloste\"}]},{\"@type\":\"WebSite\",\"@id\":\"https:\\\/\\\/www.eino.eu\\\/#website\",\"url\":\"https:\\\/\\\/www.eino.eu\\\/\",\"name\":\"EINO-VERKKOKAUPPA\",\"description\":\"Aina laadukkaita tuotteita kilpailukykyisin hinnoin.\",\"publisher\":{\"@id\":\"https:\\\/\\\/www.eino.eu\\\/#organization\"},\"potentialAction\":[{\"@type\":\"SearchAction\",\"target\":{\"@type\":\"EntryPoint\",\"urlTemplate\":\"https:\\\/\\\/www.eino.eu\\\/?s={search_term_string}\"},\"query-input\":{\"@type\":\"PropertyValueSpecification\",\"valueRequired\":true,\"valueName\":\"search_term_string\"}}],\"inLanguage\":\"sv-SE\"},{\"@type\":\"Organization\",\"@id\":\"https:\\\/\\\/www.eino.eu\\\/#organization\",\"name\":\"EINO-VERKKOKAUPPA\",\"url\":\"https:\\\/\\\/www.eino.eu\\\/\",\"logo\":{\"@type\":\"ImageObject\",\"inLanguage\":\"sv-SE\",\"@id\":\"https:\\\/\\\/www.eino.eu\\\/#\\\/schema\\\/logo\\\/image\\\/\",\"url\":\"https:\\\/\\\/www.eino.eu\\\/wp-content\\\/uploads\\\/2019\\\/02\\\/cropped-eino300-4.png\",\"contentUrl\":\"https:\\\/\\\/www.eino.eu\\\/wp-content\\\/uploads\\\/2019\\\/02\\\/cropped-eino300-4.png\",\"width\":300,\"height\":300,\"caption\":\"EINO-VERKKOKAUPPA\"},\"image\":{\"@id\":\"https:\\\/\\\/www.eino.eu\\\/#\\\/schema\\\/logo\\\/image\\\/\"},\"sameAs\":[\"https:\\\/\\\/www.facebook.com\\\/Eino.eu\",\"https:\\\/\\\/www.instagram.com\\\/original_eino\\\/\"]}]}<\/script>\n<!-- \/ Yoast SEO plugin. -->","yoast_head_json":{"title":"Tietosuojaseloste - EINO-VERKKOKAUPPA","robots":{"index":"index","follow":"follow","max-snippet":"max-snippet:-1","max-image-preview":"max-image-preview:large","max-video-preview":"max-video-preview:-1"},"canonical":"https:\/\/www.eino.eu\/sv\/tietosuojaseloste\/","og_locale":"sv_SE","og_type":"article","og_title":"Tietosuojaseloste - EINO-VERKKOKAUPPA","og_description":"Keit\u00e4 olemme DotHouse Oy Paalukalliontie 14 43500 Karstula Voit ottaa meihin yhteytt\u00e4 oheisella lomakkeella: Verkkosivustomme osoite on: http:\/\/www.eino.eu. Mit\u00e4 henkil\u00f6tietoa [&hellip;]","og_url":"https:\/\/www.eino.eu\/sv\/tietosuojaseloste\/","og_site_name":"EINO-VERKKOKAUPPA","article_publisher":"https:\/\/www.facebook.com\/Eino.eu","article_modified_time":"2019-07-10T07:02:00+00:00","og_image":[{"width":512,"height":512,"url":"https:\/\/www.eino.eu\/wp-content\/uploads\/2019\/01\/cropped-orig-eino.jpg","type":"image\/jpeg"}],"twitter_card":"summary_large_image","twitter_misc":{"Ber\u00e4knad l\u00e4stid":"3 minuter"},"schema":{"@context":"https:\/\/schema.org","@graph":[{"@type":"WebPage","@id":"https:\/\/www.eino.eu\/tietosuojaseloste\/","url":"https:\/\/www.eino.eu\/tietosuojaseloste\/","name":"Tietosuojaseloste - EINO-VERKKOKAUPPA","isPartOf":{"@id":"https:\/\/www.eino.eu\/#website"},"datePublished":"2018-06-04T16:36:35+00:00","dateModified":"2019-07-10T07:02:00+00:00","breadcrumb":{"@id":"https:\/\/www.eino.eu\/tietosuojaseloste\/#breadcrumb"},"inLanguage":"sv-SE","potentialAction":[{"@type":"ReadAction","target":["https:\/\/www.eino.eu\/tietosuojaseloste\/"]}]},{"@type":"BreadcrumbList","@id":"https:\/\/www.eino.eu\/tietosuojaseloste\/#breadcrumb","itemListElement":[{"@type":"ListItem","position":1,"name":"Etusivu","item":"https:\/\/www.eino.eu\/"},{"@type":"ListItem","position":2,"name":"Tietosuojaseloste"}]},{"@type":"WebSite","@id":"https:\/\/www.eino.eu\/#website","url":"https:\/\/www.eino.eu\/","name":"EINO-VERKKOKAUPPA","description":"Aina laadukkaita tuotteita kilpailukykyisin hinnoin.","publisher":{"@id":"https:\/\/www.eino.eu\/#organization"},"potentialAction":[{"@type":"SearchAction","target":{"@type":"EntryPoint","urlTemplate":"https:\/\/www.eino.eu\/?s={search_term_string}"},"query-input":{"@type":"PropertyValueSpecification","valueRequired":true,"valueName":"search_term_string"}}],"inLanguage":"sv-SE"},{"@type":"Organization","@id":"https:\/\/www.eino.eu\/#organization","name":"EINO-VERKKOKAUPPA","url":"https:\/\/www.eino.eu\/","logo":{"@type":"ImageObject","inLanguage":"sv-SE","@id":"https:\/\/www.eino.eu\/#\/schema\/logo\/image\/","url":"https:\/\/www.eino.eu\/wp-content\/uploads\/2019\/02\/cropped-eino300-4.png","contentUrl":"https:\/\/www.eino.eu\/wp-content\/uploads\/2019\/02\/cropped-eino300-4.png","width":300,"height":300,"caption":"EINO-VERKKOKAUPPA"},"image":{"@id":"https:\/\/www.eino.eu\/#\/schema\/logo\/image\/"},"sameAs":["https:\/\/www.facebook.com\/Eino.eu","https:\/\/www.instagram.com\/original_eino\/"]}]}},"uagb_featured_image_src":{"full":false,"thumbnail":false,"medium":false,"medium_large":false,"large":false,"1536x1536":false,"2048x2048":false,"trp-custom-language-flag":false,"woocommerce_thumbnail":false,"woocommerce_single":false,"woocommerce_gallery_thumbnail":false},"uagb_author_info":{"display_name":"mediaadmin","author_link":"https:\/\/www.eino.eu\/sv\/author\/mediaadmin\/"},"uagb_comment_info":0,"uagb_excerpt":"Keit\u00e4 olemme DotHouse Oy Paalukalliontie 14 43500 Karstula Voit ottaa meihin yhteytt\u00e4 oheisella lomakkeella: Verkkosivustomme osoite on: http:\/\/www.eino.eu. Mit\u00e4 henkil\u00f6tietoa [&hellip;]","coauthors":[],"author_meta":{"author_link":"https:\/\/www.eino.eu\/sv\/author\/mediaadmin\/","display_name":"mediaadmin"},"relative_dates":{"created":"Publicerad 8 \u00e5r sedan","modified":"Uppdaterad 7 \u00e5r sedan"},"absolute_dates":{"created":"Publicerat den 4.6.2018","modified":"Uppdaterad den 10.7.2019"},"absolute_dates_time":{"created":"Publicerat den 4.6.2018 19:36","modified":"Uppdaterad den 10.7.2019 10:02"},"featured_img_caption":"","featured_img":false,"series_order":"","jetpack_sharing_enabled":true,"_links":{"self":[{"href":"https:\/\/www.eino.eu\/sv\/wp-json\/wp\/v2\/pages\/3","targetHints":{"allow":["GET"]}}],"collection":[{"href":"https:\/\/www.eino.eu\/sv\/wp-json\/wp\/v2\/pages"}],"about":[{"href":"https:\/\/www.eino.eu\/sv\/wp-json\/wp\/v2\/types\/page"}],"author":[{"embeddable":true,"href":"https:\/\/www.eino.eu\/sv\/wp-json\/wp\/v2\/users\/1"}],"replies":[{"embeddable":true,"href":"https:\/\/www.eino.eu\/sv\/wp-json\/wp\/v2\/comments?post=3"}],"version-history":[{"count":5,"href":"https:\/\/www.eino.eu\/sv\/wp-json\/wp\/v2\/pages\/3\/revisions"}],"predecessor-version":[{"id":705,"href":"https:\/\/www.eino.eu\/sv\/wp-json\/wp\/v2\/pages\/3\/revisions\/705"}],"wp:attachment":[{"href":"https:\/\/www.eino.eu\/sv\/wp-json\/wp\/v2\/media?parent=3"}],"curies":[{"name":"wp","href":"https:\/\/api.w.org\/{rel}","templated":true}]}}