{"id":261,"date":"2019-04-17T11:19:04","date_gmt":"2019-04-17T08:19:04","guid":{"rendered":"https:\/\/www.eino.eu\/?page_id=261"},"modified":"2025-09-11T12:36:09","modified_gmt":"2025-09-11T09:36:09","slug":"toimitusehdot","status":"publish","type":"page","link":"https:\/\/www.eino.eu\/sv\/toimitusehdot\/","title":{"rendered":"Leveransvillkor"},"content":{"rendered":"<h3 class=\"wp-block-heading advgb-dyn-786747c3\">Webbutikens leveransvillkor<\/h3>\n\n\n\n<p>G\u00e4ller fr\u00e5n och med 1.5.2019<\/p>\n\n\n\n<h4 class=\"wp-block-heading advgb-dyn-1c698ab3\">Allm\u00e4nt om webbutiken<\/h4>\n\n\n\n<p>Webbutikens produkter s\u00e4ljs av DotHouse Oy, FO-nummer 2600054-3. Vi s\u00e4ljer produkter till myndiga privatpersoner i Finland. Produktpriserna inkluderar merv\u00e4rdesskatt. Vi f\u00f6rbeh\u00e5ller oss r\u00e4tten att \u00e4ndra priser och fraktkostnader. V\u00e5rt telefonnummer \u00e4r +35844 404 4010.<\/p>\n\n\n\n<h4 class=\"wp-block-heading advgb-dyn-7db4fe72\">Best\u00e4llning<\/h4>\n\n\n\n<p>Produkterna best\u00e4lls huvudsakligen via internet p\u00e5 adressen www.eino.eu\n genom varukorgen.<\/p>\n\n\n\n<p>Alla best\u00e4llningar bekr\u00e4ftas via e-post, d\u00e4r best\u00e4llningens pris, leveranskostnader samt best\u00e4llda produkter anges. F\u00f6r att f\u00e5 en orderbekr\u00e4ftelse kr\u00e4vs att en e-postadress anges i samband med best\u00e4llningen.<\/p>\n\n\n\n<p>Kunden f\u00f6rbinder sig vid varje best\u00e4llning att f\u00f6lja de vid tidpunkten g\u00e4llande leveransvillkoren.<\/p>\n\n\n\n<h4 class=\"wp-block-heading advgb-dyn-cfb43561\">Orderbekr\u00e4ftelse<\/h4>\n\n\n\n<p>Vi skickar en orderbekr\u00e4ftelse via e-post d\u00e4r du kan se:<\/p>\n\n\n\n<ul class=\"wp-block-list\">\n<li>best\u00e4llningens inneh\u00e5ll<\/li>\n\n\n\n<li>leveransuppgifter<\/li>\n\n\n\n<li>fakturans slutsumma<\/li>\n<\/ul>\n\n\n\n<p>Via anv\u00e4ndarkontot p\u00e5 v\u00e5r webbplats kan du kontrollera best\u00e4llningens inneh\u00e5ll.<\/p>\n\n\n\n<h4 class=\"wp-block-heading advgb-dyn-5e089c3e\">Betalningss\u00e4tt<\/h4>\n\n\n\n<p class=\"has-very-dark-gray-color has-text-color\">Produkterna och deras fraktkostnader betalas i samband med best\u00e4llningen. Betalningstj\u00e4nsten Klarna erbjuder betalningsl\u00f6sningar f\u00f6r webbutiken eino.eu.<\/p>\n\n\n\n<p>\u2014\u2014\u2014\u2014\u2014\u2014\u2013<\/p>\n\n\n\n<p>Betaltj\u00e4nstleverant\u00f6r<\/p>\n\n\n\n<p class=\"has-very-dark-gray-color has-text-color\">Webbutiken anv\u00e4nder Klarnas Checkout-betaltj\u00e4nst. Webbutiken fungerar som marknadsf\u00f6rare av produkter och tj\u00e4nster samt som leverant\u00f6r av produkterna till kunden. Webbutiken ansvarar f\u00f6r lagstadgade skyldigheter samt \u00f6vriga skyldigheter som den sj\u00e4lv har fastst\u00e4llt i samband med k\u00f6pet. Vid kortbetalningar ing\u00e5s k\u00f6pet mellan kunden och Klarna. <\/p>\n\n\n\n<p>\u2014\u2014\u2014\u2014-<\/p>\n\n\n\n<h4 class=\"wp-block-heading advgb-dyn-42b6aca2\">Leveranstid<\/h4>\n\n\n\n<p>Leveranstiden \u00e4r 2\u20135 vardagar. Avvikande leveranstider meddelas p\u00e5 startsidan i webbutiken EINO.EU. F\u00f6r varje produkt anges en uppskattning av n\u00e4r produkten skickas fr\u00e5n oss. Observera att posten inte delar ut brev p\u00e5 tisdagar eller under helger.<\/p>\n\n\n\n<h4 class=\"wp-block-heading advgb-dyn-2b839198\">Leveranss\u00e4tt <\/h4>\n\n\n\n<p>Vi levererar best\u00e4llningar som brev, paket eller maxibrev beroende p\u00e5 best\u00e4llningens storlek. <\/p>\n\n\n\n<h4 class=\"wp-block-heading advgb-dyn-76a5d1aa\">Bytes- och returvillkor<\/h4>\n\n\n\n<p>Kunden har enligt finsk konsumentskyddslag 14 dagars bytes- och returr\u00e4tt. Returr\u00e4tten g\u00e4ller endast oanv\u00e4nda och s\u00e4ljbara produkter i originalf\u00f6rpackning.<\/p>\n\n\n\n<p>Bifoga f\u00f6ljande uppgifter vid retur:<\/p>\n\n\n\n<ul class=\"wp-block-list\">\n<li>ditt kundnummer, ditt namn, din adress och ditt telefonnummer<\/li>\n\n\n\n<li>ditt bankkontonummer<\/li>\n\n\n\n<li>samt en kopia av orderbekr\u00e4ftelsen som du har f\u00e5tt via e-post fr\u00e5n webbutiken EINO.EU<\/li>\n<\/ul>\n\n\n\n<p>Vid returer f\u00f6ljs f\u00f6ljande rutiner:<\/p>\n\n\n\n<ul class=\"wp-block-list\">\n<li>Returen ska meddelas via e-post.<\/li>\n\n\n\n<li>Meddelande om retur m\u00e5ste g\u00f6ras inom 14 dagar fr\u00e5n mottagandet av best\u00e4llningen.<\/li>\n\n\n\n<li>Produkten m\u00e5ste returneras inom 14 dagar fr\u00e5n meddelandet om retur.<\/li>\n\n\n\n<li>Vid retur betalar kunden portokostnaderna.&nbsp;<\/li>\n<\/ul>\n\n\n\n<p>Vi f\u00f6ljer Europeiska konsumentskyddsmyndighetens direktiv 2011\/83\/EU i v\u00e5ra returpolicyer.<\/p>\n\n\n\n<p><strong>Returadress<\/strong><\/p>\n\n\n\n<p class=\"has-very-dark-gray-color has-text-color\">DotHouse Oy<br>Paalukalliontie 14<br>43500 KARSTULA<\/p>\n\n\n\n<p>Vi tar inte emot returer senare \u00e4n 14 dagar efter leveransen. N\u00e4r returen har godk\u00e4nts \u00e5terbetalas pengarna direkt till ditt konto efter att returen har mottagits och behandlats.<\/p>\n\n\n\n<h4 class=\"wp-block-heading advgb-dyn-34651117\">Problemsituationer vid transport samt vid felaktiga produkter<\/h4>\n\n\n\n<p>Om produkten har f\u00f6rsvunnit under transporten, skadats eller om fel produkt har levererats till kunden, ska kunden omedelbart meddela felet till info@eino.eu eller per post till:<\/p>\n\n\n\n<p>DotHouse Oy<br>Paalukalliontie 14<br>43500 KARSTULA<\/p>\n\n\n\n<p>Anm\u00e4lan om felaktig leverans eller defekt produkt ska g\u00f6ras inom 14 dagar fr\u00e5n mottagandet av produkten. Om paketet har skadats under posttransporten ska en reklamation omedelbart g\u00f6ras till posten.<\/p>\n\n\n\n<h4 class=\"wp-block-heading advgb-dyn-e147b6c6\">\u00d6vrigt<\/h4>\n\n\n\n<p>Vi f\u00f6rbeh\u00e5ller oss r\u00e4tten att \u00e4ndra v\u00e5ra leveransvillkor. Kunden ska f\u00f6re best\u00e4llningen ta del av de vid var tid g\u00e4llande leveransvillkoren.<\/p>\n\n\n\n<p class=\"has-very-dark-gray-color has-text-color\">Dothouse Oy behandlar alla kunduppgifter helt konfidentiellt.<br>Dothouse Oy f\u00f6rbinder sig att inte l\u00e4mna ut kunduppgifter till tredje part. I samband med betalningen fyller kunden i de betalningsuppgifter som Klarna kr\u00e4ver, vilka vidarebefordras till Klarna.<br><\/p>","protected":false},"excerpt":{"rendered":"<p>Verkkokaupan toimitusehdot Voimassa 1.5.2019 alkaen Yleist\u00e4 verkkokaupasta Verkkokaupan tuotteita myy DotHouse Oy y-tunnus 2600054-3. Myymme tuotteita t\u00e4ysi-ik\u00e4isille yksityishenkil\u00f6ille Suomeen. Tuotteiden [&hellip;]<\/p>\n","protected":false},"author":1,"featured_media":0,"parent":0,"menu_order":0,"comment_status":"closed","ping_status":"closed","template":"","meta":{"_uag_custom_page_level_css":"","advgb_blocks_editor_width":"","advgb_blocks_columns_visual_guide":"","site-sidebar-layout":"default","site-content-layout":"","ast-site-content-layout":"default","site-content-style":"default","site-sidebar-style":"default","ast-global-header-display":"","ast-banner-title-visibility":"","ast-main-header-display":"","ast-hfb-above-header-display":"","ast-hfb-below-header-display":"","ast-hfb-mobile-header-display":"","site-post-title":"","ast-breadcrumbs-content":"","ast-featured-img":"","footer-sml-layout":"","ast-disable-related-posts":"","theme-transparent-header-meta":"","adv-header-id-meta":"","stick-header-meta":"","header-above-stick-meta":"","header-main-stick-meta":"","header-below-stick-meta":"","astra-migrate-meta-layouts":"default","ast-page-background-enabled":"default","ast-page-background-meta":{"desktop":{"background-color":"var(--ast-global-color-4)","background-image":"","background-repeat":"repeat","background-position":"center center","background-size":"auto","background-attachment":"scroll","background-type":"","background-media":"","overlay-type":"","overlay-color":"","overlay-opacity":"","overlay-gradient":""},"tablet":{"background-color":"","background-image":"","background-repeat":"repeat","background-position":"center center","background-size":"auto","background-attachment":"scroll","background-type":"","background-media":"","overlay-type":"","overlay-color":"","overlay-opacity":"","overlay-gradient":""},"mobile":{"background-color":"","background-image":"","background-repeat":"repeat","background-position":"center center","background-size":"auto","background-attachment":"scroll","background-type":"","background-media":"","overlay-type":"","overlay-color":"","overlay-opacity":"","overlay-gradient":""}},"ast-content-background-meta":{"desktop":{"background-color":"var(--ast-global-color-5)","background-image":"","background-repeat":"repeat","background-position":"center center","background-size":"auto","background-attachment":"scroll","background-type":"","background-media":"","overlay-type":"","overlay-color":"","overlay-opacity":"","overlay-gradient":""},"tablet":{"background-color":"var(--ast-global-color-5)","background-image":"","background-repeat":"repeat","background-position":"center center","background-size":"auto","background-attachment":"scroll","background-type":"","background-media":"","overlay-type":"","overlay-color":"","overlay-opacity":"","overlay-gradient":""},"mobile":{"background-color":"var(--ast-global-color-5)","background-image":"","background-repeat":"repeat","background-position":"center center","background-size":"auto","background-attachment":"scroll","background-type":"","background-media":"","overlay-type":"","overlay-color":"","overlay-opacity":"","overlay-gradient":""}},"footnotes":""},"class_list":["post-261","page","type-page","status-publish","hentry"],"yoast_head":"<!-- This site is optimized with the Yoast SEO plugin v27.4 - https:\/\/yoast.com\/product\/yoast-seo-wordpress\/ -->\n<title>TOIMITUSEHDOT - EINO-VERKKOKAUPPA<\/title>\n<meta name=\"description\" content=\"Toimitusehdot, maksutavat ja palautusohjeet l\u00f6yd\u00e4t helposti Eino-verkkokaupan toimitusehdot sivulta . Sivulta l\u00f6ytyy my\u00f6s yhteystiedot.\" \/>\n<meta name=\"robots\" content=\"index, follow, max-snippet:-1, max-image-preview:large, max-video-preview:-1\" \/>\n<link rel=\"canonical\" href=\"https:\/\/www.eino.eu\/sv\/toimitusehdot\/\" \/>\n<meta property=\"og:locale\" content=\"sv_SE\" \/>\n<meta property=\"og:type\" content=\"article\" \/>\n<meta property=\"og:title\" content=\"TOIMITUSEHDOT - EINO-VERKKOKAUPPA\" \/>\n<meta property=\"og:description\" content=\"Toimitusehdot, maksutavat ja palautusohjeet l\u00f6yd\u00e4t helposti Eino-verkkokaupan toimitusehdot sivulta . Sivulta l\u00f6ytyy my\u00f6s yhteystiedot.\" \/>\n<meta property=\"og:url\" content=\"https:\/\/www.eino.eu\/sv\/toimitusehdot\/\" \/>\n<meta property=\"og:site_name\" content=\"EINO-VERKKOKAUPPA\" \/>\n<meta property=\"article:publisher\" content=\"https:\/\/www.facebook.com\/Eino.eu\" \/>\n<meta property=\"article:modified_time\" content=\"2025-09-11T09:36:09+00:00\" \/>\n<meta property=\"og:image\" content=\"https:\/\/www.eino.eu\/wp-content\/uploads\/2019\/01\/cropped-orig-eino.jpg\" \/>\n\t<meta property=\"og:image:width\" content=\"512\" \/>\n\t<meta property=\"og:image:height\" content=\"512\" \/>\n\t<meta property=\"og:image:type\" content=\"image\/jpeg\" \/>\n<meta name=\"twitter:card\" content=\"summary_large_image\" \/>\n<meta name=\"twitter:label1\" content=\"Ber\u00e4knad l\u00e4stid\" \/>\n\t<meta name=\"twitter:data1\" content=\"3 minuter\" \/>\n<script type=\"application\/ld+json\" class=\"yoast-schema-graph\">{\"@context\":\"https:\\\/\\\/schema.org\",\"@graph\":[{\"@type\":\"WebPage\",\"@id\":\"https:\\\/\\\/www.eino.eu\\\/toimitusehdot\\\/\",\"url\":\"https:\\\/\\\/www.eino.eu\\\/toimitusehdot\\\/\",\"name\":\"TOIMITUSEHDOT - EINO-VERKKOKAUPPA\",\"isPartOf\":{\"@id\":\"https:\\\/\\\/www.eino.eu\\\/#website\"},\"datePublished\":\"2019-04-17T08:19:04+00:00\",\"dateModified\":\"2025-09-11T09:36:09+00:00\",\"description\":\"Toimitusehdot, maksutavat ja palautusohjeet l\u00f6yd\u00e4t helposti Eino-verkkokaupan toimitusehdot sivulta . Sivulta l\u00f6ytyy my\u00f6s yhteystiedot.\",\"breadcrumb\":{\"@id\":\"https:\\\/\\\/www.eino.eu\\\/toimitusehdot\\\/#breadcrumb\"},\"inLanguage\":\"sv-SE\",\"potentialAction\":[{\"@type\":\"ReadAction\",\"target\":[\"https:\\\/\\\/www.eino.eu\\\/toimitusehdot\\\/\"]}]},{\"@type\":\"BreadcrumbList\",\"@id\":\"https:\\\/\\\/www.eino.eu\\\/toimitusehdot\\\/#breadcrumb\",\"itemListElement\":[{\"@type\":\"ListItem\",\"position\":1,\"name\":\"Etusivu\",\"item\":\"https:\\\/\\\/www.eino.eu\\\/\"},{\"@type\":\"ListItem\",\"position\":2,\"name\":\"TOIMITUSEHDOT\"}]},{\"@type\":\"WebSite\",\"@id\":\"https:\\\/\\\/www.eino.eu\\\/#website\",\"url\":\"https:\\\/\\\/www.eino.eu\\\/\",\"name\":\"EINO-VERKKOKAUPPA\",\"description\":\"Aina laadukkaita tuotteita kilpailukykyisin hinnoin.\",\"publisher\":{\"@id\":\"https:\\\/\\\/www.eino.eu\\\/#organization\"},\"potentialAction\":[{\"@type\":\"SearchAction\",\"target\":{\"@type\":\"EntryPoint\",\"urlTemplate\":\"https:\\\/\\\/www.eino.eu\\\/?s={search_term_string}\"},\"query-input\":{\"@type\":\"PropertyValueSpecification\",\"valueRequired\":true,\"valueName\":\"search_term_string\"}}],\"inLanguage\":\"sv-SE\"},{\"@type\":\"Organization\",\"@id\":\"https:\\\/\\\/www.eino.eu\\\/#organization\",\"name\":\"EINO-VERKKOKAUPPA\",\"url\":\"https:\\\/\\\/www.eino.eu\\\/\",\"logo\":{\"@type\":\"ImageObject\",\"inLanguage\":\"sv-SE\",\"@id\":\"https:\\\/\\\/www.eino.eu\\\/#\\\/schema\\\/logo\\\/image\\\/\",\"url\":\"https:\\\/\\\/www.eino.eu\\\/wp-content\\\/uploads\\\/2019\\\/02\\\/cropped-eino300-4.png\",\"contentUrl\":\"https:\\\/\\\/www.eino.eu\\\/wp-content\\\/uploads\\\/2019\\\/02\\\/cropped-eino300-4.png\",\"width\":300,\"height\":300,\"caption\":\"EINO-VERKKOKAUPPA\"},\"image\":{\"@id\":\"https:\\\/\\\/www.eino.eu\\\/#\\\/schema\\\/logo\\\/image\\\/\"},\"sameAs\":[\"https:\\\/\\\/www.facebook.com\\\/Eino.eu\",\"https:\\\/\\\/www.instagram.com\\\/original_eino\\\/\"]}]}<\/script>\n<!-- \/ Yoast SEO plugin. -->","yoast_head_json":{"title":"TOIMITUSEHDOT - EINO-VERKKOKAUPPA","description":"Toimitusehdot, maksutavat ja palautusohjeet l\u00f6yd\u00e4t helposti Eino-verkkokaupan toimitusehdot sivulta . Sivulta l\u00f6ytyy my\u00f6s yhteystiedot.","robots":{"index":"index","follow":"follow","max-snippet":"max-snippet:-1","max-image-preview":"max-image-preview:large","max-video-preview":"max-video-preview:-1"},"canonical":"https:\/\/www.eino.eu\/sv\/toimitusehdot\/","og_locale":"sv_SE","og_type":"article","og_title":"TOIMITUSEHDOT - EINO-VERKKOKAUPPA","og_description":"Toimitusehdot, maksutavat ja palautusohjeet l\u00f6yd\u00e4t helposti Eino-verkkokaupan toimitusehdot sivulta . Sivulta l\u00f6ytyy my\u00f6s yhteystiedot.","og_url":"https:\/\/www.eino.eu\/sv\/toimitusehdot\/","og_site_name":"EINO-VERKKOKAUPPA","article_publisher":"https:\/\/www.facebook.com\/Eino.eu","article_modified_time":"2025-09-11T09:36:09+00:00","og_image":[{"width":512,"height":512,"url":"https:\/\/www.eino.eu\/wp-content\/uploads\/2019\/01\/cropped-orig-eino.jpg","type":"image\/jpeg"}],"twitter_card":"summary_large_image","twitter_misc":{"Ber\u00e4knad l\u00e4stid":"3 minuter"},"schema":{"@context":"https:\/\/schema.org","@graph":[{"@type":"WebPage","@id":"https:\/\/www.eino.eu\/toimitusehdot\/","url":"https:\/\/www.eino.eu\/toimitusehdot\/","name":"TOIMITUSEHDOT - EINO-VERKKOKAUPPA","isPartOf":{"@id":"https:\/\/www.eino.eu\/#website"},"datePublished":"2019-04-17T08:19:04+00:00","dateModified":"2025-09-11T09:36:09+00:00","description":"Toimitusehdot, maksutavat ja palautusohjeet l\u00f6yd\u00e4t helposti Eino-verkkokaupan toimitusehdot sivulta . Sivulta l\u00f6ytyy my\u00f6s yhteystiedot.","breadcrumb":{"@id":"https:\/\/www.eino.eu\/toimitusehdot\/#breadcrumb"},"inLanguage":"sv-SE","potentialAction":[{"@type":"ReadAction","target":["https:\/\/www.eino.eu\/toimitusehdot\/"]}]},{"@type":"BreadcrumbList","@id":"https:\/\/www.eino.eu\/toimitusehdot\/#breadcrumb","itemListElement":[{"@type":"ListItem","position":1,"name":"Etusivu","item":"https:\/\/www.eino.eu\/"},{"@type":"ListItem","position":2,"name":"TOIMITUSEHDOT"}]},{"@type":"WebSite","@id":"https:\/\/www.eino.eu\/#website","url":"https:\/\/www.eino.eu\/","name":"EINO-VERKKOKAUPPA","description":"Aina laadukkaita tuotteita kilpailukykyisin hinnoin.","publisher":{"@id":"https:\/\/www.eino.eu\/#organization"},"potentialAction":[{"@type":"SearchAction","target":{"@type":"EntryPoint","urlTemplate":"https:\/\/www.eino.eu\/?s={search_term_string}"},"query-input":{"@type":"PropertyValueSpecification","valueRequired":true,"valueName":"search_term_string"}}],"inLanguage":"sv-SE"},{"@type":"Organization","@id":"https:\/\/www.eino.eu\/#organization","name":"EINO-VERKKOKAUPPA","url":"https:\/\/www.eino.eu\/","logo":{"@type":"ImageObject","inLanguage":"sv-SE","@id":"https:\/\/www.eino.eu\/#\/schema\/logo\/image\/","url":"https:\/\/www.eino.eu\/wp-content\/uploads\/2019\/02\/cropped-eino300-4.png","contentUrl":"https:\/\/www.eino.eu\/wp-content\/uploads\/2019\/02\/cropped-eino300-4.png","width":300,"height":300,"caption":"EINO-VERKKOKAUPPA"},"image":{"@id":"https:\/\/www.eino.eu\/#\/schema\/logo\/image\/"},"sameAs":["https:\/\/www.facebook.com\/Eino.eu","https:\/\/www.instagram.com\/original_eino\/"]}]}},"uagb_featured_image_src":{"full":false,"thumbnail":false,"medium":false,"medium_large":false,"large":false,"1536x1536":false,"2048x2048":false,"trp-custom-language-flag":false,"woocommerce_thumbnail":false,"woocommerce_single":false,"woocommerce_gallery_thumbnail":false},"uagb_author_info":{"display_name":"mediaadmin","author_link":"https:\/\/www.eino.eu\/sv\/author\/mediaadmin\/"},"uagb_comment_info":0,"uagb_excerpt":"Verkkokaupan toimitusehdot Voimassa 1.5.2019 alkaen Yleist\u00e4 verkkokaupasta Verkkokaupan tuotteita myy DotHouse Oy y-tunnus 2600054-3. Myymme tuotteita t\u00e4ysi-ik\u00e4isille yksityishenkil\u00f6ille Suomeen. Tuotteiden [&hellip;]","coauthors":[],"author_meta":{"author_link":"https:\/\/www.eino.eu\/sv\/author\/mediaadmin\/","display_name":"mediaadmin"},"relative_dates":{"created":"Publicerad 7 \u00e5r sedan","modified":"Uppdaterad 7 m\u00e5nader sedan"},"absolute_dates":{"created":"Publicerat den 17.4.2019","modified":"Uppdaterad den 11.9.2025"},"absolute_dates_time":{"created":"Publicerat den 17.4.2019 11:19","modified":"Uppdaterad den 11.9.2025 12:36"},"featured_img_caption":"","featured_img":false,"series_order":"","jetpack_sharing_enabled":true,"_links":{"self":[{"href":"https:\/\/www.eino.eu\/sv\/wp-json\/wp\/v2\/pages\/261","targetHints":{"allow":["GET"]}}],"collection":[{"href":"https:\/\/www.eino.eu\/sv\/wp-json\/wp\/v2\/pages"}],"about":[{"href":"https:\/\/www.eino.eu\/sv\/wp-json\/wp\/v2\/types\/page"}],"author":[{"embeddable":true,"href":"https:\/\/www.eino.eu\/sv\/wp-json\/wp\/v2\/users\/1"}],"replies":[{"embeddable":true,"href":"https:\/\/www.eino.eu\/sv\/wp-json\/wp\/v2\/comments?post=261"}],"version-history":[{"count":6,"href":"https:\/\/www.eino.eu\/sv\/wp-json\/wp\/v2\/pages\/261\/revisions"}],"predecessor-version":[{"id":1071,"href":"https:\/\/www.eino.eu\/sv\/wp-json\/wp\/v2\/pages\/261\/revisions\/1071"}],"wp:attachment":[{"href":"https:\/\/www.eino.eu\/sv\/wp-json\/wp\/v2\/media?parent=261"}],"curies":[{"name":"wp","href":"https:\/\/api.w.org\/{rel}","templated":true}]}}