{"id":1112,"date":"2024-04-19T10:28:12","date_gmt":"2024-04-19T07:28:12","guid":{"rendered":"https:\/\/www.eino.eu\/?page_id=1112"},"modified":"2024-04-19T20:33:32","modified_gmt":"2024-04-19T17:33:32","slug":"lisaa-tuote","status":"publish","type":"page","link":"https:\/\/www.eino.eu\/sv\/lisaa-tuote\/","title":{"rendered":"Lis\u00e4\u00e4 tuote"},"content":{"rendered":"\n<div class=\"wp-block-cover alignfull\"><span aria-hidden=\"true\" class=\"wp-block-cover__background has-ast-global-color-3-background-color has-background-dim-80 has-background-dim\"><\/span><img loading=\"lazy\" decoding=\"async\" width=\"2000\" height=\"1333\" class=\"wp-block-cover__image-background wp-image-1113\" alt=\"\" src=\"https:\/\/www.eino.eu\/wp-content\/uploads\/2024\/04\/3541.jpg\" data-object-fit=\"cover\" srcset=\"https:\/\/www.eino.eu\/wp-content\/uploads\/2024\/04\/3541.jpg 2000w, https:\/\/www.eino.eu\/wp-content\/uploads\/2024\/04\/3541-600x400.jpg 600w, https:\/\/www.eino.eu\/wp-content\/uploads\/2024\/04\/3541-300x200.jpg 300w, https:\/\/www.eino.eu\/wp-content\/uploads\/2024\/04\/3541-1024x682.jpg 1024w, https:\/\/www.eino.eu\/wp-content\/uploads\/2024\/04\/3541-768x512.jpg 768w, https:\/\/www.eino.eu\/wp-content\/uploads\/2024\/04\/3541-1536x1024.jpg 1536w\" sizes=\"auto, (max-width: 2000px) 100vw, 2000px\" \/><div class=\"wp-block-cover__inner-container is-layout-constrained wp-block-cover-is-layout-constrained\">\n<h5 class=\"wp-block-heading has-text-align-center\" style=\"font-size:19px\">EINO-MYYJ\u00c4SIVUT:<\/h5>\n\n\n\n<h2 class=\"wp-block-heading has-text-align-center\" style=\"font-size:30px\">LIS\u00c4\u00c4 UUSI TUOTE VERKKOKAUPPAAN<\/h2>\n<\/div><\/div>\n\n\n\n<div style=\"height:40px\" aria-hidden=\"true\" class=\"wp-block-spacer\"><\/div>\n\n\n\n<h2 class=\"wp-block-heading has-text-align-center\">Ohje:<\/h2>\n\n\n\n<div class=\"wp-block-uagb-container uagb-block-1c0bb177 alignfull uagb-is-root-container\"><div class=\"uagb-container-inner-blocks-wrap\">\n<div class=\"wp-block-uagb-container uagb-block-c57060b2\">\n<div class=\"wp-block-uagb-info-box uagb-block-65470e49 uagb-infobox__content-wrap  uagb-infobox-icon-above-title uagb-infobox-image-valign-top\"><div class=\"uagb-ifb-content\"><div class=\"uagb-ifb-icon-wrap\"><svg xmlns=\"https:\/\/www.w3.org\/2000\/svg\" viewBox=\"0 0 448 512\"><path d=\"M448 75.2v361.7c0 24.3-19 43.2-43.2 43.2H43.2C19.3 480 0 461.4 0 436.8V75.2C0 51.1 18.8 32 43.2 32h361.7c24 0 43.1 18.8 43.1 43.2zm-37.3 361.6V75.2c0-3-2.6-5.8-5.8-5.8h-9.3L285.3 144 224 94.1 162.8 144 52.5 69.3h-9.3c-3.2 0-5.8 2.8-5.8 5.8v361.7c0 3 2.6 5.8 5.8 5.8h361.7c3.2 .1 5.8-2.7 5.8-5.8zM150.2 186v37H76.7v-37h73.5zm0 74.4v37.3H76.7v-37.3h73.5zm11.1-147.3l54-43.7H96.8l64.5 43.7zm210 72.9v37h-196v-37h196zm0 74.4v37.3h-196v-37.3h196zm-84.6-147.3l64.5-43.7H232.8l53.9 43.7zM371.3 335v37.3h-99.4V335h99.4z\"><\/path><\/svg><\/div><div class=\"uagb-ifb-title-wrap\"><h4 class=\"uagb-ifb-title\">1. T\u00e4yt\u00e4 alla oleva lomake<\/h4><\/div><\/div><\/div>\n<\/div>\n\n\n\n<div class=\"wp-block-uagb-container uagb-block-3384d403\">\n<div class=\"wp-block-uagb-info-box uagb-block-655916e1 uagb-infobox__content-wrap  uagb-infobox-icon-above-title uagb-infobox-image-valign-top\"><div class=\"uagb-ifb-content\"><div class=\"uagb-ifb-icon-wrap\"><svg xmlns=\"https:\/\/www.w3.org\/2000\/svg\" viewBox=\"0 0 640 512\"><path d=\"M400 32C426.5 32 448 53.49 448 80V336C448 362.5 426.5 384 400 384H266.7L277.3 416H352C369.7 416 384 430.3 384 448C384 465.7 369.7 480 352 480H96C78.33 480 64 465.7 64 448C64 430.3 78.33 416 96 416H170.7L181.3 384H48C21.49 384 0 362.5 0 336V80C0 53.49 21.49 32 48 32H400zM64 96V320H384V96H64zM592 32C618.5 32 640 53.49 640 80V432C640 458.5 618.5 480 592 480H528C501.5 480 480 458.5 480 432V80C480 53.49 501.5 32 528 32H592zM544 96C535.2 96 528 103.2 528 112C528 120.8 535.2 128 544 128H576C584.8 128 592 120.8 592 112C592 103.2 584.8 96 576 96H544zM544 192H576C584.8 192 592 184.8 592 176C592 167.2 584.8 160 576 160H544C535.2 160 528 167.2 528 176C528 184.8 535.2 192 544 192zM560 400C577.7 400 592 385.7 592 368C592 350.3 577.7 336 560 336C542.3 336 528 350.3 528 368C528 385.7 542.3 400 560 400z\"><\/path><\/svg><\/div><div class=\"uagb-ifb-title-wrap\"><h4 class=\"uagb-ifb-title\">2. Lis\u00e4\u00e4mme tuotteesi kauppaan<\/h4><\/div><\/div><\/div>\n<\/div>\n\n\n\n<div class=\"wp-block-uagb-container uagb-block-69c5b6d4\">\n<div class=\"wp-block-uagb-info-box uagb-block-a4dd1654 uagb-infobox__content-wrap  uagb-infobox-icon-above-title uagb-infobox-image-valign-top\"><div class=\"uagb-ifb-content\"><div class=\"uagb-ifb-icon-wrap\"><svg xmlns=\"https:\/\/www.w3.org\/2000\/svg\" viewBox=\"0 0 640 512\"><path d=\"M334.6 217.4l-30 27.49C264 282.1 217.8 256.8 202.9 240.6C176 211.2 178.1 165.7 207.3 138.9L289.1 64H282.5C224.7 64 169.1 86.95 128.2 127.8L32 128.1c-17.6 0-32 14.39-32 31.98v159.8c0 17.59 14.4 32.04 31.1 32.04l114.3-.0604l90.5 81.82c27.5 22.37 67.75 18.11 90-9.255l18.12 15.25c15.88 12.1 39.38 10.5 52.38-5.369l31.38-38.6l5.374 4.498c13.75 11 33.88 9.002 45-4.748l9.576-11.83c11.08-13.7 8.979-33.75-4.701-44.86L334.6 217.4zM608 128.1l-96-.1257c-40.98-40.96-96.56-63.88-154.5-63.88L348.9 64c-8 0-15.62 3.197-21.62 8.568L229 162.3C228.9 162.5 228.8 162.7 228.8 162.7C212 178.5 212.4 203.3 226.6 218.7c9.625 10.5 35 21.62 56.13 2.75c0-.125 .25-.125 .375-.25l80-73.1c6.5-5.871 16.62-5.496 22.62 1s5.5 16.62-1 22.62l-26.12 23.87l145.6 118.1c12.12 9.992 19.5 23.49 22.12 37.98L608 351.7c17.6 0 32-14.38 32-31.98V160.1C640 142.4 625.7 128.1 608 128.1z\"><\/path><\/svg><\/div><div class=\"uagb-ifb-title-wrap\"><h4 class=\"uagb-ifb-title\">3. Tuote on ostettavissa!<\/h4><\/div><p class=\"uagb-ifb-desc\">Ilmoitamme, kun tuote on lis\u00e4tty kauppaan.<\/p><\/div><\/div>\n<\/div>\n<\/div><\/div>\n\n\n\n<div style=\"height:40px\" aria-hidden=\"true\" class=\"wp-block-spacer\"><\/div>\n\n\n\n<h2 class=\"wp-block-heading has-text-align-left\">Kirjoita lis\u00e4tt\u00e4v\u00e4n tuotteen tiedot:<\/h2>\n\n\n<div class=\"wpforms-container wpforms-container-full wpforms-block wpforms-block-cbe44aad-68eb-47a5-a381-d0fe1313b68f wpforms-render-modern\" id=\"wpforms-1120\"><form id=\"wpforms-form-1120\" class=\"wpforms-validate wpforms-form wpforms-ajax-form\" data-formid=\"1120\" method=\"post\" enctype=\"multipart\/form-data\" action=\"\/sv\/wp-json\/wp\/v2\/pages\/1112\" data-token=\"6d7d6df97b68cb8e54e74e9f9e068a9e\" data-token-time=\"1777594185\"><noscript class=\"wpforms-error-noscript\">Aktivera JavaScript i din webbl\u00e4sare f\u00f6r att fylla i formul\u00e4ret.<\/noscript><div id=\"wpforms-error-noscript\" style=\"display: none;\">Aktivera JavaScript i din webbl\u00e4sare f\u00f6r att fylla i formul\u00e4ret.<\/div><div class=\"wpforms-field-container\"><div id=\"wpforms-1120-field_1-container\" class=\"wpforms-field wpforms-field-text\" data-field-id=\"1\"><label class=\"wpforms-field-label\" for=\"wpforms-1120-field_1\">Tuotteen nimi \/ p\u00e4\u00e4otsikko <span class=\"wpforms-required-label\" aria-hidden=\"true\">*<\/span><\/label><input type=\"text\" id=\"wpforms-1120-field_1\" class=\"wpforms-field-medium wpforms-field-required\" name=\"wpforms[fields][1]\" aria-errormessage=\"wpforms-1120-field_1-error\" aria-describedby=\"wpforms-1120-field_1-description\" required><div id=\"wpforms-1120-field_1-description\" class=\"wpforms-field-description\">T\u00e4m\u00e4 on teksti, joka tulee hinnan lis\u00e4ksi ensimm\u00e4isen\u00e4 n\u00e4kyviin tuotelistaan!<\/div><\/div><div id=\"wpforms-1120-field_2-container\" class=\"wpforms-field wpforms-field-text\" data-field-id=\"2\"><label class=\"wpforms-field-label\" for=\"wpforms-1120-field_2\">Hinta <span class=\"wpforms-required-label\" aria-hidden=\"true\">*<\/span><\/label><input type=\"text\" id=\"wpforms-1120-field_2\" class=\"wpforms-field-medium wpforms-field-required\" name=\"wpforms[fields][2]\" aria-errormessage=\"wpforms-1120-field_2-error\" aria-describedby=\"wpforms-1120-field_2-description\" required><div id=\"wpforms-1120-field_2-description\" class=\"wpforms-field-description\">Hinta sis\u00e4lt\u00e4en arvonlils\u00e4veron<\/div><\/div><div id=\"wpforms-1120-field_3-container\" class=\"wpforms-field wpforms-field-text\" data-field-id=\"3\"><label class=\"wpforms-field-label\" for=\"wpforms-1120-field_3\">Tuoteryhm\u00e4\/osasto <span class=\"wpforms-required-label\" aria-hidden=\"true\">*<\/span><\/label><input type=\"text\" id=\"wpforms-1120-field_3\" class=\"wpforms-field-medium wpforms-field-required\" name=\"wpforms[fields][3]\" aria-errormessage=\"wpforms-1120-field_3-error\" aria-describedby=\"wpforms-1120-field_3-description\" required><div id=\"wpforms-1120-field_3-description\" class=\"wpforms-field-description\">Mihin tuoteryhm\u00e4\u00e4n\/tuoteryhmiin haluat tuotteesi lis\u00e4tt\u00e4v\u00e4ksi?<\/div><\/div><div id=\"wpforms-1120-field_6-container\" class=\"wpforms-field wpforms-field-text\" data-field-id=\"6\"><label class=\"wpforms-field-label\" for=\"wpforms-1120-field_6\">Tuotenumero\/tuotekoodi<\/label><input type=\"text\" id=\"wpforms-1120-field_6\" class=\"wpforms-field-medium\" name=\"wpforms[fields][6]\" aria-errormessage=\"wpforms-1120-field_6-error\" aria-describedby=\"wpforms-1120-field_6-description\" ><div id=\"wpforms-1120-field_6-description\" class=\"wpforms-field-description\">Jos et halua asettaa itse tuotekoodia, j\u00e4t\u00e4 kentt\u00e4 tyhj\u00e4ksi.<\/div><\/div><div id=\"wpforms-1120-field_4-container\" class=\"wpforms-field wpforms-field-textarea\" data-field-id=\"4\"><label class=\"wpforms-field-label\" for=\"wpforms-1120-field_4\">Tuotteen esittely \/ myyntiteksti <span class=\"wpforms-required-label\" aria-hidden=\"true\">*<\/span><\/label><textarea id=\"wpforms-1120-field_4\" class=\"wpforms-field-medium wpforms-field-required\" name=\"wpforms[fields][4]\" aria-errormessage=\"wpforms-1120-field_4-error\" aria-describedby=\"wpforms-1120-field_4-description\" required><\/textarea><div id=\"wpforms-1120-field_4-description\" class=\"wpforms-field-description\">T\u00e4m\u00e4 on tuotteen varsinainen myyntiteksti<\/div><\/div><div id=\"wpforms-1120-field_5-container\" class=\"wpforms-field wpforms-field-textarea\" data-field-id=\"5\"><label class=\"wpforms-field-label\" for=\"wpforms-1120-field_5\">Tuotteen lis\u00e4tiedot<\/label><textarea id=\"wpforms-1120-field_5\" class=\"wpforms-field-medium\" name=\"wpforms[fields][5]\" aria-errormessage=\"wpforms-1120-field_5-error\" aria-describedby=\"wpforms-1120-field_5-description\" ><\/textarea><div id=\"wpforms-1120-field_5-description\" class=\"wpforms-field-description\">Voit kirjoittaa t\u00e4h\u00e4n tuotteen lis\u00e4tietoja, esim. mitat ja muut ominaisuudet. Voit tehd\u00e4 my\u00f6s luetteloita.<\/div><\/div><div id=\"wpforms-1120-field_10-container\" class=\"wpforms-field wpforms-field-textarea\" data-field-id=\"10\"><label class=\"wpforms-field-label\" for=\"wpforms-1120-field_10\">Tuotevariaatiot (optio)<\/label><textarea id=\"wpforms-1120-field_10\" class=\"wpforms-field-medium\" name=\"wpforms[fields][10]\" placeholder=\"Esim. koot: S, M, L tai v\u00e4rit: punainen, vihre\u00e4, sininen\" aria-errormessage=\"wpforms-1120-field_10-error\" aria-describedby=\"wpforms-1120-field_10-description\" ><\/textarea><div id=\"wpforms-1120-field_10-description\" class=\"wpforms-field-description\">Onko tuotteesta v\u00e4ri- tai kokovaihtoehtoja? Listaa vaihtoehdot t\u00e4h\u00e4n.<\/div><\/div><div id=\"wpforms-1120-field_11-container\" class=\"wpforms-field wpforms-field-textarea\" data-field-id=\"11\"><label class=\"wpforms-field-label\" for=\"wpforms-1120-field_11\">Avainsanat<\/label><textarea id=\"wpforms-1120-field_11\" class=\"wpforms-field-medium\" name=\"wpforms[fields][11]\" placeholder=\"Esim: CE-hyv\u00e4ksytty, k\u00e4sin tehty, kotimainen ym.\" aria-errormessage=\"wpforms-1120-field_11-error\" aria-describedby=\"wpforms-1120-field_11-description\" ><\/textarea><div id=\"wpforms-1120-field_11-description\" class=\"wpforms-field-description\">Voit halutessasi lis\u00e4t\u00e4 tuotteelle avainsanoja, jotta se. l\u00f6ytyisi paremmin hakutuloksissa. Erottele avainsanat pilkulla.<\/div><\/div><div id=\"wpforms-1120-field_8-container\" class=\"wpforms-field wpforms-field-divider\" data-field-id=\"8\"><h3 id=\"wpforms-1120-field_8\" aria-errormessage=\"wpforms-1120-field_8-error\">L\u00e4hett\u00e4j\u00e4n tiedot<\/h3><\/div><div id=\"wpforms-1120-field_7-container\" class=\"wpforms-field wpforms-field-text\" data-field-id=\"7\"><label class=\"wpforms-field-label\" for=\"wpforms-1120-field_7\">Nimi <span class=\"wpforms-required-label\" aria-hidden=\"true\">*<\/span><\/label><input type=\"text\" id=\"wpforms-1120-field_7\" class=\"wpforms-field-medium wpforms-field-required\" name=\"wpforms[fields][7]\" aria-errormessage=\"wpforms-1120-field_7-error\" required><\/div><div id=\"wpforms-1120-field_9-container\" class=\"wpforms-field wpforms-field-email\" data-field-id=\"9\"><label class=\"wpforms-field-label\" for=\"wpforms-1120-field_9\">Email <span class=\"wpforms-required-label\" aria-hidden=\"true\">*<\/span><\/label><input type=\"email\" id=\"wpforms-1120-field_9\" class=\"wpforms-field-medium wpforms-field-required\" name=\"wpforms[fields][9]\" spellcheck=\"false\" aria-errormessage=\"wpforms-1120-field_9-error\" required><\/div><\/div><!-- .wpforms-field-container --><div class=\"wpforms-submit-container\" ><input type=\"hidden\" name=\"wpforms[id]\" value=\"1120\"><input type=\"hidden\" name=\"page_title\" value=\"\"><input type=\"hidden\" name=\"page_url\" value=\"https:\/\/www.eino.eu\/sv\/wp-json\/wp\/v2\/pages\/1112\"><input type=\"hidden\" name=\"url_referer\" value=\"\"><button type=\"submit\" name=\"wpforms[submit]\" id=\"wpforms-submit-1120\" class=\"wpforms-submit\" data-alt-text=\"L\u00e4hetet\u00e4\u00e4n....\" data-submit-text=\"L\u00e4het\u00e4 tuotteen tiedot\" aria-live=\"assertive\" value=\"wpforms-submit\">L\u00e4het\u00e4 tuotteen tiedot<\/button><img loading=\"lazy\" decoding=\"async\" src=\"https:\/\/www.eino.eu\/wp-content\/plugins\/wpforms\/assets\/images\/submit-spin.svg\" class=\"wpforms-submit-spinner\" style=\"display: none;\" width=\"26\" height=\"26\" alt=\"Laddar\"><\/div><\/form><\/div>  <!-- .wpforms-container -->","protected":false},"excerpt":{"rendered":"<p>Ohje: Kirjoita lis\u00e4tt\u00e4v\u00e4n tuotteen tiedot:<\/p>","protected":false},"author":1,"featured_media":0,"parent":0,"menu_order":0,"comment_status":"closed","ping_status":"closed","template":"","meta":{"_uag_custom_page_level_css":"","advgb_blocks_editor_width":"","advgb_blocks_columns_visual_guide":"","site-sidebar-layout":"default","site-content-layout":"","ast-site-content-layout":"default","site-content-style":"default","site-sidebar-style":"default","ast-global-header-display":"","ast-banner-title-visibility":"","ast-main-header-display":"","ast-hfb-above-header-display":"","ast-hfb-below-header-display":"","ast-hfb-mobile-header-display":"","site-post-title":"disabled","ast-breadcrumbs-content":"","ast-featured-img":"","footer-sml-layout":"","ast-disable-related-posts":"","theme-transparent-header-meta":"","adv-header-id-meta":"","stick-header-meta":"","header-above-stick-meta":"","header-main-stick-meta":"","header-below-stick-meta":"","astra-migrate-meta-layouts":"default","ast-page-background-enabled":"default","ast-page-background-meta":{"desktop":{"background-color":"var(--ast-global-color-4)","background-image":"","background-repeat":"repeat","background-position":"center center","background-size":"auto","background-attachment":"scroll","background-type":"","background-media":"","overlay-type":"","overlay-color":"","overlay-opacity":"","overlay-gradient":""},"tablet":{"background-color":"","background-image":"","background-repeat":"repeat","background-position":"center center","background-size":"auto","background-attachment":"scroll","background-type":"","background-media":"","overlay-type":"","overlay-color":"","overlay-opacity":"","overlay-gradient":""},"mobile":{"background-color":"","background-image":"","background-repeat":"repeat","background-position":"center center","background-size":"auto","background-attachment":"scroll","background-type":"","background-media":"","overlay-type":"","overlay-color":"","overlay-opacity":"","overlay-gradient":""}},"ast-content-background-meta":{"desktop":{"background-color":"var(--ast-global-color-5)","background-image":"","background-repeat":"repeat","background-position":"center center","background-size":"auto","background-attachment":"scroll","background-type":"","background-media":"","overlay-type":"","overlay-color":"","overlay-opacity":"","overlay-gradient":""},"tablet":{"background-color":"var(--ast-global-color-5)","background-image":"","background-repeat":"repeat","background-position":"center center","background-size":"auto","background-attachment":"scroll","background-type":"","background-media":"","overlay-type":"","overlay-color":"","overlay-opacity":"","overlay-gradient":""},"mobile":{"background-color":"var(--ast-global-color-5)","background-image":"","background-repeat":"repeat","background-position":"center center","background-size":"auto","background-attachment":"scroll","background-type":"","background-media":"","overlay-type":"","overlay-color":"","overlay-opacity":"","overlay-gradient":""}},"footnotes":""},"class_list":["post-1112","page","type-page","status-publish","hentry"],"yoast_head":"<!-- This site is optimized with the Yoast SEO plugin v27.5 - https:\/\/yoast.com\/product\/yoast-seo-wordpress\/ -->\n<title>Lis\u00e4\u00e4 tuote - EINO-VERKKOKAUPPA<\/title>\n<meta name=\"robots\" content=\"index, follow, max-snippet:-1, max-image-preview:large, max-video-preview:-1\" \/>\n<link rel=\"canonical\" href=\"https:\/\/www.eino.eu\/sv\/lisaa-tuote\/\" \/>\n<meta property=\"og:locale\" content=\"sv_SE\" \/>\n<meta property=\"og:type\" content=\"article\" \/>\n<meta property=\"og:title\" content=\"Lis\u00e4\u00e4 tuote - EINO-VERKKOKAUPPA\" \/>\n<meta property=\"og:description\" content=\"Ohje: Kirjoita lis\u00e4tt\u00e4v\u00e4n tuotteen tiedot:\" \/>\n<meta property=\"og:url\" content=\"https:\/\/www.eino.eu\/sv\/lisaa-tuote\/\" \/>\n<meta property=\"og:site_name\" content=\"EINO-VERKKOKAUPPA\" \/>\n<meta property=\"article:publisher\" content=\"https:\/\/www.facebook.com\/Eino.eu\" \/>\n<meta property=\"article:modified_time\" content=\"2024-04-19T17:33:32+00:00\" \/>\n<meta property=\"og:image\" content=\"https:\/\/www.eino.eu\/wp-content\/uploads\/2024\/04\/3541.jpg\" \/>\n<meta name=\"twitter:card\" content=\"summary_large_image\" \/>\n<script type=\"application\/ld+json\" class=\"yoast-schema-graph\">{\"@context\":\"https:\\\/\\\/schema.org\",\"@graph\":[{\"@type\":\"WebPage\",\"@id\":\"https:\\\/\\\/www.eino.eu\\\/lisaa-tuote\\\/\",\"url\":\"https:\\\/\\\/www.eino.eu\\\/lisaa-tuote\\\/\",\"name\":\"Lis\u00e4\u00e4 tuote - EINO-VERKKOKAUPPA\",\"isPartOf\":{\"@id\":\"https:\\\/\\\/www.eino.eu\\\/#website\"},\"primaryImageOfPage\":{\"@id\":\"https:\\\/\\\/www.eino.eu\\\/lisaa-tuote\\\/#primaryimage\"},\"image\":{\"@id\":\"https:\\\/\\\/www.eino.eu\\\/lisaa-tuote\\\/#primaryimage\"},\"thumbnailUrl\":\"https:\\\/\\\/www.eino.eu\\\/wp-content\\\/uploads\\\/2024\\\/04\\\/3541.jpg\",\"datePublished\":\"2024-04-19T07:28:12+00:00\",\"dateModified\":\"2024-04-19T17:33:32+00:00\",\"breadcrumb\":{\"@id\":\"https:\\\/\\\/www.eino.eu\\\/lisaa-tuote\\\/#breadcrumb\"},\"inLanguage\":\"sv-SE\",\"potentialAction\":[{\"@type\":\"ReadAction\",\"target\":[\"https:\\\/\\\/www.eino.eu\\\/lisaa-tuote\\\/\"]}]},{\"@type\":\"ImageObject\",\"inLanguage\":\"sv-SE\",\"@id\":\"https:\\\/\\\/www.eino.eu\\\/lisaa-tuote\\\/#primaryimage\",\"url\":\"https:\\\/\\\/www.eino.eu\\\/wp-content\\\/uploads\\\/2024\\\/04\\\/3541.jpg\",\"contentUrl\":\"https:\\\/\\\/www.eino.eu\\\/wp-content\\\/uploads\\\/2024\\\/04\\\/3541.jpg\"},{\"@type\":\"BreadcrumbList\",\"@id\":\"https:\\\/\\\/www.eino.eu\\\/lisaa-tuote\\\/#breadcrumb\",\"itemListElement\":[{\"@type\":\"ListItem\",\"position\":1,\"name\":\"Etusivu\",\"item\":\"https:\\\/\\\/www.eino.eu\\\/\"},{\"@type\":\"ListItem\",\"position\":2,\"name\":\"Lis\u00e4\u00e4 tuote\"}]},{\"@type\":\"WebSite\",\"@id\":\"https:\\\/\\\/www.eino.eu\\\/#website\",\"url\":\"https:\\\/\\\/www.eino.eu\\\/\",\"name\":\"EINO-VERKKOKAUPPA\",\"description\":\"Aina laadukkaita tuotteita kilpailukykyisin hinnoin.\",\"publisher\":{\"@id\":\"https:\\\/\\\/www.eino.eu\\\/#organization\"},\"potentialAction\":[{\"@type\":\"SearchAction\",\"target\":{\"@type\":\"EntryPoint\",\"urlTemplate\":\"https:\\\/\\\/www.eino.eu\\\/?s={search_term_string}\"},\"query-input\":{\"@type\":\"PropertyValueSpecification\",\"valueRequired\":true,\"valueName\":\"search_term_string\"}}],\"inLanguage\":\"sv-SE\"},{\"@type\":\"Organization\",\"@id\":\"https:\\\/\\\/www.eino.eu\\\/#organization\",\"name\":\"EINO-VERKKOKAUPPA\",\"url\":\"https:\\\/\\\/www.eino.eu\\\/\",\"logo\":{\"@type\":\"ImageObject\",\"inLanguage\":\"sv-SE\",\"@id\":\"https:\\\/\\\/www.eino.eu\\\/#\\\/schema\\\/logo\\\/image\\\/\",\"url\":\"https:\\\/\\\/www.eino.eu\\\/wp-content\\\/uploads\\\/2019\\\/02\\\/cropped-eino300-4.png\",\"contentUrl\":\"https:\\\/\\\/www.eino.eu\\\/wp-content\\\/uploads\\\/2019\\\/02\\\/cropped-eino300-4.png\",\"width\":300,\"height\":300,\"caption\":\"EINO-VERKKOKAUPPA\"},\"image\":{\"@id\":\"https:\\\/\\\/www.eino.eu\\\/#\\\/schema\\\/logo\\\/image\\\/\"},\"sameAs\":[\"https:\\\/\\\/www.facebook.com\\\/Eino.eu\",\"https:\\\/\\\/www.instagram.com\\\/original_eino\\\/\"]}]}<\/script>\n<!-- \/ Yoast SEO plugin. -->","yoast_head_json":{"title":"Lis\u00e4\u00e4 tuote - EINO-VERKKOKAUPPA","robots":{"index":"index","follow":"follow","max-snippet":"max-snippet:-1","max-image-preview":"max-image-preview:large","max-video-preview":"max-video-preview:-1"},"canonical":"https:\/\/www.eino.eu\/sv\/lisaa-tuote\/","og_locale":"sv_SE","og_type":"article","og_title":"Lis\u00e4\u00e4 tuote - EINO-VERKKOKAUPPA","og_description":"Ohje: Kirjoita lis\u00e4tt\u00e4v\u00e4n tuotteen tiedot:","og_url":"https:\/\/www.eino.eu\/sv\/lisaa-tuote\/","og_site_name":"EINO-VERKKOKAUPPA","article_publisher":"https:\/\/www.facebook.com\/Eino.eu","article_modified_time":"2024-04-19T17:33:32+00:00","og_image":[{"url":"https:\/\/www.eino.eu\/wp-content\/uploads\/2024\/04\/3541.jpg","type":"","width":"","height":""}],"twitter_card":"summary_large_image","schema":{"@context":"https:\/\/schema.org","@graph":[{"@type":"WebPage","@id":"https:\/\/www.eino.eu\/lisaa-tuote\/","url":"https:\/\/www.eino.eu\/lisaa-tuote\/","name":"Lis\u00e4\u00e4 tuote - EINO-VERKKOKAUPPA","isPartOf":{"@id":"https:\/\/www.eino.eu\/#website"},"primaryImageOfPage":{"@id":"https:\/\/www.eino.eu\/lisaa-tuote\/#primaryimage"},"image":{"@id":"https:\/\/www.eino.eu\/lisaa-tuote\/#primaryimage"},"thumbnailUrl":"https:\/\/www.eino.eu\/wp-content\/uploads\/2024\/04\/3541.jpg","datePublished":"2024-04-19T07:28:12+00:00","dateModified":"2024-04-19T17:33:32+00:00","breadcrumb":{"@id":"https:\/\/www.eino.eu\/lisaa-tuote\/#breadcrumb"},"inLanguage":"sv-SE","potentialAction":[{"@type":"ReadAction","target":["https:\/\/www.eino.eu\/lisaa-tuote\/"]}]},{"@type":"ImageObject","inLanguage":"sv-SE","@id":"https:\/\/www.eino.eu\/lisaa-tuote\/#primaryimage","url":"https:\/\/www.eino.eu\/wp-content\/uploads\/2024\/04\/3541.jpg","contentUrl":"https:\/\/www.eino.eu\/wp-content\/uploads\/2024\/04\/3541.jpg"},{"@type":"BreadcrumbList","@id":"https:\/\/www.eino.eu\/lisaa-tuote\/#breadcrumb","itemListElement":[{"@type":"ListItem","position":1,"name":"Etusivu","item":"https:\/\/www.eino.eu\/"},{"@type":"ListItem","position":2,"name":"Lis\u00e4\u00e4 tuote"}]},{"@type":"WebSite","@id":"https:\/\/www.eino.eu\/#website","url":"https:\/\/www.eino.eu\/","name":"EINO-VERKKOKAUPPA","description":"Aina laadukkaita tuotteita kilpailukykyisin hinnoin.","publisher":{"@id":"https:\/\/www.eino.eu\/#organization"},"potentialAction":[{"@type":"SearchAction","target":{"@type":"EntryPoint","urlTemplate":"https:\/\/www.eino.eu\/?s={search_term_string}"},"query-input":{"@type":"PropertyValueSpecification","valueRequired":true,"valueName":"search_term_string"}}],"inLanguage":"sv-SE"},{"@type":"Organization","@id":"https:\/\/www.eino.eu\/#organization","name":"EINO-VERKKOKAUPPA","url":"https:\/\/www.eino.eu\/","logo":{"@type":"ImageObject","inLanguage":"sv-SE","@id":"https:\/\/www.eino.eu\/#\/schema\/logo\/image\/","url":"https:\/\/www.eino.eu\/wp-content\/uploads\/2019\/02\/cropped-eino300-4.png","contentUrl":"https:\/\/www.eino.eu\/wp-content\/uploads\/2019\/02\/cropped-eino300-4.png","width":300,"height":300,"caption":"EINO-VERKKOKAUPPA"},"image":{"@id":"https:\/\/www.eino.eu\/#\/schema\/logo\/image\/"},"sameAs":["https:\/\/www.facebook.com\/Eino.eu","https:\/\/www.instagram.com\/original_eino\/"]}]}},"uagb_featured_image_src":{"full":false,"thumbnail":false,"medium":false,"medium_large":false,"large":false,"1536x1536":false,"2048x2048":false,"trp-custom-language-flag":false,"woocommerce_thumbnail":false,"woocommerce_single":false,"woocommerce_gallery_thumbnail":false},"uagb_author_info":{"display_name":"mediaadmin","author_link":"https:\/\/www.eino.eu\/sv\/author\/mediaadmin\/"},"uagb_comment_info":0,"uagb_excerpt":"Ohje: Kirjoita lis\u00e4tt\u00e4v\u00e4n tuotteen tiedot:","coauthors":[],"author_meta":{"author_link":"https:\/\/www.eino.eu\/sv\/author\/mediaadmin\/","display_name":"mediaadmin"},"relative_dates":{"created":"Publicerad 2 \u00e5r sedan","modified":"Uppdaterad 2 \u00e5r sedan"},"absolute_dates":{"created":"Publicerat den 19.4.2024","modified":"Uppdaterad den 19.4.2024"},"absolute_dates_time":{"created":"Publicerat den 19.4.2024 10:28","modified":"Uppdaterad den 19.4.2024 20:33"},"featured_img_caption":"","featured_img":false,"series_order":"","jetpack_sharing_enabled":true,"_links":{"self":[{"href":"https:\/\/www.eino.eu\/sv\/wp-json\/wp\/v2\/pages\/1112","targetHints":{"allow":["GET"]}}],"collection":[{"href":"https:\/\/www.eino.eu\/sv\/wp-json\/wp\/v2\/pages"}],"about":[{"href":"https:\/\/www.eino.eu\/sv\/wp-json\/wp\/v2\/types\/page"}],"author":[{"embeddable":true,"href":"https:\/\/www.eino.eu\/sv\/wp-json\/wp\/v2\/users\/1"}],"replies":[{"embeddable":true,"href":"https:\/\/www.eino.eu\/sv\/wp-json\/wp\/v2\/comments?post=1112"}],"version-history":[{"count":7,"href":"https:\/\/www.eino.eu\/sv\/wp-json\/wp\/v2\/pages\/1112\/revisions"}],"predecessor-version":[{"id":1153,"href":"https:\/\/www.eino.eu\/sv\/wp-json\/wp\/v2\/pages\/1112\/revisions\/1153"}],"wp:attachment":[{"href":"https:\/\/www.eino.eu\/sv\/wp-json\/wp\/v2\/media?parent=1112"}],"curies":[{"name":"wp","href":"https:\/\/api.w.org\/{rel}","templated":true}]}}